{"id":27161,"date":"2018-10-22T13:45:37","date_gmt":"2018-10-22T13:45:37","guid":{"rendered":"https:\/\/www.filex.nl\/over-ons\/"},"modified":"2025-06-10T09:19:25","modified_gmt":"2025-06-10T09:19:25","slug":"ueber-uns","status":"publish","type":"page","link":"https:\/\/www.filex.nl\/de\/ueber-uns\/","title":{"rendered":"\u00dcber uns"},"content":{"rendered":"<p>[vc_row css=&#8221;.vc_custom_1643207106080{margin-bottom: 50px !important;}&#8221;][vc_column][vc_custom_heading text=&#8221;Wir sind Fellowes&#8221; use_theme_fonts=&#8221;yes&#8221;][vc_column_text]Seit 2023 ist Filex Workspace Solutions Teil von Fellowes, einem internationalen Familienunternehmen mit mehr als 100 Jahren Erfahrung in der Entwicklung innovativer Arbeitsplatzl\u00f6sungen. Durch diese \u00dcbernahme st\u00e4rken wir unsere Position als Spezialist f\u00fcr Ergonomie und Design.<\/p>\n<p>Die \u00dcbernahme von Filex Workspace Solutions in den Niederlanden unterstreicht die Wachstumsstrategie von Fellowes und unser Engagement, ein komplettes Sortiment an L\u00f6sungen f\u00fcr den idealen Arbeitsplatz anzubieten. Zum ersten Mal pr\u00e4sentiert Fellowes ein vollst\u00e4ndig integriertes Angebot an preisgekr\u00f6nten Monitorarmen, Elektrifizierungsl\u00f6sungen und Kabelmanagementsystemen. Mit diesem einzigartigen Angebot wollen wir einen neuen Standard f\u00fcr die Einrichtung des perfekten Arbeitsplatzes setzen.<\/p>\n<p>Unsere Produkte vereinen Funktionalit\u00e4t und \u00c4sthetik auf h\u00f6chstem Niveau und tragen zur Neugestaltung von Arbeitspl\u00e4tzen weltweit bei. Wir sind bereit, unsere Erkenntnisse zu teilen und L\u00f6sungen anzubieten, die auf die Bed\u00fcrfnisse der modernen Arbeitswelt zugeschnitten sind.[\/vc_column_text][\/vc_column][\/vc_row]<\/p>\n","protected":false},"excerpt":{"rendered":"<p>[vc_row css=&#8221;.vc_custom_1643207106080{margin-bottom: 50px !important;}&#8221;][vc_column][vc_custom_heading text=&#8221;Wir sind Fellowes&#8221; use_theme_fonts=&#8221;yes&#8221;][vc_column_text]Seit 2023 ist Filex Workspace Solutions Teil von [&hellip;]<\/p>\n","protected":false},"author":1,"featured_media":61008,"parent":0,"menu_order":0,"comment_status":"closed","ping_status":"closed","template":"","meta":{"_acf_changed":false,"footnotes":""},"class_list":["post-27161","page","type-page","status-publish","has-post-thumbnail","hentry"],"acf":[],"_links":{"self":[{"href":"https:\/\/www.filex.nl\/de\/wp-json\/wp\/v2\/pages\/27161","targetHints":{"allow":["GET"]}}],"collection":[{"href":"https:\/\/www.filex.nl\/de\/wp-json\/wp\/v2\/pages"}],"about":[{"href":"https:\/\/www.filex.nl\/de\/wp-json\/wp\/v2\/types\/page"}],"author":[{"embeddable":true,"href":"https:\/\/www.filex.nl\/de\/wp-json\/wp\/v2\/users\/1"}],"replies":[{"embeddable":true,"href":"https:\/\/www.filex.nl\/de\/wp-json\/wp\/v2\/comments?post=27161"}],"version-history":[{"count":7,"href":"https:\/\/www.filex.nl\/de\/wp-json\/wp\/v2\/pages\/27161\/revisions"}],"predecessor-version":[{"id":58670,"href":"https:\/\/www.filex.nl\/de\/wp-json\/wp\/v2\/pages\/27161\/revisions\/58670"}],"wp:featuredmedia":[{"embeddable":true,"href":"https:\/\/www.filex.nl\/de\/wp-json\/wp\/v2\/media\/61008"}],"wp:attachment":[{"href":"https:\/\/www.filex.nl\/de\/wp-json\/wp\/v2\/media?parent=27161"}],"curies":[{"name":"wp","href":"https:\/\/api.w.org\/{rel}","templated":true}]}}