{"id":27171,"date":"2018-10-22T13:50:05","date_gmt":"2018-10-22T13:50:05","guid":{"rendered":"https:\/\/www.filex.nl\/support\/"},"modified":"2025-01-24T21:08:46","modified_gmt":"2025-01-24T21:08:46","slug":"kundendienst","status":"publish","type":"page","link":"https:\/\/www.filex.nl\/de\/kundendienst\/","title":{"rendered":"Kundendienst"},"content":{"rendered":"<p>[vc_row css=&#8221;.vc_custom_1556018461316{margin-top: -50px !important;padding-top: 0px !important;padding-bottom: 150px !important;}&#8221;][vc_column]<div class=\"feature-sections-wrapper kd-fsp-69defad4579b7 \">\r\n            <section class=\"feature-sections-tabs  \">\r\n              <nav class=\"kd-feature-tabs\">\r\n                <ul class=\"nav nav-tabs sticky-tabs container\">\r\n                <\/ul>\r\n              <\/nav>\r\n            <\/section>\r\n            <section id=\"kd-fss-69defad457a73\" class=\"featured-right \"><li class=\"nav-label\"><a class=\"feature-tabs-scroll\" href=\"#kd-fss-69defad457a73\">Verwendung von pCon<\/a><\/li><div class=\"container\">\r\n                <div class=\"side-content-wrapper \" ><i class=\" section-icon\" style=\" \"><\/i> <h2 class=\"side-content-title\" >Verwendung von pCon<\/h2><h6 class=\"side-content-subtitle\" >p.Con ist die Erg\u00e4nzung f\u00fcr Sie als Projektgestalter, B\u00fcrogestalter, Handelsvertreter, Architekt oder was auch immer!<\/h6><div class=\"side-content-text\" ><p>Mit diesen einfachen Tools k\u00f6nnen Sie im Handumdrehen Angebote und sch\u00f6ne Zeichnungen unserer Produkte erstellen.<\/p>\n<\/div><div class=\"side-content-link sc-primary-btn\"><a href=\"https:\/\/www.filex.nl\/de\/kundendienst\/verwendung-von-pcon\/\" target=\"_self\" title=\"Mehr \u00fcber pCon\" class=\"tt_button tt_primary_button btn_primary_color button-action-link\">Mehr \u00fcber pCon<\/a><\/div><\/div><div class=\"side-featured-wrapper fss-rectangle kd-animated fadeInRight\" data-animation-delay=\"200\">\r\n      <div class=\"featured-image\"><a href=\"https:\/\/www.filex.nl\/oplossingen\/office\/\" target=\"\"><img loading=\"lazy\" decoding=\"async\" width=\"1310\" height=\"626\" src=\"https:\/\/www.filex.nl\/wp-content\/uploads\/2022\/01\/pCon-Filex-toepassing-mogelijkheden.jpg\" class=\"attachment-full\" alt=\"\" srcset=\"https:\/\/www.filex.nl\/wp-content\/uploads\/2022\/01\/pCon-Filex-toepassing-mogelijkheden.jpg 1310w, https:\/\/www.filex.nl\/wp-content\/uploads\/2022\/01\/pCon-Filex-toepassing-mogelijkheden-800x382.jpg 800w, https:\/\/www.filex.nl\/wp-content\/uploads\/2022\/01\/pCon-Filex-toepassing-mogelijkheden-64x31.jpg 64w, https:\/\/www.filex.nl\/wp-content\/uploads\/2022\/01\/pCon-Filex-toepassing-mogelijkheden-300x143.jpg 300w, https:\/\/www.filex.nl\/wp-content\/uploads\/2022\/01\/pCon-Filex-toepassing-mogelijkheden-1024x489.jpg 1024w, https:\/\/www.filex.nl\/wp-content\/uploads\/2022\/01\/pCon-Filex-toepassing-mogelijkheden-768x367.jpg 768w\" sizes=\"auto, (max-width: 1310px) 100vw, 1310px\" \/><\/a><\/div>\r\n    <\/div><\/div>\r\n            <\/section><section id=\"kd-fss-69defad458258\" class=\"featured-left \"><li class=\"nav-label\"><a class=\"feature-tabs-scroll\" href=\"#kd-fss-69defad458258\">Service und Reparatur<\/a><\/li><div class=\"container\">\r\n                <div class=\"side-content-wrapper \" ><i class=\" section-icon\" style=\" \"><\/i> <h2 class=\"side-content-title\" >Service und Reparatur<\/h2><h6 class=\"side-content-subtitle\" >Haben Sie ein Produkt, eine Lieferung oder R\u00fccksendung?<\/h6><div class=\"side-content-text\" ><p>Es kann immer sein, dass etwas nicht so funktioniert, wie geplant. Wir helfen Ihnen gerne weiter!<\/p>\n<\/div><div class=\"side-content-link sc-primary-btn\"><a href=\"https:\/\/www.filex.nl\/de\/kundendienst\/service-reparatur\/\" target=\"_self\" title=\"Mehr \u00fcber Service und Reparatur\" class=\"tt_button tt_primary_button btn_primary_color button-action-link\">Mehr \u00fcber Service und Reparatur<\/a><\/div><\/div><div class=\"side-featured-wrapper fss-rectangle kd-animated fadeInLeft fss-shadow-image\" data-animation-delay=\"200\">\r\n      <div class=\"featured-image\"><a href=\"https:\/\/www.filex.nl\/oplossingen\/thuiswerken\/\" target=\"\"><img loading=\"lazy\" decoding=\"async\" width=\"1600\" height=\"1067\" src=\"https:\/\/www.filex.nl\/wp-content\/uploads\/2022\/01\/filex_support_service.jpg\" class=\"attachment-full\" alt=\"\" srcset=\"https:\/\/www.filex.nl\/wp-content\/uploads\/2022\/01\/filex_support_service.jpg 1600w, https:\/\/www.filex.nl\/wp-content\/uploads\/2022\/01\/filex_support_service-800x534.jpg 800w, https:\/\/www.filex.nl\/wp-content\/uploads\/2022\/01\/filex_support_service-64x43.jpg 64w, https:\/\/www.filex.nl\/wp-content\/uploads\/2022\/01\/filex_support_service-300x200.jpg 300w, https:\/\/www.filex.nl\/wp-content\/uploads\/2022\/01\/filex_support_service-1024x683.jpg 1024w, https:\/\/www.filex.nl\/wp-content\/uploads\/2022\/01\/filex_support_service-768x512.jpg 768w, https:\/\/www.filex.nl\/wp-content\/uploads\/2022\/01\/filex_support_service-1536x1024.jpg 1536w\" sizes=\"auto, (max-width: 1600px) 100vw, 1600px\" \/><\/a><\/div>\r\n    <\/div><\/div>\r\n            <\/section><section id=\"kd-fss-69defad458906\" class=\"featured-right \"><li class=\"nav-label\"><a class=\"feature-tabs-scroll\" href=\"#kd-fss-69defad458906\">Angebot anfordern<\/a><\/li><div class=\"container\">\r\n                <div class=\"side-content-wrapper \" ><h2 class=\"side-content-title\" >Angebot anfordern<\/h2><h6 class=\"side-content-subtitle\" >M\u00f6chten Sie gerne ein ma\u00dfgeschneidertes Angebot erhalten?<\/h6><div class=\"side-content-text\" ><p>Wir helfen Ihnen gerne dabei, die richtigen ergonomischen Entscheidungen zu treffen, und beraten Sie bei unseren Angeboten auch gerne, welche M\u00f6glichkeiten es gibt.<\/p>\n<\/div><div class=\"side-content-link sc-primary-btn\"><a href=\"https:\/\/www.filex.nl\/de\/kundendienst\/angebot-anfordern\/\" target=\"_self\" title=\"Angebot anfordern\" class=\"tt_button tt_primary_button btn_primary_color button-action-link\">Angebot anfordern<\/a><\/div><\/div><div class=\"side-featured-wrapper fss-rectangle kd-animated fadeInRight fss-shadow-image\" data-animation-delay=\"200\">\r\n      <div class=\"featured-image\"><a data-size=\"1024x877\" href=https:\/\/www.filex.nl\/wp-content\/uploads\/2025\/01\/offerte_aanvragen-1024x877.jpg><img loading=\"lazy\" decoding=\"async\" width=\"1600\" height=\"1370\" src=\"https:\/\/www.filex.nl\/wp-content\/uploads\/2025\/01\/offerte_aanvragen.jpg\" class=\"attachment-full\" alt=\"\" srcset=\"https:\/\/www.filex.nl\/wp-content\/uploads\/2025\/01\/offerte_aanvragen.jpg 1600w, https:\/\/www.filex.nl\/wp-content\/uploads\/2025\/01\/offerte_aanvragen-300x257.jpg 300w, https:\/\/www.filex.nl\/wp-content\/uploads\/2025\/01\/offerte_aanvragen-1024x877.jpg 1024w, https:\/\/www.filex.nl\/wp-content\/uploads\/2025\/01\/offerte_aanvragen-768x658.jpg 768w, https:\/\/www.filex.nl\/wp-content\/uploads\/2025\/01\/offerte_aanvragen-1536x1315.jpg 1536w, https:\/\/www.filex.nl\/wp-content\/uploads\/2025\/01\/offerte_aanvragen-800x685.jpg 800w, https:\/\/www.filex.nl\/wp-content\/uploads\/2025\/01\/offerte_aanvragen-64x55.jpg 64w\" sizes=\"auto, (max-width: 1600px) 100vw, 1600px\" \/><\/a><\/div>\r\n    <\/div><\/div>\r\n            <\/section><section id=\"kd-fss-69defad458e5a\" class=\"featured-left \"><li class=\"nav-label\"><a class=\"feature-tabs-scroll\" href=\"#kd-fss-69defad458e5a\">Downloads<\/a><\/li><div class=\"container\">\r\n                <div class=\"side-content-wrapper \" ><h2 class=\"side-content-title\" >Downloads<\/h2><h6 class=\"side-content-subtitle\" >Unsere Filex-Bibliothek f\u00fcr alle n\u00f6tigen Informationen!<\/h6><div class=\"side-content-text\" ><p>Hier k\u00f6nnen Sie alle Brosch\u00fcren, technischen Zeichnungen, Handb\u00fccher und andere Unterlagen herunterladen.<\/p>\n<\/div><div class=\"side-content-link sc-primary-btn\"><a href=\"https:\/\/www.filex.nl\/de\/kundendienst\/downloads\/\" target=\"_self\" title=\"Downloads\" class=\"tt_button tt_primary_button btn_primary_color button-action-link\">Downloads<\/a><\/div><\/div><div class=\"side-featured-wrapper fss-rectangle kd-animated fadeInLeft fss-shadow-image\" data-animation-delay=\"200\">\r\n      <div class=\"featured-image\"><a href=\"https:\/\/www.filex.nl\/oplossingen\/tuv-certificering\/\" target=\"\"><img loading=\"lazy\" decoding=\"async\" width=\"1600\" height=\"1067\" src=\"https:\/\/www.filex.nl\/wp-content\/uploads\/2025\/01\/healthy_workplaces_arbowet.jpg\" class=\"attachment-full\" alt=\"\" srcset=\"https:\/\/www.filex.nl\/wp-content\/uploads\/2025\/01\/healthy_workplaces_arbowet.jpg 1600w, https:\/\/www.filex.nl\/wp-content\/uploads\/2025\/01\/healthy_workplaces_arbowet-300x200.jpg 300w, https:\/\/www.filex.nl\/wp-content\/uploads\/2025\/01\/healthy_workplaces_arbowet-1024x683.jpg 1024w, https:\/\/www.filex.nl\/wp-content\/uploads\/2025\/01\/healthy_workplaces_arbowet-768x512.jpg 768w, https:\/\/www.filex.nl\/wp-content\/uploads\/2025\/01\/healthy_workplaces_arbowet-1536x1024.jpg 1536w, https:\/\/www.filex.nl\/wp-content\/uploads\/2025\/01\/healthy_workplaces_arbowet-800x534.jpg 800w, https:\/\/www.filex.nl\/wp-content\/uploads\/2025\/01\/healthy_workplaces_arbowet-64x43.jpg 64w\" sizes=\"auto, (max-width: 1600px) 100vw, 1600px\" \/><\/a><\/div>\r\n    <\/div><\/div>\r\n            <\/section>\r\n            <\/div><style type=\"text\/css\"><\/style>[\/vc_column][\/vc_row][vc_row full_width=&#8221;stretch_row&#8221; parallax=&#8221;content-moving&#8221; parallax_speed_bg=&#8221;1.4&#8243; kd_image_overlay_color=&#8221;rgba(0,0,0,0.5)&#8221; kd_image_overlay=&#8221;true&#8221; css=&#8221;.vc_custom_1624011385614{background: #1a1a1a url(https:\/\/www.filex.nl\/wp-content\/uploads\/2021\/06\/oplossingen-banner-scaled.jpg?id=7771);}&#8221;][vc_column css=&#8221;.vc_custom_1516095225433{padding-right: 0px !important;padding-left: 0px !important;}&#8221;][vc_row_inner css=&#8221;.vc_custom_1555673013129{padding-top: 150px !important;padding-bottom: 123px !important;}&#8221;][vc_column_inner width=&#8221;1\/12&#8243; css=&#8221;.vc_custom_1515166784808{padding-top: 50px !important;}&#8221;][\/vc_column_inner][vc_column_inner width=&#8221;4\/12&#8243;]<header class=\"kd-section-title col-lg-12 text-left     vc_custom_1665413165290\" ><h2 class=\"separator_off\" style=\"color: #ffffff;\">Wollen Sie \u00fcber die aktuellsten Neuigkeiten auf dem Laufenden bleiben?<\/h2><h6 class=\"subtitle \" style=\"color: #eeeeee;\">Mit unserem Newsletter bleiben Sie bez\u00fcglich neuester Entwicklungen und Produktinnovationen im Bereich der ergonomischen (Arbeitsplatz)L\u00f6sungen auf dem Laufenden.<\/h6><\/header>[\/vc_column_inner][vc_column_inner width=&#8221;1\/12&#8243;][\/vc_column_inner][vc_column_inner width=&#8221;5\/12&#8243;][vc_custom_heading text=&#8221;Melden Sie sich jetzt f\u00fcr unseren Newsletter an&#8221; font_container=&#8221;tag:h4|text_align:left|color:%23ffffff&#8221; use_theme_fonts=&#8221;yes&#8221; css_animation=&#8221;none&#8221; css=&#8221;.vc_custom_1665413181070{margin-bottom: 30px !important;}&#8221;]<div class=\"kd-contact-form full-width-cf white-input-bg\" >\n<div class=\"wpcf7 no-js\" id=\"wpcf7-f31960-o1\" lang=\"de-DE\" dir=\"ltr\" data-wpcf7-id=\"31960\">\n<div class=\"screen-reader-response\"><p role=\"status\" aria-live=\"polite\" aria-atomic=\"true\"><\/p> <ul><\/ul><\/div>\n<form action=\"\/de\/wp-json\/wp\/v2\/pages\/27171#wpcf7-f31960-o1\" method=\"post\" class=\"wpcf7-form init\" aria-label=\"Kontaktformular\" novalidate=\"novalidate\" data-status=\"init\">\n<div style=\"display: none;\">\n<input type=\"hidden\" name=\"_wpcf7\" value=\"31960\" \/>\n<input type=\"hidden\" name=\"_wpcf7_version\" value=\"6.0.6\" \/>\n<input type=\"hidden\" name=\"_wpcf7_locale\" value=\"de_DE\" \/>\n<input type=\"hidden\" name=\"_wpcf7_unit_tag\" value=\"wpcf7-f31960-o1\" \/>\n<input type=\"hidden\" name=\"_wpcf7_container_post\" value=\"0\" \/>\n<input type=\"hidden\" name=\"_wpcf7_posted_data_hash\" value=\"\" \/>\n<input type=\"hidden\" name=\"_wpcf7_recaptcha_response\" value=\"\" \/>\n<\/div>\n<p><span class=\"wpcf7-form-control-wrap\" data-name=\"your-name\"><input size=\"40\" maxlength=\"400\" class=\"wpcf7-form-control wpcf7-text wpcf7-validates-as-required\" aria-required=\"true\" aria-invalid=\"false\" placeholder=\"Ihre Name\" value=\"\" type=\"text\" name=\"your-name\" \/><\/span><br \/>\n<span class=\"wpcf7-form-control-wrap\" data-name=\"your-phone\"><input size=\"40\" maxlength=\"400\" class=\"wpcf7-form-control wpcf7-tel wpcf7-text wpcf7-validates-as-tel\" aria-invalid=\"false\" placeholder=\"Ihre Telefonnummer\" value=\"\" type=\"tel\" name=\"your-phone\" \/><\/span><br \/>\n<span class=\"wpcf7-form-control-wrap\" data-name=\"your-email\"><input size=\"40\" maxlength=\"400\" class=\"wpcf7-form-control wpcf7-email wpcf7-validates-as-required wpcf7-text wpcf7-validates-as-email\" aria-required=\"true\" aria-invalid=\"false\" placeholder=\"Ihre E-Mail-Adresse\" value=\"\" type=\"email\" name=\"your-email\" \/><\/span><br \/>\n<input class=\"wpcf7-form-control wpcf7-submit has-spinner\" type=\"submit\" value=\"Daten senden\" \/>\n<\/p><div class=\"wpcf7-response-output\" aria-hidden=\"true\"><\/div>\n<\/form>\n<\/div>\n<\/div>[\/vc_column_inner][vc_column_inner width=&#8221;1\/12&#8243;][\/vc_column_inner][\/vc_row_inner][\/vc_column][\/vc_row]<\/p>\n","protected":false},"excerpt":{"rendered":"<p>[vc_row css=&#8221;.vc_custom_1556018461316{margin-top: -50px !important;padding-top: 0px !important;padding-bottom: 150px !important;}&#8221;][vc_column][\/vc_column][\/vc_row][vc_row full_width=&#8221;stretch_row&#8221; parallax=&#8221;content-moving&#8221; parallax_speed_bg=&#8221;1.4&#8243; kd_image_overlay_color=&#8221;rgba(0,0,0,0.5)&#8221; kd_image_overlay=&#8221;true&#8221; css=&#8221;.vc_custom_1624011385614{background: #1a1a1a [&hellip;]<\/p>\n","protected":false},"author":1,"featured_media":16729,"parent":0,"menu_order":0,"comment_status":"closed","ping_status":"closed","template":"","meta":{"_acf_changed":false,"footnotes":""},"class_list":["post-27171","page","type-page","status-publish","has-post-thumbnail","hentry"],"acf":[],"_links":{"self":[{"href":"https:\/\/www.filex.nl\/de\/wp-json\/wp\/v2\/pages\/27171","targetHints":{"allow":["GET"]}}],"collection":[{"href":"https:\/\/www.filex.nl\/de\/wp-json\/wp\/v2\/pages"}],"about":[{"href":"https:\/\/www.filex.nl\/de\/wp-json\/wp\/v2\/types\/page"}],"author":[{"embeddable":true,"href":"https:\/\/www.filex.nl\/de\/wp-json\/wp\/v2\/users\/1"}],"replies":[{"embeddable":true,"href":"https:\/\/www.filex.nl\/de\/wp-json\/wp\/v2\/comments?post=27171"}],"version-history":[{"count":18,"href":"https:\/\/www.filex.nl\/de\/wp-json\/wp\/v2\/pages\/27171\/revisions"}],"predecessor-version":[{"id":49163,"href":"https:\/\/www.filex.nl\/de\/wp-json\/wp\/v2\/pages\/27171\/revisions\/49163"}],"wp:featuredmedia":[{"embeddable":true,"href":"https:\/\/www.filex.nl\/de\/wp-json\/wp\/v2\/media\/16729"}],"wp:attachment":[{"href":"https:\/\/www.filex.nl\/de\/wp-json\/wp\/v2\/media?parent=27171"}],"curies":[{"name":"wp","href":"https:\/\/api.w.org\/{rel}","templated":true}]}}