{"id":27178,"date":"2021-11-15T08:55:04","date_gmt":"2021-11-15T08:55:04","guid":{"rendered":"https:\/\/www.filex.nl\/ergonomie\/ergonomic-consulting\/"},"modified":"2022-10-13T20:40:12","modified_gmt":"2022-10-13T20:40:12","slug":"ergonomieberatung","status":"publish","type":"page","link":"https:\/\/www.filex.nl\/de\/ergonomie\/ergonomieberatung\/","title":{"rendered":"Ergonomieberatung"},"content":{"rendered":"<p>[vc_row full_width=&#8221;stretch_row&#8221; parallax=&#8221;content-moving&#8221;][vc_column][vc_custom_heading text=&#8221;Filex Ergonomieberatung &#8211; Vorf\u00fchrungen &#8211; Schulungen&#8221; use_theme_fonts=&#8221;yes&#8221;][\/vc_column][\/vc_row][vc_row css=&#8221;.vc_custom_1644176343692{padding-top: 25px !important;}&#8221;][vc_column width=&#8221;1\/6&#8243; offset=&#8221;vc_hidden-xs&#8221;]<div class=\"key-icon-box icon-default icon-top cont-center ib-no-effect\" style=\"background-color: transparent;\" ><div class=\"tt-iconbox-customimg img_medium_size\"><img decoding=\"async\" src=\"https:\/\/www.filex.nl\/wp-content\/uploads\/2022\/01\/ergonomic-consulting-contact.svg\" class=\"attachment-full\" alt=\"\" \/><\/div><h5 class=\"service-heading\" >Kontakt<\/h5><\/div>[\/vc_column][vc_column width=&#8221;1\/6&#8243; offset=&#8221;vc_hidden-xs&#8221;]<div class=\"key-icon-box icon-default icon-top cont-center ib-no-effect\" style=\"background-color: transparent;\" ><div class=\"tt-iconbox-customimg img_medium_size\"><img decoding=\"async\" src=\"https:\/\/www.filex.nl\/wp-content\/uploads\/2022\/01\/ergonomic-consulting-evaluatie.svg\" class=\"attachment-full\" alt=\"\" \/><\/div><h5 class=\"service-heading\" >Evaluieren<\/h5><\/div>[\/vc_column][vc_column width=&#8221;1\/6&#8243; offset=&#8221;vc_hidden-xs&#8221;]<div class=\"key-icon-box icon-default icon-top cont-center ib-no-effect\" style=\"background-color: transparent;\" ><div class=\"tt-iconbox-customimg img_medium_size\"><img decoding=\"async\" src=\"https:\/\/www.filex.nl\/wp-content\/uploads\/2022\/01\/ergonomic-consulting-plannen.svg\" class=\"attachment-full\" alt=\"\" \/><\/div><h5 class=\"service-heading\" >Planen<\/h5><\/div>[\/vc_column][vc_column width=&#8221;1\/6&#8243; offset=&#8221;vc_hidden-xs&#8221;]<div class=\"key-icon-box icon-default icon-top cont-center ib-no-effect\" style=\"background-color: transparent;\" ><div class=\"tt-iconbox-customimg img_medium_size\"><img decoding=\"async\" src=\"https:\/\/www.filex.nl\/wp-content\/uploads\/2022\/01\/ergonomic-consulting-implementeren.svg\" class=\"attachment-full\" alt=\"\" \/><\/div><h5 class=\"service-heading\" >Umsetzen<\/h5><\/div>[\/vc_column][vc_column width=&#8221;1\/6&#8243; offset=&#8221;vc_hidden-xs&#8221;]<div class=\"key-icon-box icon-default icon-top cont-center ib-no-effect\" style=\"background-color: transparent;\" ><div class=\"tt-iconbox-customimg img_medium_size\"><img decoding=\"async\" src=\"https:\/\/www.filex.nl\/wp-content\/uploads\/2022\/01\/ergonomic-consulting-configurator.svg\" class=\"attachment-full\" alt=\"\" \/><\/div><h5 class=\"service-heading\" >Individuell zugeschnitten<\/h5><\/div>[\/vc_column][vc_column width=&#8221;1\/6&#8243; offset=&#8221;vc_hidden-xs&#8221;]<div class=\"key-icon-box icon-default icon-top cont-center ib-no-effect\" style=\"background-color: transparent;\" ><div class=\"tt-iconbox-customimg img_medium_size\"><img decoding=\"async\" src=\"https:\/\/www.filex.nl\/wp-content\/uploads\/2022\/01\/ergonomic-consulting-support.svg\" class=\"attachment-full\" alt=\"\" \/><\/div><h5 class=\"service-heading\" >Kundendienst<\/h5><\/div>[\/vc_column][\/vc_row][vc_row full_width=&#8221;stretch_row&#8221; parallax=&#8221;content-moving&#8221; css=&#8221;.vc_custom_1644176349546{padding-top: 25px !important;padding-bottom: 45px !important;}&#8221;][vc_column][vc_row_inner][vc_column_inner css=&#8221;.vc_custom_1624015601177{padding-right: 50px !important;padding-left: 0px !important;}&#8221;][vc_column_text]Wollen Sie das Wohlbefinden Ihrer Angestellten durch Ergonomie verbessern? Filex hilft Ihnen dabei. Mit mehr als 35 Jahren Erfahrung und Kooperationen mit unseren Partnern aus beispielsweise der M\u00f6belbranche reichen wir Ihnen gerne die Hand und lassen Sie an unserem Wissen teilhaben. Gleichzeitig produzieren wir in Eigenregie, wodurch wir einen ma\u00dfgeschneiderten Plan f\u00fcr Sie erstellen k\u00f6nnen, der perfekt zu Ihren W\u00fcnschen passt. M\u00f6chten Sie gerne eine Vorf\u00fchrung vor Ort haben oder Ihren Mitarbeitern alles bez\u00fcglich unserer Filex-Produkte beibringen? Kontaktieren Sie uns einfach.[\/vc_column_text][\/vc_column_inner][\/vc_row_inner][vc_row_inner css=&#8221;.vc_custom_1637861272066{padding-top: 30px !important;}&#8221;][vc_column_inner width=&#8221;1\/2&#8243; css=&#8221;.vc_custom_1637861354636{padding-left: 0px !important;}&#8221;]<div class=\"kd-contact-form full-width-cf white-input-bg\" >\n<div class=\"wpcf7 no-js\" id=\"wpcf7-f32213-o1\" lang=\"de-DE\" dir=\"ltr\" data-wpcf7-id=\"32213\">\n<div class=\"screen-reader-response\"><p role=\"status\" aria-live=\"polite\" aria-atomic=\"true\"><\/p> <ul><\/ul><\/div>\n<form action=\"\/de\/wp-json\/wp\/v2\/pages\/27178#wpcf7-f32213-o1\" method=\"post\" class=\"wpcf7-form init\" aria-label=\"Kontaktformular\" novalidate=\"novalidate\" data-status=\"init\">\n<div style=\"display: none;\">\n<input type=\"hidden\" name=\"_wpcf7\" value=\"32213\" \/>\n<input type=\"hidden\" name=\"_wpcf7_version\" value=\"6.0.6\" \/>\n<input type=\"hidden\" name=\"_wpcf7_locale\" value=\"de_DE\" \/>\n<input type=\"hidden\" name=\"_wpcf7_unit_tag\" value=\"wpcf7-f32213-o1\" \/>\n<input type=\"hidden\" name=\"_wpcf7_container_post\" value=\"0\" \/>\n<input type=\"hidden\" name=\"_wpcf7_posted_data_hash\" value=\"\" \/>\n<input type=\"hidden\" name=\"_wpcf7_recaptcha_response\" value=\"\" \/>\n<\/div>\n<p><span class=\"wpcf7-form-control-wrap\" data-name=\"your-name\"><input size=\"40\" maxlength=\"400\" class=\"wpcf7-form-control wpcf7-text wpcf7-validates-as-required\" aria-required=\"true\" aria-invalid=\"false\" placeholder=\"Ihr Name\" value=\"\" type=\"text\" name=\"your-name\" \/><\/span><br \/>\n<span class=\"wpcf7-form-control-wrap\" data-name=\"your-phone\"><input size=\"40\" maxlength=\"400\" class=\"wpcf7-form-control wpcf7-tel wpcf7-validates-as-required wpcf7-text wpcf7-validates-as-tel\" aria-required=\"true\" aria-invalid=\"false\" placeholder=\"Ihre Telefonnummer\" value=\"\" type=\"tel\" name=\"your-phone\" \/><\/span><br \/>\n<span class=\"wpcf7-form-control-wrap\" data-name=\"your-email\"><input size=\"40\" maxlength=\"400\" class=\"wpcf7-form-control wpcf7-email wpcf7-validates-as-required wpcf7-text wpcf7-validates-as-email\" aria-required=\"true\" aria-invalid=\"false\" placeholder=\"Ihre E-Mail-Adresse\" value=\"\" type=\"email\" name=\"your-email\" \/><\/span><br \/>\n<span class=\"wpcf7-form-control-wrap\" data-name=\"uw-aanvraag\"><textarea cols=\"40\" rows=\"10\" maxlength=\"2000\" class=\"wpcf7-form-control wpcf7-textarea wpcf7-validates-as-required\" aria-required=\"true\" aria-invalid=\"false\" name=\"uw-aanvraag\">Ihre Anfrage<\/textarea><\/span><br \/>\n<input class=\"wpcf7-form-control wpcf7-submit has-spinner\" type=\"submit\" value=\"Daten senden\" \/>\n<\/p><div class=\"wpcf7-response-output\" aria-hidden=\"true\"><\/div>\n<\/form>\n<\/div>\n<\/div>[\/vc_column_inner][vc_column_inner width=&#8221;1\/4&#8243;][vc_column_text]Vismeerstraat 3A<br \/>\n5384 VL Heesch<br \/>\nNiederlande<\/p>\n<p>Telefon: <a href=\"tel:0031854883666\">+31 (0)85 4883666<\/a><br \/>\nE-Mail: info@filex.nl[\/vc_column_text][\/vc_column_inner][vc_column_inner width=&#8221;1\/4&#8243;][vc_single_image image=&#8221;28867&#8243; img_size=&#8221;&#8221;][\/vc_column_inner][\/vc_row_inner][\/vc_column][\/vc_row][vc_row full_width=&#8221;stretch_row&#8221; parallax=&#8221;content-moving&#8221; parallax_speed_bg=&#8221;1.4&#8243; kd_image_overlay_color=&#8221;rgba(0,0,0,0.5)&#8221; kd_image_overlay=&#8221;true&#8221; css=&#8221;.vc_custom_1636118146547{margin-top: 35px !important;margin-bottom: 0px !important;background-image: url(https:\/\/www.filex.nl\/wp-content\/uploads\/2021\/06\/DSC00752-scaled.jpg?id=7845) !important;}&#8221;][vc_column css=&#8221;.vc_custom_1516095225433{padding-right: 0px !important;padding-left: 0px !important;}&#8221;][vc_row_inner css=&#8221;.vc_custom_1555673013129{padding-top: 150px !important;padding-bottom: 123px !important;}&#8221;][vc_column_inner width=&#8221;1\/12&#8243; css=&#8221;.vc_custom_1515166784808{padding-top: 50px !important;}&#8221;][\/vc_column_inner][vc_column_inner width=&#8221;4\/12&#8243;]<header class=\"kd-section-title col-lg-12 text-left     vc_custom_1665693281937\" ><h2 class=\"separator_off\" style=\"color: #ffffff;\">Ben\u00f6tigen Sie noch mehr Inspiration?<\/h2><h6 class=\"subtitle \" style=\"color: #eeeeee;\">Kontaktieren Sie uns f\u00fcr die passende Beratung.<\/h6><\/header>[\/vc_column_inner][vc_column_inner width=&#8221;1\/12&#8243;][\/vc_column_inner][vc_column_inner width=&#8221;5\/12&#8243;][vc_custom_heading text=&#8221;&#8221; font_container=&#8221;tag:h4|text_align:left|color:%23ffffff&#8221; use_theme_fonts=&#8221;yes&#8221; css_animation=&#8221;none&#8221; css=&#8221;.vc_custom_1665693235686{margin-bottom: 30px !important;}&#8221;]<div class=\"kd-contact-form full-width-cf white-input-bg\" >\n<div class=\"wpcf7 no-js\" id=\"wpcf7-f31960-o2\" lang=\"de-DE\" dir=\"ltr\" data-wpcf7-id=\"31960\">\n<div class=\"screen-reader-response\"><p role=\"status\" aria-live=\"polite\" aria-atomic=\"true\"><\/p> <ul><\/ul><\/div>\n<form action=\"\/de\/wp-json\/wp\/v2\/pages\/27178#wpcf7-f31960-o2\" method=\"post\" class=\"wpcf7-form init\" aria-label=\"Kontaktformular\" novalidate=\"novalidate\" data-status=\"init\">\n<div style=\"display: none;\">\n<input type=\"hidden\" name=\"_wpcf7\" value=\"31960\" \/>\n<input type=\"hidden\" name=\"_wpcf7_version\" value=\"6.0.6\" \/>\n<input type=\"hidden\" name=\"_wpcf7_locale\" value=\"de_DE\" \/>\n<input type=\"hidden\" name=\"_wpcf7_unit_tag\" value=\"wpcf7-f31960-o2\" \/>\n<input type=\"hidden\" name=\"_wpcf7_container_post\" value=\"0\" \/>\n<input type=\"hidden\" name=\"_wpcf7_posted_data_hash\" value=\"\" \/>\n<input type=\"hidden\" name=\"_wpcf7_recaptcha_response\" value=\"\" \/>\n<\/div>\n<p><span class=\"wpcf7-form-control-wrap\" data-name=\"your-name\"><input size=\"40\" maxlength=\"400\" class=\"wpcf7-form-control wpcf7-text wpcf7-validates-as-required\" aria-required=\"true\" aria-invalid=\"false\" placeholder=\"Ihre Name\" value=\"\" type=\"text\" name=\"your-name\" \/><\/span><br \/>\n<span class=\"wpcf7-form-control-wrap\" data-name=\"your-phone\"><input size=\"40\" maxlength=\"400\" class=\"wpcf7-form-control wpcf7-tel wpcf7-text wpcf7-validates-as-tel\" aria-invalid=\"false\" placeholder=\"Ihre Telefonnummer\" value=\"\" type=\"tel\" name=\"your-phone\" \/><\/span><br \/>\n<span class=\"wpcf7-form-control-wrap\" data-name=\"your-email\"><input size=\"40\" maxlength=\"400\" class=\"wpcf7-form-control wpcf7-email wpcf7-validates-as-required wpcf7-text wpcf7-validates-as-email\" aria-required=\"true\" aria-invalid=\"false\" placeholder=\"Ihre E-Mail-Adresse\" value=\"\" type=\"email\" name=\"your-email\" \/><\/span><br \/>\n<input class=\"wpcf7-form-control wpcf7-submit has-spinner\" type=\"submit\" value=\"Daten senden\" \/>\n<\/p><div class=\"wpcf7-response-output\" aria-hidden=\"true\"><\/div>\n<\/form>\n<\/div>\n<\/div>[\/vc_column_inner][vc_column_inner width=&#8221;1\/12&#8243;][\/vc_column_inner][\/vc_row_inner][\/vc_column][\/vc_row]<\/p>\n","protected":false},"excerpt":{"rendered":"<p>[vc_row full_width=&#8221;stretch_row&#8221; parallax=&#8221;content-moving&#8221;][vc_column][vc_custom_heading text=&#8221;Filex Ergonomieberatung &#8211; Vorf\u00fchrungen &#8211; Schulungen&#8221; use_theme_fonts=&#8221;yes&#8221;][\/vc_column][\/vc_row][vc_row css=&#8221;.vc_custom_1644176343692{padding-top: 25px !important;}&#8221;][vc_column width=&#8221;1\/6&#8243; offset=&#8221;vc_hidden-xs&#8221;][\/vc_column][vc_column [&hellip;]<\/p>\n","protected":false},"author":1,"featured_media":14822,"parent":27143,"menu_order":0,"comment_status":"closed","ping_status":"closed","template":"","meta":{"_acf_changed":false,"footnotes":""},"class_list":["post-27178","page","type-page","status-publish","has-post-thumbnail","hentry"],"acf":[],"_links":{"self":[{"href":"https:\/\/www.filex.nl\/de\/wp-json\/wp\/v2\/pages\/27178","targetHints":{"allow":["GET"]}}],"collection":[{"href":"https:\/\/www.filex.nl\/de\/wp-json\/wp\/v2\/pages"}],"about":[{"href":"https:\/\/www.filex.nl\/de\/wp-json\/wp\/v2\/types\/page"}],"author":[{"embeddable":true,"href":"https:\/\/www.filex.nl\/de\/wp-json\/wp\/v2\/users\/1"}],"replies":[{"embeddable":true,"href":"https:\/\/www.filex.nl\/de\/wp-json\/wp\/v2\/comments?post=27178"}],"version-history":[{"count":7,"href":"https:\/\/www.filex.nl\/de\/wp-json\/wp\/v2\/pages\/27178\/revisions"}],"predecessor-version":[{"id":32214,"href":"https:\/\/www.filex.nl\/de\/wp-json\/wp\/v2\/pages\/27178\/revisions\/32214"}],"up":[{"embeddable":true,"href":"https:\/\/www.filex.nl\/de\/wp-json\/wp\/v2\/pages\/27143"}],"wp:featuredmedia":[{"embeddable":true,"href":"https:\/\/www.filex.nl\/de\/wp-json\/wp\/v2\/media\/14822"}],"wp:attachment":[{"href":"https:\/\/www.filex.nl\/de\/wp-json\/wp\/v2\/media?parent=27178"}],"curies":[{"name":"wp","href":"https:\/\/api.w.org\/{rel}","templated":true}]}}