{"id":27185,"date":"2021-11-05T15:47:34","date_gmt":"2021-11-05T15:47:34","guid":{"rendered":"https:\/\/www.filex.nl\/ergonomie\/healthy-workplaces\/"},"modified":"2025-01-24T20:32:37","modified_gmt":"2025-01-24T20:32:37","slug":"gesunde-arbeitsplaetze","status":"publish","type":"page","link":"https:\/\/www.filex.nl\/de\/ergonomie\/gesunde-arbeitsplaetze\/","title":{"rendered":"Gesunde Arbeitspl\u00e4tze"},"content":{"rendered":"<p>[vc_row equal_height=&#8221;yes&#8221; el_class=&#8221;equal_height_blocks&#8221; css=&#8221;.vc_custom_1624631366247{padding-bottom: 45px !important;}&#8221;][vc_column width=&#8221;1\/3&#8243;]<div class=\"kd-photobox  \" ><a href=\"https:\/\/www.filex.nl\/de\/ergonomie\/gesunde-arbeitsplaetze\/regen-sie-das-gehirn-ihrer-mitarbeiter-mit-einer-bereichernden-arbeitsumgebung-an\/\"  title=\"\"><div class=\"photobox-img\"><img loading=\"lazy\" decoding=\"async\" width=\"1600\" height=\"1035\" src=\"https:\/\/www.filex.nl\/wp-content\/uploads\/2025\/01\/healthy_workplaces_brein.jpg\" class=\"attachment-full\" alt=\"\" srcset=\"https:\/\/www.filex.nl\/wp-content\/uploads\/2025\/01\/healthy_workplaces_brein.jpg 1600w, https:\/\/www.filex.nl\/wp-content\/uploads\/2025\/01\/healthy_workplaces_brein-300x194.jpg 300w, https:\/\/www.filex.nl\/wp-content\/uploads\/2025\/01\/healthy_workplaces_brein-1024x662.jpg 1024w, https:\/\/www.filex.nl\/wp-content\/uploads\/2025\/01\/healthy_workplaces_brein-768x497.jpg 768w, https:\/\/www.filex.nl\/wp-content\/uploads\/2025\/01\/healthy_workplaces_brein-1536x994.jpg 1536w, https:\/\/www.filex.nl\/wp-content\/uploads\/2025\/01\/healthy_workplaces_brein-800x518.jpg 800w, https:\/\/www.filex.nl\/wp-content\/uploads\/2025\/01\/healthy_workplaces_brein-64x41.jpg 64w\" sizes=\"auto, (max-width: 1600px) 100vw, 1600px\" \/><\/div><div class=\"phb-content text-left \" >\n                  <h5 >Regen Sie das Gehirn Ihrer Mitarbeiter mit einer bereichernden Arbeitsumgebung an<\/h5>\n                  <p >Arbeiten Ihre Mitarbeiter noch in einem B\u00fcro mit grauwei\u00dfen W\u00e4nden, Neonbeleuchtung und Standardb\u00fcrom\u00f6beln? Dann haben Sie Neurowissenschaftlern zufolge eine Chance verpasst. Untersuchungen zeigen n\u00e4mlich, dass Sie das Gehirn Ihrer Mitarbeiter anregen k\u00f6nnen, indem Sie das Arbeitsumfeld \u201ebereichern\u201c. Und das sorgt wiederum f\u00fcr bessere Leistungen im B\u00fcro. In diesem Whitepaper erl\u00e4utern wir Ihnen, wie das funktioniert und wie Sie daraus einen Vorteil ziehen k\u00f6nnen.<\/p><\/div><\/a><\/div>[\/vc_column][vc_column width=&#8221;1\/3&#8243;]<div class=\"kd-photobox  \" ><a href=\"https:\/\/www.filex.nl\/de\/ergonomie\/gesunde-arbeitsplaetze\/stehend-sitzend-arbeiten-was-bringt-es-wirklich\/\"  title=\"\"><div class=\"photobox-img\"><img loading=\"lazy\" decoding=\"async\" width=\"1600\" height=\"1067\" src=\"https:\/\/www.filex.nl\/wp-content\/uploads\/2025\/01\/healthy_workplaces_staan_zitten.jpg\" class=\"attachment-full\" alt=\"\" srcset=\"https:\/\/www.filex.nl\/wp-content\/uploads\/2025\/01\/healthy_workplaces_staan_zitten.jpg 1600w, https:\/\/www.filex.nl\/wp-content\/uploads\/2025\/01\/healthy_workplaces_staan_zitten-300x200.jpg 300w, https:\/\/www.filex.nl\/wp-content\/uploads\/2025\/01\/healthy_workplaces_staan_zitten-1024x683.jpg 1024w, https:\/\/www.filex.nl\/wp-content\/uploads\/2025\/01\/healthy_workplaces_staan_zitten-768x512.jpg 768w, https:\/\/www.filex.nl\/wp-content\/uploads\/2025\/01\/healthy_workplaces_staan_zitten-1536x1024.jpg 1536w, https:\/\/www.filex.nl\/wp-content\/uploads\/2025\/01\/healthy_workplaces_staan_zitten-800x534.jpg 800w, https:\/\/www.filex.nl\/wp-content\/uploads\/2025\/01\/healthy_workplaces_staan_zitten-64x43.jpg 64w\" sizes=\"auto, (max-width: 1600px) 100vw, 1600px\" \/><\/div><div class=\"phb-content text-left \" >\n                  <h5 >Stehend-sitzend arbeiten: was bringt es wirklich?<\/h5>\n                  <p >Stehend-sitzend zu arbeiten wird immer beliebter. Aber was bringt das nun eigentlich wirklich? Tr\u00e4gt es nur zur Gesundheit bei oder beeinflusst es auch andere Faktoren? Diese Auswirkungen wurden mithilfe von mehreren Studien bei Callcentermitarbeitern untersucht.<\/p><\/div><\/a><\/div>[\/vc_column][vc_column width=&#8221;1\/3&#8243;]<div class=\"kd-photobox  \" ><a href=\"https:\/\/www.filex.nl\/de\/ergonomie\/gesunde-arbeitsplaetze\/das-neue-arbeitsgesetz\/\"  title=\"\"><div class=\"photobox-img\"><img loading=\"lazy\" decoding=\"async\" width=\"1600\" height=\"1067\" src=\"https:\/\/www.filex.nl\/wp-content\/uploads\/2025\/01\/healthy_workplaces_arbowet.jpg\" class=\"attachment-full\" alt=\"\" srcset=\"https:\/\/www.filex.nl\/wp-content\/uploads\/2025\/01\/healthy_workplaces_arbowet.jpg 1600w, https:\/\/www.filex.nl\/wp-content\/uploads\/2025\/01\/healthy_workplaces_arbowet-300x200.jpg 300w, https:\/\/www.filex.nl\/wp-content\/uploads\/2025\/01\/healthy_workplaces_arbowet-1024x683.jpg 1024w, https:\/\/www.filex.nl\/wp-content\/uploads\/2025\/01\/healthy_workplaces_arbowet-768x512.jpg 768w, https:\/\/www.filex.nl\/wp-content\/uploads\/2025\/01\/healthy_workplaces_arbowet-1536x1024.jpg 1536w, https:\/\/www.filex.nl\/wp-content\/uploads\/2025\/01\/healthy_workplaces_arbowet-800x534.jpg 800w, https:\/\/www.filex.nl\/wp-content\/uploads\/2025\/01\/healthy_workplaces_arbowet-64x43.jpg 64w\" sizes=\"auto, (max-width: 1600px) 100vw, 1600px\" \/><\/div><div class=\"phb-content text-left \" >\n                  <h5 >Das neue Arbeitsgesetz<\/h5>\n                  <p >Am 1. Juli 2017 wurde das niederl\u00e4ndische Arbeitsgesetz ge\u00e4ndert. Im \u00fcberarbeiteten Gesetz werden Arbeitnehmer und Arbeitgeber st\u00e4rker in die Arbeitssicherheitspolitik miteinbezogen. Dies hat Konsequenzen f\u00fcr den Arbeitgeber, den Arbeitnehmer, den Betriebsarzt und den Pr\u00e4ventionsbeauftragten, aber auch f\u00fcr das Mitbestimmungsorgan in Form eines Betriebsrats oder einer Arbeitnehmervertretung.<\/p><\/div><\/a><\/div>[\/vc_column][\/vc_row]<\/p>\n","protected":false},"excerpt":{"rendered":"<p>[vc_row equal_height=&#8221;yes&#8221; el_class=&#8221;equal_height_blocks&#8221; css=&#8221;.vc_custom_1624631366247{padding-bottom: 45px !important;}&#8221;][vc_column width=&#8221;1\/3&#8243;][\/vc_column][vc_column width=&#8221;1\/3&#8243;][\/vc_column][vc_column width=&#8221;1\/3&#8243;][\/vc_column][\/vc_row]<\/p>\n","protected":false},"author":1,"featured_media":49142,"parent":27143,"menu_order":0,"comment_status":"closed","ping_status":"closed","template":"","meta":{"_acf_changed":false,"footnotes":""},"class_list":["post-27185","page","type-page","status-publish","has-post-thumbnail","hentry"],"acf":[],"_links":{"self":[{"href":"https:\/\/www.filex.nl\/de\/wp-json\/wp\/v2\/pages\/27185","targetHints":{"allow":["GET"]}}],"collection":[{"href":"https:\/\/www.filex.nl\/de\/wp-json\/wp\/v2\/pages"}],"about":[{"href":"https:\/\/www.filex.nl\/de\/wp-json\/wp\/v2\/types\/page"}],"author":[{"embeddable":true,"href":"https:\/\/www.filex.nl\/de\/wp-json\/wp\/v2\/users\/1"}],"replies":[{"embeddable":true,"href":"https:\/\/www.filex.nl\/de\/wp-json\/wp\/v2\/comments?post=27185"}],"version-history":[{"count":7,"href":"https:\/\/www.filex.nl\/de\/wp-json\/wp\/v2\/pages\/27185\/revisions"}],"predecessor-version":[{"id":49148,"href":"https:\/\/www.filex.nl\/de\/wp-json\/wp\/v2\/pages\/27185\/revisions\/49148"}],"up":[{"embeddable":true,"href":"https:\/\/www.filex.nl\/de\/wp-json\/wp\/v2\/pages\/27143"}],"wp:featuredmedia":[{"embeddable":true,"href":"https:\/\/www.filex.nl\/de\/wp-json\/wp\/v2\/media\/49142"}],"wp:attachment":[{"href":"https:\/\/www.filex.nl\/de\/wp-json\/wp\/v2\/media?parent=27185"}],"curies":[{"name":"wp","href":"https:\/\/api.w.org\/{rel}","templated":true}]}}