{"id":27188,"date":"2021-11-15T08:46:44","date_gmt":"2021-11-15T08:46:44","guid":{"rendered":"https:\/\/www.filex.nl\/ergonomie\/optimizing-solutions\/"},"modified":"2022-10-13T21:10:05","modified_gmt":"2022-10-13T21:10:05","slug":"loesungen-optimieren","status":"publish","type":"page","link":"https:\/\/www.filex.nl\/de\/ergonomie\/loesungen-optimieren\/","title":{"rendered":"L\u00f6sungen optimieren"},"content":{"rendered":"<p>[vc_row][vc_column width=&#8221;3\/4&#8243;][vc_custom_heading text=&#8221;L\u00f6sungen optimieren&#8221; use_theme_fonts=&#8221;yes&#8221;][vc_column_text]Um Ihnen einen besseren Eindruck davon zu vermitteln, was wir f\u00fcr Sie tun k\u00f6nnen, haben wir eine Galerie mit diversen unterschiedlichen Arbeitsplatzl\u00f6sungen zusammengestellt. Nat\u00fcrlich beraten wir Sie individuell. Wollen Sie mehr \u00fcber die richtige Beratung an Ihrem Arbeitsplatz wissen?[\/vc_column_text]<a  href=\"https:\/\/www.filex.nl\/de\/kontakt\/\"  target=\"_self\"  title=\"\" class=\"tt_button tt_primary_button btn_primary_color  pull-left button-action-link\" ><span class=\"prim_text\">Kontaktieren Sie uns einfach<\/span><\/a>[\/vc_column][vc_column width=&#8221;1\/4&#8243;][vc_single_image image=&#8221;28859&#8243; img_size=&#8221;&#8221;][\/vc_column][\/vc_row][vc_row css=&#8221;.vc_custom_1643315366028{margin-top: 75px !important;margin-bottom: 100px !important;}&#8221;][vc_column][vc_gallery type=&#8221;image_grid&#8221; images=&#8221;10511,10521,10520,10519,10518,10516,10517,10515,10514,10513,10512,10652&#8243; img_size=&#8221;400&#215;300&#8243; onclick=&#8221;custom_link&#8221; custom_links=&#8221;#E-8_aHR0cHMlM0ElMkYlMkZ3d3cuZmlsZXgubmwlMkZjYXRlZ29yaWUlMkZwcm9kdWN0c2VyaWVzJTJGZ2FsYXh5LXRvb2xiYXJzJTJGJTJDaHR0cHMlM0ElMkYlMkZ3d3cuZmlsZXgubmwlMkZjYXRlZ29yaWUlMkZwcm9kdWN0c2VyaWVzJTJGZ2FsYXh5LXRvb2xiYXJzJTJGJTJDaHR0cHMlM0ElMkYlMkZ3d3cuZmlsZXgubmwlMkZjYXRlZ29yaWUlMkZwcm9kdWN0c2VyaWVzJTJGZGVzay11cC0xLTAtZWxla3RyaWZpY2F0aWUlMkYlMkNodHRwcyUzQSUyRiUyRnd3dy5maWxleC5ubCUyRmNhdGVnb3JpZSUyRmthYmVsbWFuYWdlbWVudCUyRiUyQ2h0dHBzJTNBJTJGJTJGd3d3LmZpbGV4Lm5sJTJGcHJvZHVjdCUyRmRlc2staW4tc2xpZGUlMkYlMkNodHRwcyUzQSUyRiUyRnd3dy5maWxleC5ubCUyRmNhdGVnb3JpZSUyRnByb2R1Y3RzZXJpZXMlMkZkZXNrLXVwLTItMC1lbGVrdHJpZmljYXRpZSUyRiUyQ2h0dHBzJTNBJTJGJTJGd3d3LmZpbGV4Lm5sJTJGcHJvZHVjdGVuJTJGZ2FsYXh5JTJGJTJDaHR0cHMlM0ElMkYlMkZ3d3cuZmlsZXgubmwlMkZwcm9kdWN0JTJGZ2FsYXh5LWxhcHRvcC1ob3VkZXItendhcnQlMkYlMkNodHRwcyUzQSUyRiUyRnd3dy5maWxleC5ubCUyRmNhdGVnb3JpZSUyRmthYmVsbWFuYWdlbWVudCUyRiUyQ2h0dHBzJTNBJTJGJTJGd3d3LmZpbGV4Lm5sJTJGY2F0ZWdvcmllJTJGcHJvZHVjdHNlcmllcyUyRmRlc2stdXAtMS0wLWVsZWt0cmlmaWNhdGllJTJGJTJDaHR0cHMlM0ElMkYlMkZ3d3cuZmlsZXgubmwlMkZjYXRlZ29yaWUlMkZwcm9kdWN0c2VyaWVzJTJGY2hpY2Fnby1tb25pdG9yYXJtZW4lMkYlMkNodHRwcyUzQSUyRiUyRnd3dy5maWxleC5ubCUyRmNhdGVnb3JpZSUyRnByb2R1Y3RzZXJpZXMlMkZjaGljYWdvLW1vbml0b3Jhcm1lbiUyRg==&#8221;][\/vc_column][\/vc_row][vc_row full_width=&#8221;stretch_row&#8221; parallax=&#8221;content-moving&#8221; parallax_speed_bg=&#8221;1.4&#8243; kd_image_overlay_color=&#8221;rgba(0,0,0,0.5)&#8221; kd_image_overlay=&#8221;true&#8221; css=&#8221;.vc_custom_1636118146547{margin-top: 35px !important;margin-bottom: 0px !important;background-image: url(https:\/\/www.filex.nl\/wp-content\/uploads\/2021\/06\/DSC00752-scaled.jpg?id=7845) !important;}&#8221;][vc_column css=&#8221;.vc_custom_1516095225433{padding-right: 0px !important;padding-left: 0px !important;}&#8221;][vc_row_inner css=&#8221;.vc_custom_1555673013129{padding-top: 150px !important;padding-bottom: 123px !important;}&#8221;][vc_column_inner width=&#8221;1\/12&#8243; css=&#8221;.vc_custom_1515166784808{padding-top: 50px !important;}&#8221;][\/vc_column_inner][vc_column_inner width=&#8221;4\/12&#8243;]<header class=\"kd-section-title col-lg-12 text-left  kd-animated fadeIn   vc_custom_1665695403217\" data-animation-delay=200><h2 class=\"separator_off\" style=\"color: #ffffff;\">Ben\u00f6tigen Sie noch mehr Inspiration?<\/h2><h6 class=\"subtitle \" style=\"color: #eeeeee;\">Kontaktieren Sie uns f\u00fcr die passende Beratung.<\/h6><\/header>[\/vc_column_inner][vc_column_inner width=&#8221;1\/12&#8243;][\/vc_column_inner][vc_column_inner width=&#8221;5\/12&#8243;][vc_custom_heading text=&#8221;&#8221; font_container=&#8221;tag:h4|text_align:left|color:%23ffffff&#8221; use_theme_fonts=&#8221;yes&#8221; css_animation=&#8221;none&#8221; css=&#8221;.vc_custom_1665695371427{margin-bottom: 30px !important;}&#8221;]<div class=\"kd-contact-form full-width-cf white-input-bg\" >\n<div class=\"wpcf7 no-js\" id=\"wpcf7-f31960-o1\" lang=\"de-DE\" dir=\"ltr\" data-wpcf7-id=\"31960\">\n<div class=\"screen-reader-response\"><p role=\"status\" aria-live=\"polite\" aria-atomic=\"true\"><\/p> <ul><\/ul><\/div>\n<form action=\"\/de\/wp-json\/wp\/v2\/pages\/27188#wpcf7-f31960-o1\" method=\"post\" class=\"wpcf7-form init\" aria-label=\"Kontaktformular\" novalidate=\"novalidate\" data-status=\"init\">\n<div style=\"display: none;\">\n<input type=\"hidden\" name=\"_wpcf7\" value=\"31960\" \/>\n<input type=\"hidden\" name=\"_wpcf7_version\" value=\"6.0.6\" \/>\n<input type=\"hidden\" name=\"_wpcf7_locale\" value=\"de_DE\" \/>\n<input type=\"hidden\" name=\"_wpcf7_unit_tag\" value=\"wpcf7-f31960-o1\" \/>\n<input type=\"hidden\" name=\"_wpcf7_container_post\" value=\"0\" \/>\n<input type=\"hidden\" name=\"_wpcf7_posted_data_hash\" value=\"\" \/>\n<input type=\"hidden\" name=\"_wpcf7_recaptcha_response\" value=\"\" \/>\n<\/div>\n<p><span class=\"wpcf7-form-control-wrap\" data-name=\"your-name\"><input size=\"40\" maxlength=\"400\" class=\"wpcf7-form-control wpcf7-text wpcf7-validates-as-required\" aria-required=\"true\" aria-invalid=\"false\" placeholder=\"Ihre Name\" value=\"\" type=\"text\" name=\"your-name\" \/><\/span><br \/>\n<span class=\"wpcf7-form-control-wrap\" data-name=\"your-phone\"><input size=\"40\" maxlength=\"400\" class=\"wpcf7-form-control wpcf7-tel wpcf7-text wpcf7-validates-as-tel\" aria-invalid=\"false\" placeholder=\"Ihre Telefonnummer\" value=\"\" type=\"tel\" name=\"your-phone\" \/><\/span><br \/>\n<span class=\"wpcf7-form-control-wrap\" data-name=\"your-email\"><input size=\"40\" maxlength=\"400\" class=\"wpcf7-form-control wpcf7-email wpcf7-validates-as-required wpcf7-text wpcf7-validates-as-email\" aria-required=\"true\" aria-invalid=\"false\" placeholder=\"Ihre E-Mail-Adresse\" value=\"\" type=\"email\" name=\"your-email\" \/><\/span><br \/>\n<input class=\"wpcf7-form-control wpcf7-submit has-spinner\" type=\"submit\" value=\"Daten senden\" \/>\n<\/p><div class=\"wpcf7-response-output\" aria-hidden=\"true\"><\/div>\n<\/form>\n<\/div>\n<\/div>[\/vc_column_inner][vc_column_inner width=&#8221;1\/12&#8243;][\/vc_column_inner][\/vc_row_inner][\/vc_column][\/vc_row]<\/p>\n","protected":false},"excerpt":{"rendered":"<p>[vc_row][vc_column width=&#8221;3\/4&#8243;][vc_custom_heading text=&#8221;L\u00f6sungen optimieren&#8221; use_theme_fonts=&#8221;yes&#8221;][vc_column_text]Um Ihnen einen besseren Eindruck davon zu vermitteln, was wir f\u00fcr [&hellip;]<\/p>\n","protected":false},"author":1,"featured_media":14696,"parent":27143,"menu_order":0,"comment_status":"closed","ping_status":"closed","template":"","meta":{"_acf_changed":false,"footnotes":""},"class_list":["post-27188","page","type-page","status-publish","has-post-thumbnail","hentry"],"acf":[],"_links":{"self":[{"href":"https:\/\/www.filex.nl\/de\/wp-json\/wp\/v2\/pages\/27188","targetHints":{"allow":["GET"]}}],"collection":[{"href":"https:\/\/www.filex.nl\/de\/wp-json\/wp\/v2\/pages"}],"about":[{"href":"https:\/\/www.filex.nl\/de\/wp-json\/wp\/v2\/types\/page"}],"author":[{"embeddable":true,"href":"https:\/\/www.filex.nl\/de\/wp-json\/wp\/v2\/users\/1"}],"replies":[{"embeddable":true,"href":"https:\/\/www.filex.nl\/de\/wp-json\/wp\/v2\/comments?post=27188"}],"version-history":[{"count":8,"href":"https:\/\/www.filex.nl\/de\/wp-json\/wp\/v2\/pages\/27188\/revisions"}],"predecessor-version":[{"id":32218,"href":"https:\/\/www.filex.nl\/de\/wp-json\/wp\/v2\/pages\/27188\/revisions\/32218"}],"up":[{"embeddable":true,"href":"https:\/\/www.filex.nl\/de\/wp-json\/wp\/v2\/pages\/27143"}],"wp:featuredmedia":[{"embeddable":true,"href":"https:\/\/www.filex.nl\/de\/wp-json\/wp\/v2\/media\/14696"}],"wp:attachment":[{"href":"https:\/\/www.filex.nl\/de\/wp-json\/wp\/v2\/media?parent=27188"}],"curies":[{"name":"wp","href":"https:\/\/api.w.org\/{rel}","templated":true}]}}