{"id":27199,"date":"2021-11-15T10:23:37","date_gmt":"2021-11-15T10:23:37","guid":{"rendered":"https:\/\/www.filex.nl\/ergonomie\/healthy-workplaces\/nieuwe-arbowet\/"},"modified":"2022-10-14T13:39:52","modified_gmt":"2022-10-14T13:39:52","slug":"das-neue-arbeitsgesetz","status":"publish","type":"page","link":"https:\/\/www.filex.nl\/de\/ergonomie\/gesunde-arbeitsplaetze\/das-neue-arbeitsgesetz\/","title":{"rendered":"Das neue Arbeitsgesetz"},"content":{"rendered":"<p>[vc_row css=&#8221;.vc_custom_1643385054531{margin-bottom: 50px !important;}&#8221;][vc_column][vc_custom_heading text=&#8221;Das neue Arbeitsgesetz&#8221; use_theme_fonts=&#8221;yes&#8221;][vc_column_text]Am 1. Juli 2017 wurde das niederl\u00e4ndische Arbeitsgesetz ge\u00e4ndert. Im \u00fcberarbeiteten Gesetz werden Arbeitnehmer und Arbeitgeber st\u00e4rker in die Arbeitssicherheitspolitik miteinbezogen. Dies hat Konsequenzen f\u00fcr den Arbeitgeber, den Arbeitnehmer, den Betriebsarzt und den Pr\u00e4ventionsbeauftragten, aber auch f\u00fcr das Mitbestimmungsorgan in Form eines Betriebsrats oder einer Arbeitnehmervertretung.<\/p>\n<p><strong>Die wichtigsten \u00c4nderungen<\/strong><\/p>\n<p>Das Arbeitsgesetz sorgt daf\u00fcr, dass Arbeitnehmer gesund und sicher arbeiten k\u00f6nnen. Dieses Gesetz gilt f\u00fcr alle Arbeitgeber und Arbeitnehmer in den Niederlanden. Die j\u00fcngste Gesetzes\u00e4nderung bedeutet, dass sich die Rolle der verschiedenen Beteiligten ver\u00e4ndert. Die wichtigsten \u00c4nderungen auf einen Blick:<\/p>\n<ul>\n<li>Basisvertrag: Der ist neu im Gesetz. Der Basisvertrag legt Mindestanforderungen f\u00fcr den Vertrag zwischen Dienstleistern f\u00fcr Sicherheit und Gesundheitsschutz und Arbeitgebern fest.<\/li>\n<li>Offene Sprechstunde: Der Arbeitgeber sorgt daf\u00fcr, dass der Arbeitnehmer den Betriebsarzt besuchen kann, wenn er gesundheitliche Fragen in Bezug zu seiner Arbeit hat.<\/li>\n<li>Freier Zugang zum Arbeitsplatz: Der Betriebsarzt muss jeden Arbeitsplatz besuchen k\u00f6nnen, um die Firma besser kennenzulernen.<\/li>\n<li>Zweitmeinung: Jeder Arbeitnehmer kann sich bei Zweifeln an der Richtigkeit des erteilten Rates eine zweite Meinung bei einem anderen Betriebsarzt einholen.<\/li>\n<li>Beraterrolle des Betriebsarztes: Im \u00fcberarbeiteten Gesetz liegt der Schwerpunkt st\u00e4rker auf Pr\u00e4vention. Der Betriebsarzt ber\u00e4t den Arbeitgeber bez\u00fcglich Pr\u00e4ventionsma\u00dfnahmen.<\/li>\n<li>Melden von Berufskrankheiten: Das Beobachten und Melden von Berufskrankheiten geh\u00f6rte bereits zu den Aufgaben des Betriebsarztes. Aber der Basisvertrag legt fest, dass er die Berufskrankheiten auch dem Niederl\u00e4ndischen Zentrum f\u00fcr Berufskrankheiten (Nederlands Centrum voor Beroepsziekten) melden k\u00f6nnen muss.<\/li>\n<li>Beschwerdeverfahren: Jeder Betriebsarzt muss ab der Gesetzes\u00e4nderung \u00fcber ein Beschwerdeverfahren verf\u00fcgen, sodass Arbeitnehmer eine Beschwerde einreichen k\u00f6nnen.<\/li>\n<li>Klarere Rolle des Pr\u00e4ventionsbeauftragten: Jedes Unternehmen musste bereits einen Pr\u00e4ventionsbeauftragten benennen. Jetzt m\u00fcssen Ernennung und Einstellung dieser Person mit Zustimmung von Betriebsrat oder Arbeitnehmervertretung erfolgen.<\/li>\n<li>St\u00e4rkere Miteinbeziehung der Mitarbeiter: Mit der Zustimmung zur Person und Ernennung des Pr\u00e4ventionsbeauftragten ist der Betriebsrat st\u00e4rker in die Arbeitssicherheitspolitik involviert.<\/li>\n<li>Aufsicht und Durchsetzung: Die niederl\u00e4ndische Aufsichtsbeh\u00f6rde Inspectie Sociale Zaken en Werkgelegenheid (Sozial- und Arbeitsinspektionsrat) bekommt mehr M\u00f6glichkeiten, gegen Arbeitgeber, Dienstleister f\u00fcr Sicherheit und Gesundheitsschutz sowie Betriebs\u00e4rzte Sanktionen zu verh\u00e4ngen, wenn sie sich nicht an den Basisvertrag halten.<\/li>\n<li>\u00dcbergangsfrist: Arbeitgeber und Dienstleister f\u00fcr Sicherheit und Gesundheitsschutz haben bis zum 1. Juli 2018 Zeit, um Vertr\u00e4ge entsprechend anzupassen.<\/li>\n<\/ul>\n<p>Quelle: <a href=\"https:\/\/www.arboportaal.nl\/actueel\/arbozorg\" target=\"_blank\" rel=\"noopener\">Arboportaal<\/a>[\/vc_column_text][\/vc_column][\/vc_row][vc_row full_width=&#8221;stretch_row&#8221; parallax=&#8221;content-moving&#8221; parallax_speed_bg=&#8221;1.4&#8243; kd_image_overlay_color=&#8221;rgba(0,0,0,0.5)&#8221; kd_image_overlay=&#8221;true&#8221; css=&#8221;.vc_custom_1624011385614{background: #1a1a1a url(https:\/\/www.filex.nl\/wp-content\/uploads\/2021\/06\/oplossingen-banner-scaled.jpg?id=7771);}&#8221;][vc_column css=&#8221;.vc_custom_1516095225433{padding-right: 0px !important;padding-left: 0px !important;}&#8221;][vc_row_inner css=&#8221;.vc_custom_1555673013129{padding-top: 150px !important;padding-bottom: 123px !important;}&#8221;][vc_column_inner width=&#8221;1\/12&#8243; css=&#8221;.vc_custom_1515166784808{padding-top: 50px !important;}&#8221;][\/vc_column_inner][vc_column_inner width=&#8221;4\/12&#8243;]<header class=\"kd-section-title col-lg-12 text-left     vc_custom_1665754770299\" ><h2 class=\"separator_off\" style=\"color: #ffffff;\">Wollen Sie \u00fcber die aktuellsten Neuigkeiten auf dem Laufenden bleiben?<\/h2><h6 class=\"subtitle \" style=\"color: #eeeeee;\">Mit unserem Newsletter bleiben Sie bez\u00fcglich neuester Entwicklungen und Produktinnovationen im Bereich der ergonomischen (Arbeitsplatz)L\u00f6sungen auf dem Laufenden.<\/h6><\/header>[\/vc_column_inner][vc_column_inner width=&#8221;1\/12&#8243;][\/vc_column_inner][vc_column_inner width=&#8221;5\/12&#8243;][vc_custom_heading text=&#8221;Melden Sie sich jetzt f\u00fcr unseren Newsletter an&#8221; font_container=&#8221;tag:h4|text_align:left|color:%23ffffff&#8221; use_theme_fonts=&#8221;yes&#8221; css_animation=&#8221;none&#8221; css=&#8221;.vc_custom_1665754788878{margin-bottom: 30px !important;}&#8221;]<div class=\"kd-contact-form full-width-cf white-input-bg\" >\n<div class=\"wpcf7 no-js\" id=\"wpcf7-f31960-o1\" lang=\"de-DE\" dir=\"ltr\" data-wpcf7-id=\"31960\">\n<div class=\"screen-reader-response\"><p role=\"status\" aria-live=\"polite\" aria-atomic=\"true\"><\/p> <ul><\/ul><\/div>\n<form action=\"\/de\/wp-json\/wp\/v2\/pages\/27199#wpcf7-f31960-o1\" method=\"post\" class=\"wpcf7-form init\" aria-label=\"Kontaktformular\" novalidate=\"novalidate\" data-status=\"init\">\n<div style=\"display: none;\">\n<input type=\"hidden\" name=\"_wpcf7\" value=\"31960\" \/>\n<input type=\"hidden\" name=\"_wpcf7_version\" value=\"6.0.6\" \/>\n<input type=\"hidden\" name=\"_wpcf7_locale\" value=\"de_DE\" \/>\n<input type=\"hidden\" name=\"_wpcf7_unit_tag\" value=\"wpcf7-f31960-o1\" \/>\n<input type=\"hidden\" name=\"_wpcf7_container_post\" value=\"0\" \/>\n<input type=\"hidden\" name=\"_wpcf7_posted_data_hash\" value=\"\" \/>\n<input type=\"hidden\" name=\"_wpcf7_recaptcha_response\" value=\"\" \/>\n<\/div>\n<p><span class=\"wpcf7-form-control-wrap\" data-name=\"your-name\"><input size=\"40\" maxlength=\"400\" class=\"wpcf7-form-control wpcf7-text wpcf7-validates-as-required\" aria-required=\"true\" aria-invalid=\"false\" placeholder=\"Ihre Name\" value=\"\" type=\"text\" name=\"your-name\" \/><\/span><br \/>\n<span class=\"wpcf7-form-control-wrap\" data-name=\"your-phone\"><input size=\"40\" maxlength=\"400\" class=\"wpcf7-form-control wpcf7-tel wpcf7-text wpcf7-validates-as-tel\" aria-invalid=\"false\" placeholder=\"Ihre Telefonnummer\" value=\"\" type=\"tel\" name=\"your-phone\" \/><\/span><br \/>\n<span class=\"wpcf7-form-control-wrap\" data-name=\"your-email\"><input size=\"40\" maxlength=\"400\" class=\"wpcf7-form-control wpcf7-email wpcf7-validates-as-required wpcf7-text wpcf7-validates-as-email\" aria-required=\"true\" aria-invalid=\"false\" placeholder=\"Ihre E-Mail-Adresse\" value=\"\" type=\"email\" name=\"your-email\" \/><\/span><br \/>\n<input class=\"wpcf7-form-control wpcf7-submit has-spinner\" type=\"submit\" value=\"Daten senden\" \/>\n<\/p><div class=\"wpcf7-response-output\" aria-hidden=\"true\"><\/div>\n<\/form>\n<\/div>\n<\/div>[\/vc_column_inner][vc_column_inner width=&#8221;1\/12&#8243;][\/vc_column_inner][\/vc_row_inner][\/vc_column][\/vc_row]<\/p>\n","protected":false},"excerpt":{"rendered":"<p>[vc_row css=&#8221;.vc_custom_1643385054531{margin-bottom: 50px !important;}&#8221;][vc_column][vc_custom_heading text=&#8221;Das neue Arbeitsgesetz&#8221; use_theme_fonts=&#8221;yes&#8221;][vc_column_text]Am 1. Juli 2017 wurde das niederl\u00e4ndische Arbeitsgesetz [&hellip;]<\/p>\n","protected":false},"author":1,"featured_media":49190,"parent":27185,"menu_order":0,"comment_status":"closed","ping_status":"closed","template":"","meta":{"_acf_changed":false,"footnotes":""},"class_list":["post-27199","page","type-page","status-publish","has-post-thumbnail","hentry"],"acf":[],"_links":{"self":[{"href":"https:\/\/www.filex.nl\/de\/wp-json\/wp\/v2\/pages\/27199","targetHints":{"allow":["GET"]}}],"collection":[{"href":"https:\/\/www.filex.nl\/de\/wp-json\/wp\/v2\/pages"}],"about":[{"href":"https:\/\/www.filex.nl\/de\/wp-json\/wp\/v2\/types\/page"}],"author":[{"embeddable":true,"href":"https:\/\/www.filex.nl\/de\/wp-json\/wp\/v2\/users\/1"}],"replies":[{"embeddable":true,"href":"https:\/\/www.filex.nl\/de\/wp-json\/wp\/v2\/comments?post=27199"}],"version-history":[{"count":8,"href":"https:\/\/www.filex.nl\/de\/wp-json\/wp\/v2\/pages\/27199\/revisions"}],"predecessor-version":[{"id":32248,"href":"https:\/\/www.filex.nl\/de\/wp-json\/wp\/v2\/pages\/27199\/revisions\/32248"}],"up":[{"embeddable":true,"href":"https:\/\/www.filex.nl\/de\/wp-json\/wp\/v2\/pages\/27185"}],"wp:featuredmedia":[{"embeddable":true,"href":"https:\/\/www.filex.nl\/de\/wp-json\/wp\/v2\/media\/49190"}],"wp:attachment":[{"href":"https:\/\/www.filex.nl\/de\/wp-json\/wp\/v2\/media?parent=27199"}],"curies":[{"name":"wp","href":"https:\/\/api.w.org\/{rel}","templated":true}]}}