{"id":27202,"date":"2021-11-15T10:30:07","date_gmt":"2021-11-15T10:30:07","guid":{"rendered":"https:\/\/www.filex.nl\/ergonomie\/healthy-workplaces\/staand-zittend-werken-wat-is-nu-echt-de-impact\/"},"modified":"2022-10-14T13:40:00","modified_gmt":"2022-10-14T13:40:00","slug":"stehend-sitzend-arbeiten-was-bringt-es-wirklich","status":"publish","type":"page","link":"https:\/\/www.filex.nl\/de\/ergonomie\/gesunde-arbeitsplaetze\/stehend-sitzend-arbeiten-was-bringt-es-wirklich\/","title":{"rendered":"Stehend-sitzend arbeiten: was bringt es wirklich?"},"content":{"rendered":"<p>[vc_row][vc_column][vc_custom_heading text=&#8221;Stehend-sitzend arbeiten: was bringt es wirklich?&#8221; use_theme_fonts=&#8221;yes&#8221;][vc_column_text]<strong>Einleitung<\/strong><\/p>\n<p>Stehend-sitzend zu arbeiten wird immer beliebter. Aber was bringt das nun eigentlich wirklich? Tr\u00e4gt es nur zur Gesundheit bei oder beeinflusst es auch andere Faktoren? Diese Auswirkungen wurden mithilfe von mehreren Studien bei Callcentermitarbeitern untersucht.<\/p>\n<p><strong>Prozessoptimierung und pr\u00e4zise Ziele<\/strong><\/p>\n<p>Prozessoptimierung und pr\u00e4zise Ziele verbessern die Leistung von Callcentermitarbeitern. Allerdings nimmt der Druck auf Callcentermitarbeiter aufgrund von Einsparma\u00dfnahmen zu. Wie l\u00e4sst sich auf eine nachhaltige und angenehme Art mehr aus den Callcentermitarbeitern herausholen?<\/p>\n<p>Die Standardmethode in Callcentern ist das strikte Z\u00e4hlen der ausgef\u00fchrten Gespr\u00e4che pro Stunde und die Zufriedenheit der Kunden mit dem gebotenen Service. Abteilungen bekommen genau formulierte Ziele, um im Verh\u00e4ltnis zur gemessenen Qualit\u00e4t im Budget zu bleiben. \u00dcber die Optimierung von IT-Systemen und Abl\u00e4ufen verbessern sich Effizienz und Kundenzufriedenheit.<\/p>\n<p>Weitere M\u00f6glichkeiten zur Leistungssteigerung sind die Verbesserung von Konzentration und Kreativit\u00e4t, das Anbieten von M\u00f6glichkeiten, wie man leichter mit Emotionen umgeht, und durch eine allgemeine Steigerung der Arbeitsmoral.<\/p>\n<p><strong>Steigerung von Konzentration und Kreativit\u00e4t<\/strong><\/p>\n<p>Konzentration und Kreativit\u00e4t k\u00f6nnen verbessert werden, indem man bei der Arbeit Erholungspausen einlegt und sich bewegt (Oppezzo &amp; Schwarz, 2014; Chang et al., 2014). F\u00fcr Callcentermitarbeiter ist es allerdings normalerweise nicht m\u00f6glich, ihren Arbeitsplatz zu verlassen.<\/p>\n<p>Eine Alternative, wie man beim F\u00fchren von Telefongespr\u00e4chen zu mehr Bewegung kommt, ist der Einsatz eines Steh-Sitz-Tisches. Der Vorteil ist, dass die Menschen sich buchst\u00e4blich selbst aktivieren, indem sie aufstehen. Infolgedessen bleiben die Mitarbeiter aufmerksamer und k\u00f6nnen schneller arbeiten (Ebara et al., 2008; Choi, 2010).<\/p>\n<p>Au\u00dferdem sprechen die Menschen anders, wenn sie stehen. Wenn sie stehen, k\u00f6nnen Callcentermitarbeiter sich mit dem ganzen K\u00f6rper bewegen und dadurch leichter mit Emotionen umgehen (Cakir, 2016).[\/vc_column_text][\/vc_column][\/vc_row][vc_row css=&#8221;.vc_custom_1637337178267{margin-top: 45px !important;margin-bottom: 65px !important;}&#8221;][vc_column css=&#8221;.vc_custom_1637337150889{background-image: url(https:\/\/www.filex.nl\/wp-content\/uploads\/2021\/11\/healthy_workplaces_staandzittend_02.jpg?id=8481) !important;background-position: center !important;background-repeat: no-repeat !important;background-size: cover !important;}&#8221;][vc_empty_space height=&#8221;300px&#8221;][\/vc_column][\/vc_row][vc_row css=&#8221;.vc_custom_1643385132731{margin-bottom: 50px !important;}&#8221;][vc_column][vc_column_text]<strong>Arbeitsmoral und Produktivit\u00e4t<\/strong><\/p>\n<p>Ein wichtiger Indikator f\u00fcr die Vorhersage der Arbeitsleistung ist, wie engagiert die Mitarbeiter bei der Arbeit sind. Neue Studien zeigen, dass die Arbeitsmoral an Arbeitspl\u00e4tzen, wo die Angestellten lange sitzen, geringer ausf\u00e4llt (Munir et al., 2015). W\u00e4re es vielleicht m\u00f6glich, die Arbeitsleistung von Callcentermitarbeitern durch abwechselndes Arbeiten im Stehen und Sitzen zu steigern?<\/p>\n<p>Mehrere aktuelle Studien best\u00e4tigen tats\u00e4chlich die positiven Auswirkungen, wenn Callcentermitarbeiter zwischen Stehen und Sitzen abwechseln. Josephine Chau von der Universit\u00e4t von Sydney fand heraus, dass die Einf\u00fchrung von Steh-Sitz-Tischen dazu f\u00fchrte, dass bis zu 38 % mehr Mitarbeiter den ganzen Arbeitstag lang ein hohes Energieniveau hatten.<\/p>\n<p>Gregory Garrett und seine Kollegen von der Universit\u00e4t von Texas stellten einer Gruppe von Callcentermitarbeitern einen Steh-Sitz-Tisch zur Verf\u00fcgung. Im Vergleich zu den sitzenden Kollegen waren sie nach einem Monat um 23 % produktiver, und in den folgenden f\u00fcnf Monaten steigerte sich dieser Unterschied noch auf 53 % (siehe Abbildung 2). Die Produktivit\u00e4t wurde hierbei anhand der erfolgreich durchgef\u00fchrten Anrufe pro Stunde gemessen.<\/p>\n<p><strong>Nebeneffekte des Arbeitens im Stehen und Sitzen<\/strong><\/p>\n<p>Neben den positiven Auswirkungen von Steh-Sitz-Tischen auf die Leistung tragen Steh-Sitz-Tische zu angenehmen Arbeitsbedingungen und zum Schutz der Gesundheit bei. Durch die Verwendung von Steh-Sitz-Tischen nimmt die im Sitzen verbrachte Zeit ab und damit auch das Risiko von Beschwerden des Bewegungsapparats, Diabetes Typ 2 sowie Herz-Kreislauf-Erkrankungen.<\/p>\n<p>Die Herausforderung dabei besteht aber darin, die Mitarbeiter dazu zu bringen, die Steh-Sitz-Tische optimal zu nutzen und den maximalen Nutzen f\u00fcr Leistung und Gesundheit zu erzielen. Niedrigschwellige Erinnerungen durch eine Software k\u00f6nnen daf\u00fcr sorgen, dass Steh-Sitz-Tische richtig genutzt werden (Donath et al.).<\/p>\n<p><strong>Fazit<\/strong><\/p>\n<p>Anreize f\u00fcr mehr Bewegung in Callcentern haben das Potenzial, die Leistungen und Arbeitsbedingungen der Mitarbeiter auf nachhaltige Weise zu verbessern. Steh-Sitz-Tische k\u00f6nnen eine praktische L\u00f6sung sein, um gerade in Callcentern f\u00fcr mehr Bewegung zu sorgen.[\/vc_column_text][\/vc_column][\/vc_row][vc_row full_width=&#8221;stretch_row&#8221; parallax=&#8221;content-moving&#8221; parallax_speed_bg=&#8221;1.4&#8243; kd_image_overlay_color=&#8221;rgba(0,0,0,0.5)&#8221; kd_image_overlay=&#8221;true&#8221; css=&#8221;.vc_custom_1624011385614{background: #1a1a1a url(https:\/\/www.filex.nl\/wp-content\/uploads\/2021\/06\/oplossingen-banner-scaled.jpg?id=7771);}&#8221;][vc_column css=&#8221;.vc_custom_1516095225433{padding-right: 0px !important;padding-left: 0px !important;}&#8221;][vc_row_inner css=&#8221;.vc_custom_1555673013129{padding-top: 150px !important;padding-bottom: 123px !important;}&#8221;][vc_column_inner width=&#8221;1\/12&#8243; css=&#8221;.vc_custom_1515166784808{padding-top: 50px !important;}&#8221;][\/vc_column_inner][vc_column_inner width=&#8221;4\/12&#8243;]<header class=\"kd-section-title col-lg-12 text-left     vc_custom_1665754773648\" ><h2 class=\"separator_off\" style=\"color: #ffffff;\">Wollen Sie \u00fcber die aktuellsten Neuigkeiten auf dem Laufenden bleiben?<\/h2><h6 class=\"subtitle \" style=\"color: #eeeeee;\">Mit unserem Newsletter bleiben Sie bez\u00fcglich neuester Entwicklungen und Produktinnovationen im Bereich der ergonomischen (Arbeitsplatz)L\u00f6sungen auf dem Laufenden.<\/h6><\/header>[\/vc_column_inner][vc_column_inner width=&#8221;1\/12&#8243;][\/vc_column_inner][vc_column_inner width=&#8221;5\/12&#8243;][vc_custom_heading text=&#8221;Melden Sie sich jetzt f\u00fcr unseren Newsletter an&#8221; font_container=&#8221;tag:h4|text_align:left|color:%23ffffff&#8221; use_theme_fonts=&#8221;yes&#8221; css_animation=&#8221;none&#8221; css=&#8221;.vc_custom_1665754795991{margin-bottom: 30px !important;}&#8221;]<div class=\"kd-contact-form full-width-cf white-input-bg\" >\n<div class=\"wpcf7 no-js\" id=\"wpcf7-f31960-o1\" lang=\"de-DE\" dir=\"ltr\" data-wpcf7-id=\"31960\">\n<div class=\"screen-reader-response\"><p role=\"status\" aria-live=\"polite\" aria-atomic=\"true\"><\/p> <ul><\/ul><\/div>\n<form action=\"\/de\/wp-json\/wp\/v2\/pages\/27202#wpcf7-f31960-o1\" method=\"post\" class=\"wpcf7-form init\" aria-label=\"Kontaktformular\" novalidate=\"novalidate\" data-status=\"init\">\n<div style=\"display: none;\">\n<input type=\"hidden\" name=\"_wpcf7\" value=\"31960\" \/>\n<input type=\"hidden\" name=\"_wpcf7_version\" value=\"6.0.6\" \/>\n<input type=\"hidden\" name=\"_wpcf7_locale\" value=\"de_DE\" \/>\n<input type=\"hidden\" name=\"_wpcf7_unit_tag\" value=\"wpcf7-f31960-o1\" \/>\n<input type=\"hidden\" name=\"_wpcf7_container_post\" value=\"0\" \/>\n<input type=\"hidden\" name=\"_wpcf7_posted_data_hash\" value=\"\" \/>\n<input type=\"hidden\" name=\"_wpcf7_recaptcha_response\" value=\"\" \/>\n<\/div>\n<p><span class=\"wpcf7-form-control-wrap\" data-name=\"your-name\"><input size=\"40\" maxlength=\"400\" class=\"wpcf7-form-control wpcf7-text wpcf7-validates-as-required\" aria-required=\"true\" aria-invalid=\"false\" placeholder=\"Ihre Name\" value=\"\" type=\"text\" name=\"your-name\" \/><\/span><br \/>\n<span class=\"wpcf7-form-control-wrap\" data-name=\"your-phone\"><input size=\"40\" maxlength=\"400\" class=\"wpcf7-form-control wpcf7-tel wpcf7-text wpcf7-validates-as-tel\" aria-invalid=\"false\" placeholder=\"Ihre Telefonnummer\" value=\"\" type=\"tel\" name=\"your-phone\" \/><\/span><br \/>\n<span class=\"wpcf7-form-control-wrap\" data-name=\"your-email\"><input size=\"40\" maxlength=\"400\" class=\"wpcf7-form-control wpcf7-email wpcf7-validates-as-required wpcf7-text wpcf7-validates-as-email\" aria-required=\"true\" aria-invalid=\"false\" placeholder=\"Ihre E-Mail-Adresse\" value=\"\" type=\"email\" name=\"your-email\" \/><\/span><br \/>\n<input class=\"wpcf7-form-control wpcf7-submit has-spinner\" type=\"submit\" value=\"Daten senden\" \/>\n<\/p><div class=\"wpcf7-response-output\" aria-hidden=\"true\"><\/div>\n<\/form>\n<\/div>\n<\/div>[\/vc_column_inner][vc_column_inner width=&#8221;1\/12&#8243;][\/vc_column_inner][\/vc_row_inner][\/vc_column][\/vc_row]<\/p>\n","protected":false},"excerpt":{"rendered":"<p>[vc_row][vc_column][vc_custom_heading text=&#8221;Stehend-sitzend arbeiten: was bringt es wirklich?&#8221; use_theme_fonts=&#8221;yes&#8221;][vc_column_text]Einleitung Stehend-sitzend zu arbeiten wird immer beliebter. Aber [&hellip;]<\/p>\n","protected":false},"author":1,"featured_media":49186,"parent":27185,"menu_order":0,"comment_status":"closed","ping_status":"closed","template":"","meta":{"_acf_changed":false,"footnotes":""},"class_list":["post-27202","page","type-page","status-publish","has-post-thumbnail","hentry"],"acf":[],"_links":{"self":[{"href":"https:\/\/www.filex.nl\/de\/wp-json\/wp\/v2\/pages\/27202","targetHints":{"allow":["GET"]}}],"collection":[{"href":"https:\/\/www.filex.nl\/de\/wp-json\/wp\/v2\/pages"}],"about":[{"href":"https:\/\/www.filex.nl\/de\/wp-json\/wp\/v2\/types\/page"}],"author":[{"embeddable":true,"href":"https:\/\/www.filex.nl\/de\/wp-json\/wp\/v2\/users\/1"}],"replies":[{"embeddable":true,"href":"https:\/\/www.filex.nl\/de\/wp-json\/wp\/v2\/comments?post=27202"}],"version-history":[{"count":9,"href":"https:\/\/www.filex.nl\/de\/wp-json\/wp\/v2\/pages\/27202\/revisions"}],"predecessor-version":[{"id":32250,"href":"https:\/\/www.filex.nl\/de\/wp-json\/wp\/v2\/pages\/27202\/revisions\/32250"}],"up":[{"embeddable":true,"href":"https:\/\/www.filex.nl\/de\/wp-json\/wp\/v2\/pages\/27185"}],"wp:featuredmedia":[{"embeddable":true,"href":"https:\/\/www.filex.nl\/de\/wp-json\/wp\/v2\/media\/49186"}],"wp:attachment":[{"href":"https:\/\/www.filex.nl\/de\/wp-json\/wp\/v2\/media?parent=27202"}],"curies":[{"name":"wp","href":"https:\/\/api.w.org\/{rel}","templated":true}]}}