{"id":27205,"date":"2021-11-15T10:15:56","date_gmt":"2021-11-15T10:15:56","guid":{"rendered":"https:\/\/www.filex.nl\/ergonomie\/healthy-workplaces\/stimuleer-het-brein-van-uw-medewerkers-met-een-verrijkte-werkomgeving\/"},"modified":"2022-10-14T13:40:11","modified_gmt":"2022-10-14T13:40:11","slug":"regen-sie-das-gehirn-ihrer-mitarbeiter-mit-einer-bereichernden-arbeitsumgebung-an","status":"publish","type":"page","link":"https:\/\/www.filex.nl\/de\/ergonomie\/gesunde-arbeitsplaetze\/regen-sie-das-gehirn-ihrer-mitarbeiter-mit-einer-bereichernden-arbeitsumgebung-an\/","title":{"rendered":"Regen Sie das Gehirn Ihrer Mitarbeiter mit einer bereichernden Arbeitsumgebung an"},"content":{"rendered":"<p>[vc_row][vc_column][vc_custom_heading text=&#8221;Regen Sie das Gehirn Ihrer Mitarbeiter mit einer bereichernden Arbeitsumgebung an&#8221; use_theme_fonts=&#8221;yes&#8221;][vc_column_text]Arbeiten Ihre Mitarbeiter noch in einem B\u00fcro mit grauwei\u00dfen W\u00e4nden, Neonbeleuchtung und Standardb\u00fcrom\u00f6beln? Dann haben Sie Neurowissenschaftlern zufolge eine Chance verpasst. Untersuchungen zeigen n\u00e4mlich, dass Sie das Gehirn Ihrer Mitarbeiter anregen k\u00f6nnen, indem Sie das Arbeitsumfeld \u201ebereichern\u201c. Und das sorgt wiederum f\u00fcr bessere Leistungen im B\u00fcro. In diesem Whitepaper erl\u00e4utern wir Ihnen, wie das funktioniert und wie Sie daraus einen Vorteil ziehen k\u00f6nnen.<\/p>\n<p><strong>Was ist eigentlich ein \u201ebereicherter\u201c Arbeitsplatz?<\/strong><\/p>\n<p>Mit welcher Arbeitsumgebung k\u00f6nnen Sie Ihre Mitarbeiter anregen? Eine bereicherte Umgebung \u2013 Enriched Environment \u2013 ist eine Umgebung, in der die Sinne auf unterschiedliche Arten angeregt werden. Beispielsweise ein Raum, der die Anwesenden st\u00e4rker dazu anregt, sich zu bewegen. Ein Raum, der \u00fcber verschiedene Ger\u00e4usche, Farben und Ger\u00fcche f\u00fcr positive Sinnesreize sorgt. Oder ein Raum, der die soziale Interaktion f\u00f6rdert. So eine bereicherte Arbeitsumgebung ist also nicht nur weniger langweilig, sondern tr\u00e4gt auch zur kognitiven Leistungsf\u00e4higkeit der Menschen bei, die dort arbeiten.<\/p>\n<p><em>&#8220;Gesunde, anregende Aktivit\u00e4ten sind auch gut gegen Stress.&#8221;<\/em><\/p>\n<p><strong>So entstehen neue Zellen und Verkn\u00fcpfungen<\/strong><\/p>\n<p>Wissenschaftler wie Eriksson (1998) entdeckten, dass sich das Gehirn ein Menschenleben lang ver\u00e4ndert und sich im Laufe der Jahre sogar regenerieren und verbessern kann. Das gilt insbesondere f\u00fcr den Hippocampus, einem Bereich, der auch f\u00fcrs Kurzzeitged\u00e4chtnis und die Regulierung unseres Stresssystems wichtig ist. Er kann zum Beispiel durch Ausf\u00fchrung von neuen, anregenden Aktivit\u00e4ten Neuronen generieren. Diesen Prozess rund um die Entstehung von neuen Zellen und Verbindungen bezeichnen wir als Neurogenese.<\/p>\n<p><strong>Aktiv und angeregt altern<\/strong><\/p>\n<p>Wenn wir in der Geschichte der Forschung der Auswirkungen der Umwelt auf unser Gehirn und unser Funktionieren weiter zur\u00fcckgehen, landen wir um 1940 schlie\u00dflich bei Donald Hebb. In seinem Labor teilte er Ratten in zwei Gruppen ein. Die eine Gruppe wurde in einen Raum mit Spielzeug, Leitern, Tunneln und Laufr\u00e4dern gesetzt. Die andere Gruppe setzte er in einen K\u00e4fig ohne Spielzeug, ohne viele M\u00f6glichkeiten zum Herumlaufen und ohne soziale Interaktion mit Artgenossen.<\/p>\n<p><em>&#8220;Eine herausfordernde Umgebung sorgt auch f\u00fcr eine bessere Lernf\u00e4higkeit.&#8221;<\/em><\/p>\n<p>Und was ergaben diese und weitere, vergleichbare Studien? In einer bereicherten Umgebung stellten die Forscher eine verringerte neuronale Alterung, eine verbesserte Lernf\u00e4higkeit und eine gesteigerte Resistenz gegen Suchtmittel fest (Nithianantharajah &amp; Hannan, 2006). In bestimmten Untersuchungen hatten die Tiere sogar st\u00e4rkere Abwehrkr\u00e4fte gegen Krankheiten und eine h\u00f6here Lebenserwartung.<br \/>\nEin aktives und herausforderndes Leben kann die Zeichen des neuronalen Alterns reduzieren. Auch dann, wenn der aktiviere, bereicherte Lebensstil erst im Erwachsenenalter beginnt. Damit werden die Untersuchungsergebnisse auch f\u00fcr die Arbeitswelt interessant.[\/vc_column_text][\/vc_column][\/vc_row][vc_row css=&#8221;.vc_custom_1637336520709{margin-top: 45px !important;margin-bottom: 65px !important;}&#8221;][vc_column css=&#8221;.vc_custom_1637336549068{background-image: url(https:\/\/www.filex.nl\/wp-content\/uploads\/2021\/11\/healthy_workplaces_brein_02.jpg?id=8469) !important;background-position: center !important;background-repeat: no-repeat !important;background-size: cover !important;}&#8221;][vc_empty_space height=&#8221;300px&#8221;][\/vc_column][\/vc_row][vc_row css=&#8221;.vc_custom_1643206406149{margin-bottom: 50px !important;}&#8221;][vc_column][vc_column_text]<strong>Vom grauen B\u00fcro zu einer anregenden Umgebung<\/strong><\/p>\n<p>Das B\u00fcro war lange Zeit eine triste Umgebung und in manchen Betrieben ist das immer noch der Fall. Obwohl eine bereicherte Umgebung enorm wichtig ist. So stellt Professor Erik Scherder, Hochschullehrer f\u00fcr Klinische Neuropsychologie an der VU-Amsterdam fest: \u201eDas Gehirn profitiert am meisten von Neuem und Herausforderungen. Eine bereicherte Umgebung ist eine Umgebung, die ein St\u00fcck Unsicherheit bietet, wodurch es spannend wird, und kognitive Flexibilit\u00e4t gefordert ist (Scherder, 2014).\u201c<\/p>\n<p><em>&#8220;Es darf alles ein bisschen spannender werden.&#8221;<\/em><\/p>\n<p>Bewegung ist eine der M\u00f6glichkeiten, wie wir das Gehirn bereichern k\u00f6nnen, aber mit Musik geht das zum Beispiel auch. Jetzt ist der Arbeitsplatz zwar kein Sportstudio oder Konzertgeb\u00e4ude, aber es bleiben immer noch genug Optionen, um den Mitarbeitern ein anregenderes Umfeld zu bieten. Tats\u00e4chlich gibt es etliche M\u00f6glichkeiten f\u00fcr ein aktiveres Umfeld, das mehr Sinnesreize bietet.<\/p>\n<p><strong>So sorgen Sie f\u00fcr eine aktivere B\u00fcroumgebung<\/strong><\/p>\n<p>\u00dcber Anreicherungen trainieren wir unser Gehirn und legen neue Verkn\u00fcpfungen innerhalb und zwischen den verschiedenen Gehirnarealen an. So bleibt unser Gehirn besser in Form, und wir erbringen bessere Leistungen, auch am Arbeitsplatz. Mit Bereicherungen des B\u00fcroumfelds trainieren wir auch unseren Kopf. Dabei kann es sich um visuelle Herausforderungen handeln (also nicht mehr Grau in Grau), aber auch um mehr Bewegung und sensorische Anreize. Daf\u00fcr d\u00fcrfen wir einen Arbeitsraum nicht mehr f\u00fcr eine statische Nutzung einrichten, sondern so, dass er zu abwechslungsreichem, dynamischem Gebrauch einl\u00e4dt.<\/p>\n<p><em>&#8220;Die Menschen brauchen viel mehr Abwechslung.&#8221;<\/em><\/p>\n<p>Ganz konkret: Steh-Sitz-Tische. Wenn wir zwischen Sitzen und Stehen wechseln, ver\u00e4ndern wir unsere visuellen Reize und bekommen gleichzeitig mehr Raum f\u00fcr andere Haltungs- und Bewegungsarten. Aber es gibt beispielsweise auch dynamische Sitzl\u00f6sungen, die f\u00fcr mehr Abwechslung in Sachen Haltung sorgen, ohne dabei den Arbeitskomfort zu beeintr\u00e4chtigen.<\/p>\n<p><strong>Der richtige Monitorarm<\/strong><\/p>\n<p>Der daf\u00fcr sorgt, dass Sie auf der richtigen Augenh\u00f6he und mit dem richtigen Blickwinkel arbeiten. Es gibt unz\u00e4hlige M\u00f6glichkeiten, und wir verstehen, dass Sie vielleicht nicht selbst die richtige finden. Wir helfen Ihnen gerne mit passendem Rat.[\/vc_column_text]<a  href=\"https:\/\/www.filex.nl\/de\/kategorie\/monitorarme\/\"  target=\"_self\"  title=\"\" class=\"tt_button tt_secondary_button btn_primary_color  pull-left button-action-link\" ><span class=\"prim_text\">Werfen Sie einen Blick auf unsere Monitorarme<\/span><\/a>[\/vc_column][\/vc_row][vc_row full_width=&#8221;stretch_row&#8221; parallax=&#8221;content-moving&#8221; parallax_speed_bg=&#8221;1.4&#8243; kd_image_overlay_color=&#8221;rgba(0,0,0,0.5)&#8221; kd_image_overlay=&#8221;true&#8221; css=&#8221;.vc_custom_1624011385614{background: #1a1a1a url(https:\/\/www.filex.nl\/wp-content\/uploads\/2021\/06\/oplossingen-banner-scaled.jpg?id=7771);}&#8221;][vc_column css=&#8221;.vc_custom_1516095225433{padding-right: 0px !important;padding-left: 0px !important;}&#8221;][vc_row_inner css=&#8221;.vc_custom_1555673013129{padding-top: 150px !important;padding-bottom: 123px !important;}&#8221;][vc_column_inner width=&#8221;1\/12&#8243; css=&#8221;.vc_custom_1515166784808{padding-top: 50px !important;}&#8221;][\/vc_column_inner][vc_column_inner width=&#8221;4\/12&#8243;]<header class=\"kd-section-title col-lg-12 text-left     vc_custom_1665754776666\" ><h2 class=\"separator_off\" style=\"color: #ffffff;\">Wollen Sie \u00fcber die aktuellsten Neuigkeiten auf dem Laufenden bleiben?<\/h2><h6 class=\"subtitle \" style=\"color: #eeeeee;\">Mit unserem Newsletter bleiben Sie bez\u00fcglich neuester Entwicklungen und Produktinnovationen im Bereich der ergonomischen (Arbeitsplatz)L\u00f6sungen auf dem Laufenden.<\/h6><\/header>[\/vc_column_inner][vc_column_inner width=&#8221;1\/12&#8243;][\/vc_column_inner][vc_column_inner width=&#8221;5\/12&#8243;][vc_custom_heading text=&#8221;Melden Sie sich jetzt f\u00fcr unseren Newsletter an&#8221; font_container=&#8221;tag:h4|text_align:left|color:%23ffffff&#8221; use_theme_fonts=&#8221;yes&#8221; css_animation=&#8221;none&#8221; css=&#8221;.vc_custom_1665754806386{margin-bottom: 30px !important;}&#8221;]<div class=\"kd-contact-form full-width-cf white-input-bg\" >\n<div class=\"wpcf7 no-js\" id=\"wpcf7-f31960-o1\" lang=\"de-DE\" dir=\"ltr\" data-wpcf7-id=\"31960\">\n<div class=\"screen-reader-response\"><p role=\"status\" aria-live=\"polite\" aria-atomic=\"true\"><\/p> <ul><\/ul><\/div>\n<form action=\"\/de\/wp-json\/wp\/v2\/pages\/27205#wpcf7-f31960-o1\" method=\"post\" class=\"wpcf7-form init\" aria-label=\"Kontaktformular\" novalidate=\"novalidate\" data-status=\"init\">\n<div style=\"display: none;\">\n<input type=\"hidden\" name=\"_wpcf7\" value=\"31960\" \/>\n<input type=\"hidden\" name=\"_wpcf7_version\" value=\"6.0.6\" \/>\n<input type=\"hidden\" name=\"_wpcf7_locale\" value=\"de_DE\" \/>\n<input type=\"hidden\" name=\"_wpcf7_unit_tag\" value=\"wpcf7-f31960-o1\" \/>\n<input type=\"hidden\" name=\"_wpcf7_container_post\" value=\"0\" \/>\n<input type=\"hidden\" name=\"_wpcf7_posted_data_hash\" value=\"\" \/>\n<input type=\"hidden\" name=\"_wpcf7_recaptcha_response\" value=\"\" \/>\n<\/div>\n<p><span class=\"wpcf7-form-control-wrap\" data-name=\"your-name\"><input size=\"40\" maxlength=\"400\" class=\"wpcf7-form-control wpcf7-text wpcf7-validates-as-required\" aria-required=\"true\" aria-invalid=\"false\" placeholder=\"Ihre Name\" value=\"\" type=\"text\" name=\"your-name\" \/><\/span><br \/>\n<span class=\"wpcf7-form-control-wrap\" data-name=\"your-phone\"><input size=\"40\" maxlength=\"400\" class=\"wpcf7-form-control wpcf7-tel wpcf7-text wpcf7-validates-as-tel\" aria-invalid=\"false\" placeholder=\"Ihre Telefonnummer\" value=\"\" type=\"tel\" name=\"your-phone\" \/><\/span><br \/>\n<span class=\"wpcf7-form-control-wrap\" data-name=\"your-email\"><input size=\"40\" maxlength=\"400\" class=\"wpcf7-form-control wpcf7-email wpcf7-validates-as-required wpcf7-text wpcf7-validates-as-email\" aria-required=\"true\" aria-invalid=\"false\" placeholder=\"Ihre E-Mail-Adresse\" value=\"\" type=\"email\" name=\"your-email\" \/><\/span><br \/>\n<input class=\"wpcf7-form-control wpcf7-submit has-spinner\" type=\"submit\" value=\"Daten senden\" \/>\n<\/p><div class=\"wpcf7-response-output\" aria-hidden=\"true\"><\/div>\n<\/form>\n<\/div>\n<\/div>[\/vc_column_inner][vc_column_inner width=&#8221;1\/12&#8243;][\/vc_column_inner][\/vc_row_inner][\/vc_column][\/vc_row]<\/p>\n","protected":false},"excerpt":{"rendered":"<p>[vc_row][vc_column][vc_custom_heading text=&#8221;Regen Sie das Gehirn Ihrer Mitarbeiter mit einer bereichernden Arbeitsumgebung an&#8221; use_theme_fonts=&#8221;yes&#8221;][vc_column_text]Arbeiten Ihre Mitarbeiter [&hellip;]<\/p>\n","protected":false},"author":1,"featured_media":49182,"parent":27185,"menu_order":0,"comment_status":"closed","ping_status":"closed","template":"","meta":{"_acf_changed":false,"footnotes":""},"class_list":["post-27205","page","type-page","status-publish","has-post-thumbnail","hentry"],"acf":[],"_links":{"self":[{"href":"https:\/\/www.filex.nl\/de\/wp-json\/wp\/v2\/pages\/27205","targetHints":{"allow":["GET"]}}],"collection":[{"href":"https:\/\/www.filex.nl\/de\/wp-json\/wp\/v2\/pages"}],"about":[{"href":"https:\/\/www.filex.nl\/de\/wp-json\/wp\/v2\/types\/page"}],"author":[{"embeddable":true,"href":"https:\/\/www.filex.nl\/de\/wp-json\/wp\/v2\/users\/1"}],"replies":[{"embeddable":true,"href":"https:\/\/www.filex.nl\/de\/wp-json\/wp\/v2\/comments?post=27205"}],"version-history":[{"count":8,"href":"https:\/\/www.filex.nl\/de\/wp-json\/wp\/v2\/pages\/27205\/revisions"}],"predecessor-version":[{"id":32251,"href":"https:\/\/www.filex.nl\/de\/wp-json\/wp\/v2\/pages\/27205\/revisions\/32251"}],"up":[{"embeddable":true,"href":"https:\/\/www.filex.nl\/de\/wp-json\/wp\/v2\/pages\/27185"}],"wp:featuredmedia":[{"embeddable":true,"href":"https:\/\/www.filex.nl\/de\/wp-json\/wp\/v2\/media\/49182"}],"wp:attachment":[{"href":"https:\/\/www.filex.nl\/de\/wp-json\/wp\/v2\/media?parent=27205"}],"curies":[{"name":"wp","href":"https:\/\/api.w.org\/{rel}","templated":true}]}}