{"id":27212,"date":"2021-06-18T10:06:48","date_gmt":"2021-06-18T10:06:48","guid":{"rendered":"https:\/\/www.filex.nl\/oplossingen\/tuv-certificering\/"},"modified":"2022-10-13T19:52:15","modified_gmt":"2022-10-13T19:52:15","slug":"tuev-zertifizierung","status":"publish","type":"page","link":"https:\/\/www.filex.nl\/de\/loesungen\/tuev-zertifizierung\/","title":{"rendered":"T\u00dcV-Zertifizierung"},"content":{"rendered":"<p>[vc_row full_width=&#8221;stretch_row&#8221; parallax=&#8221;content-moving&#8221; css=&#8221;.vc_custom_1643384936911{padding-bottom: 85px !important;}&#8221;][vc_column][vc_row_inner][vc_column_inner css=&#8221;.vc_custom_1624015601177{padding-right: 50px !important;padding-left: 0px !important;}&#8221;]<header class=\"kd-section-title col-lg-12 text-left    \" ><h3 class=\"separator_off\" >Fast alle Filex-Produkte f\u00fcr die Elektrifizierung sind nicht nur, wie vorgeschrieben, CE-zertifiziert, sondern auch T\u00dcV-gepr\u00fcft! Aber was bedeutet das eigentlich und warum ist das so wichtig?<\/h3><\/header>[vc_custom_heading text=&#8221;Der Verbraucher und Ihre Auftraggeber brauchen Sicherheit und Zuverl\u00e4ssigkeit. G\u00fctesiegel machen auf einen Blick klar, dass Ihr Unternehmen diese Anforderung erf\u00fcllt.&#8221; font_container=&#8221;tag:h6|font_size:16px|text_align:left&#8221; use_theme_fonts=&#8221;yes&#8221; css_animation=&#8221;none&#8221;][vc_custom_heading text=&#8221;Eine T\u00dcV-Plakette best\u00e4tigt, dass Sie ein Produkt oder eine Dienstleistung liefern, das Qualit\u00e4tsanforderungen entspricht und sicher und\/oder umweltvertr\u00e4glich ist. Qualit\u00e4ts-, Sicherheits- und Umweltsiegel sind deshalb auch die h\u00e4ufigsten Formen. Letztendlich erwarten auch Sie von Ihren Zulieferern und Auftragnehmern Zuverl\u00e4ssigkeit.&#8221; font_container=&#8221;tag:h6|font_size:16px|text_align:left&#8221; use_theme_fonts=&#8221;yes&#8221; css_animation=&#8221;none&#8221;][vc_custom_heading text=&#8221;G\u00fctesiegel sorgen also f\u00fcr gegenseitige Transparenz. Dieses Vertrauen sorgt daf\u00fcr, dass die Risiken der Unternehmen minimiert werden k\u00f6nnen, und infolgedessen kommt es zu Verbesserungen Ihres Unternehmens sowohl auf der inner- als auch au\u00dferhalb. Ein G\u00fctesiegel kann die Entscheidung Ihrer Kunden und potentiellen Kunden, mit Ihrem Unternehmen Gesch\u00e4fte zu machen, positiv beeinflussen.&#8221; font_container=&#8221;tag:h6|font_size:16px|text_align:left&#8221; use_theme_fonts=&#8221;yes&#8221; css_animation=&#8221;none&#8221;][\/vc_column_inner][\/vc_row_inner][vc_row_inner css=&#8221;.vc_custom_1624016988165{margin-top: 45px !important;margin-bottom: 65px !important;border-top-width: 1px !important;border-bottom-width: 1px !important;padding-top: 45px !important;padding-bottom: 45px !important;border-top-color: rgba(132,132,132,0.15) !important;border-top-style: solid !important;border-bottom-color: rgba(132,132,132,0.15) !important;border-bottom-style: solid !important;}&#8221;][vc_column_inner width=&#8221;1\/3&#8243;]<div class=\"key-icon-box icon-default icon-top cont-center ib-no-effect\" style=\"background-color: transparent;\" ><div class=\"tt-iconbox-customimg img_medium_size\"><img decoding=\"async\" src=\"https:\/\/www.filex.nl\/wp-content\/uploads\/2021\/06\/tuv_gecertificeerd.svg\" class=\"attachment-full\" alt=\"\" \/><\/div><h6 class=\"service-heading\" >T\u00dcV-zertifiziert<\/h6><\/div>[\/vc_column_inner][vc_column_inner width=&#8221;1\/3&#8243;]<div class=\"key-icon-box icon-default icon-top cont-center ib-no-effect\" style=\"background-color: transparent;\" ><div class=\"tt-iconbox-customimg img_medium_size\"><img decoding=\"async\" src=\"https:\/\/www.filex.nl\/wp-content\/uploads\/2021\/05\/garantie.svg\" class=\"attachment-full\" alt=\"\" \/><\/div><h6 class=\"service-heading\" >5 Jahre Garantie<\/h6><\/div>[\/vc_column_inner][vc_column_inner width=&#8221;1\/3&#8243;]<div class=\"key-icon-box icon-default icon-top cont-center ib-no-effect\" style=\"background-color: transparent;\" ><div class=\"tt-iconbox-customimg img_medium_size\"><img decoding=\"async\" src=\"https:\/\/www.filex.nl\/wp-content\/uploads\/2021\/06\/tuv_elektrificatie.svg\" class=\"attachment-full\" alt=\"\" \/><\/div><h6 class=\"service-heading\" >Sichere Elektrik<\/h6><\/div>[\/vc_column_inner][\/vc_row_inner][vc_row_inner][vc_column_inner css=&#8221;.vc_custom_1624015601177{padding-right: 50px !important;padding-left: 0px !important;}&#8221;][vc_column_text]Die Mission und das Leitprinzip vom T\u00dcV Rheinland ist es, eine nachhaltige Entwicklung der Sicherheit und Qualit\u00e4t zu erreichen, um der Herausforderung zu begegnen, die aus der Interaktion zwischen Mensch, Technologie und Umwelt entsteht. Ihr Ziel, das Leben sicherer zu machen, erfordert feste Grunds\u00e4tze.<br \/>\nDer T\u00dcV Rheinland ist f\u00fchrender internationaler Anbieter von technischen Dienstleistungen. Sein Ziel ist es, der weltweit beste nachhaltige und unabh\u00e4ngige Anbieter von technischen Dienstleistungen wie Pr\u00fcfung, Inspektion, Zertifizierung, Beratung und Schulung zu sein.<\/p>\n<p><strong>Der T\u00dcV Rheinland tr\u00e4gt Verantwortung<\/strong><\/p>\n<p>Seit 1872 entwickeln sie L\u00f6sungen, um die Sicherheit und Qualit\u00e4t der Interaktion zwischen Mensch, Technologie und Umwelt zu gew\u00e4hrleisten. Er ist davon \u00fcberzeugt, dass der soziale und der technische Fortschritt intrinsisch miteinander verbunden sind.[\/vc_column_text][\/vc_column_inner][\/vc_row_inner][\/vc_column][\/vc_row][vc_row full_width=&#8221;stretch_row_content_no_spaces&#8221; equal_height=&#8221;yes&#8221; css=&#8221;.vc_custom_1644175073934{background-color: #f7f7f7 !important;}&#8221; el_class=&#8221;transparent_bg_blocks&#8221;][vc_column width=&#8221;1\/2&#8243; css=&#8221;.vc_custom_1644174855929{background-image: url(https:\/\/www.filex.nl\/wp-content\/uploads\/2021\/06\/filex-tuv-01.jpg?id=7870) !important;background-position: center !important;background-repeat: no-repeat !important;background-size: cover !important;}&#8221; offset=&#8221;vc_col-lg-6 vc_col-md-6 vc_col-xs-12&#8243;][vc_empty_space height=&#8221;200px&#8221;][\/vc_column][vc_column width=&#8221;1\/2&#8243; offset=&#8221;vc_col-lg-6 vc_col-md-6 vc_col-xs-12&#8243;][vc_row_inner css=&#8221;.vc_custom_1624017488588{padding-top: 60px !important;padding-bottom: 60px !important;}&#8221;][vc_column_inner]<div class=\"key-icon-box icon-default  cont-left ib-hover-2\" style=\"background-color: transparent;\" ><div class=\"ib-wrapper\"><h6 class=\"service-heading\" >Integrit\u00e4t<\/h6><p >Der T\u00dcV Rheinland ist nicht k\u00e4uflich und handelt ehrlich. Er lebt nach seinen eigenen Werten auf der Grundlage von Vertrauen und Transparenz. Er baut Vertrauen auf. Er stimmt all unsere Anstrengungen auf die geltenden Normen ab. Er macht seine Entscheidungen transparent und kommuniziert klar.<\/p><\/div><\/div>[\/vc_column_inner][\/vc_row_inner][\/vc_column][\/vc_row][vc_row full_width=&#8221;stretch_row_content_no_spaces&#8221; equal_height=&#8221;yes&#8221; css=&#8221;.vc_custom_1644175094438{background-color: #f7f7f7 !important;}&#8221; el_class=&#8221;transparent_bg_blocks&#8221;][vc_column width=&#8221;1\/2&#8243; css=&#8221;.vc_custom_1644174942336{padding-top: 0px !important;}&#8221; offset=&#8221;vc_col-lg-6 vc_col-md-6 vc_col-xs-12&#8243;][vc_row_inner css=&#8221;.vc_custom_1624017493554{padding-top: 60px !important;padding-bottom: 60px !important;}&#8221;][vc_column_inner]<div class=\"key-icon-box icon-default  cont-left ib-hover-2\" style=\"background-color: transparent;\" ><div class=\"ib-wrapper\"><h6 class=\"service-heading\" >Exzellenz<\/h6><p >Er erreicht bei all seinen Verfahren und Produkten Exzellenz. Nur wirklich gute Arbeit befriedigt ihn. Seine umfassende Fachkompetenz ist daf\u00fcr eine Grundvoraussetzung. Er entwickelt auch unsere Produkte durch gezielte Innovationen weiter. Sicherheit hat f\u00fcr ihn die h\u00f6chste Priorit\u00e4t.<\/p><\/div><\/div>[\/vc_column_inner][\/vc_row_inner][\/vc_column][vc_column width=&#8221;1\/2&#8243; offset=&#8221;vc_col-lg-6 vc_col-md-6 vc_col-xs-12&#8243; css=&#8221;.vc_custom_1644174954309{background-image: url(https:\/\/www.filex.nl\/wp-content\/uploads\/2021\/06\/filex-tuv-02.jpg?id=7882) !important;background-position: center !important;background-repeat: no-repeat !important;background-size: cover !important;}&#8221;][vc_empty_space height=&#8221;200px&#8221;][\/vc_column][\/vc_row][vc_row full_width=&#8221;stretch_row_content_no_spaces&#8221; equal_height=&#8221;yes&#8221; css=&#8221;.vc_custom_1644175089919{background-color: #f7f7f7 !important;}&#8221; el_class=&#8221;transparent_bg_blocks&#8221;][vc_column width=&#8221;1\/2&#8243; css=&#8221;.vc_custom_1644174962794{padding-top: 0px !important;background-image: url(https:\/\/www.filex.nl\/wp-content\/uploads\/2021\/06\/filex-tuv-04.jpg?id=7872) !important;background-position: center !important;background-repeat: no-repeat !important;background-size: cover !important;}&#8221; offset=&#8221;vc_col-lg-6 vc_col-md-6 vc_col-xs-12&#8243;][vc_empty_space height=&#8221;200px&#8221;][\/vc_column][vc_column width=&#8221;1\/2&#8243; offset=&#8221;vc_col-lg-6 vc_col-md-6 vc_col-xs-12&#8243;][vc_row_inner css=&#8221;.vc_custom_1624017508890{padding-top: 60px !important;padding-bottom: 60px !important;}&#8221;][vc_column_inner]<div class=\"key-icon-box icon-default  cont-left ib-hover-2\" style=\"background-color: transparent;\" ><div class=\"ib-wrapper\"><h6 class=\"service-heading\" >Gewandtheit<\/h6><p >Beim T\u00dcV Rheinland sind sie wendig, flexibel und reagieren schnell auf eine sich ver\u00e4ndernde Welt. Sie gehen direkt auf Marktentwicklungen und die Gesellschaft als Ganzes ein. Sie managen ihre eigenen Ver\u00e4nderungen aktiv und betrachten Ver\u00e4nderung als Chance. Sie bleiben flexibel und evaluieren best\u00e4ndig voller Energie.<\/p><\/div><\/div>[\/vc_column_inner][\/vc_row_inner][\/vc_column][\/vc_row][vc_row full_width=&#8221;stretch_row&#8221; css=&#8221;.vc_custom_1624018560846{padding-top: 100px !important;padding-bottom: 70px !important;}&#8221;][vc_column css=&#8221;.vc_custom_1516029502203{padding-right: 0px !important;padding-left: 0px !important;}&#8221;][vc_row_inner][vc_column_inner css=&#8221;.vc_custom_1624015601177{padding-right: 50px !important;padding-left: 0px !important;}&#8221;][vc_custom_heading text=&#8221;T\u00dcV\u00ae: eingetragene Marke&#8221; font_container=&#8221;tag:h5|text_align:left&#8221; use_theme_fonts=&#8221;yes&#8221; css_animation=&#8221;none&#8221;][vc_column_text]Jeder kennt den T\u00dcV, sowohl in den Niederlanden als auch in Deutschland und weltweit. T\u00dcV ist f\u00fcr viele zu Recht ein Synonym f\u00fcr unabh\u00e4ngig gepr\u00fcfte Qualit\u00e4t und Sicherheit. Wenn es um die gew\u00fcnschte Qualit\u00e4t von Dienstleistungen und Produkten geht, spricht man im Allgemeinen vom T\u00dcV. Genauso wie der T\u00dcV Rheinland\u00ae ist auch die Marke T\u00dcV\u00ae eingetragen. Sie darf ausschlie\u00dflich von T\u00dcV-Betrieben verwendet werden. Das sorgt f\u00fcr Markenschutz in den Niederlanden, Deutschland, Europa und zahlreichen anderen L\u00e4ndern weltweit. Es ist also gew\u00e4hrleistet, dass die Menschen in der Zukunft die getestete Qualit\u00e4t von T\u00dcV-Unternehmen an den vertrauten drei Buchstaben wiedererkennen und dass sie den T\u00dcV Rheinland mit einer ausgesprochenen Markenbindung assoziieren: T\u00dcV Rheinland\u00ae.[\/vc_column_text][\/vc_column_inner][\/vc_row_inner][\/vc_column][\/vc_row][vc_row full_width=&#8221;stretch_row&#8221; parallax=&#8221;content-moving&#8221; parallax_speed_bg=&#8221;1.4&#8243; kd_image_overlay_color=&#8221;rgba(0,0,0,0.5)&#8221; kd_image_overlay=&#8221;true&#8221; css=&#8221;.vc_custom_1624011385614{background: #1a1a1a url(https:\/\/www.filex.nl\/wp-content\/uploads\/2021\/06\/oplossingen-banner-scaled.jpg?id=7771);}&#8221;][vc_column css=&#8221;.vc_custom_1516095225433{padding-right: 0px !important;padding-left: 0px !important;}&#8221;][vc_row_inner css=&#8221;.vc_custom_1555673013129{padding-top: 150px !important;padding-bottom: 123px !important;}&#8221;][vc_column_inner width=&#8221;1\/12&#8243; css=&#8221;.vc_custom_1515166784808{padding-top: 50px !important;}&#8221;][\/vc_column_inner][vc_column_inner width=&#8221;4\/12&#8243;]<header class=\"kd-section-title col-lg-12 text-left     vc_custom_1665690718535\" ><h2 class=\"separator_off\" style=\"color: #ffffff;\">Wollen Sie \u00fcber die aktuellsten Neuigkeiten auf dem Laufenden bleiben?<\/h2><h6 class=\"subtitle \" style=\"color: #eeeeee;\">Mit unserem Newsletter bleiben Sie bez\u00fcglich neuester Entwicklungen und Produktinnovationen im Bereich der ergonomischen (Arbeitsplatz)L\u00f6sungen auf dem Laufenden.<\/h6><\/header>[\/vc_column_inner][vc_column_inner width=&#8221;1\/12&#8243;][\/vc_column_inner][vc_column_inner width=&#8221;5\/12&#8243;][vc_custom_heading text=&#8221;Melden Sie sich jetzt f\u00fcr unseren Newsletter an&#8221; font_container=&#8221;tag:h4|text_align:left|color:%23ffffff&#8221; use_theme_fonts=&#8221;yes&#8221; css_animation=&#8221;none&#8221; css=&#8221;.vc_custom_1665690732669{margin-bottom: 30px !important;}&#8221;]<div class=\"kd-contact-form full-width-cf white-input-bg\" >\n<div class=\"wpcf7 no-js\" id=\"wpcf7-f31960-o1\" lang=\"de-DE\" dir=\"ltr\" data-wpcf7-id=\"31960\">\n<div class=\"screen-reader-response\"><p role=\"status\" aria-live=\"polite\" aria-atomic=\"true\"><\/p> <ul><\/ul><\/div>\n<form action=\"\/de\/wp-json\/wp\/v2\/pages\/27212#wpcf7-f31960-o1\" method=\"post\" class=\"wpcf7-form init\" aria-label=\"Kontaktformular\" novalidate=\"novalidate\" data-status=\"init\">\n<div style=\"display: none;\">\n<input type=\"hidden\" name=\"_wpcf7\" value=\"31960\" \/>\n<input type=\"hidden\" name=\"_wpcf7_version\" value=\"6.0.6\" \/>\n<input type=\"hidden\" name=\"_wpcf7_locale\" value=\"de_DE\" \/>\n<input type=\"hidden\" name=\"_wpcf7_unit_tag\" value=\"wpcf7-f31960-o1\" \/>\n<input type=\"hidden\" name=\"_wpcf7_container_post\" value=\"0\" \/>\n<input type=\"hidden\" name=\"_wpcf7_posted_data_hash\" value=\"\" \/>\n<input type=\"hidden\" name=\"_wpcf7_recaptcha_response\" value=\"\" \/>\n<\/div>\n<p><span class=\"wpcf7-form-control-wrap\" data-name=\"your-name\"><input size=\"40\" maxlength=\"400\" class=\"wpcf7-form-control wpcf7-text wpcf7-validates-as-required\" aria-required=\"true\" aria-invalid=\"false\" placeholder=\"Ihre Name\" value=\"\" type=\"text\" name=\"your-name\" \/><\/span><br \/>\n<span class=\"wpcf7-form-control-wrap\" data-name=\"your-phone\"><input size=\"40\" maxlength=\"400\" class=\"wpcf7-form-control wpcf7-tel wpcf7-text wpcf7-validates-as-tel\" aria-invalid=\"false\" placeholder=\"Ihre Telefonnummer\" value=\"\" type=\"tel\" name=\"your-phone\" \/><\/span><br \/>\n<span class=\"wpcf7-form-control-wrap\" data-name=\"your-email\"><input size=\"40\" maxlength=\"400\" class=\"wpcf7-form-control wpcf7-email wpcf7-validates-as-required wpcf7-text wpcf7-validates-as-email\" aria-required=\"true\" aria-invalid=\"false\" placeholder=\"Ihre E-Mail-Adresse\" value=\"\" type=\"email\" name=\"your-email\" \/><\/span><br \/>\n<input class=\"wpcf7-form-control wpcf7-submit has-spinner\" type=\"submit\" value=\"Daten senden\" \/>\n<\/p><div class=\"wpcf7-response-output\" aria-hidden=\"true\"><\/div>\n<\/form>\n<\/div>\n<\/div>[\/vc_column_inner][vc_column_inner width=&#8221;1\/12&#8243;][\/vc_column_inner][\/vc_row_inner][\/vc_column][\/vc_row]<\/p>\n","protected":false},"excerpt":{"rendered":"<p>[vc_row full_width=&#8221;stretch_row&#8221; parallax=&#8221;content-moving&#8221; css=&#8221;.vc_custom_1643384936911{padding-bottom: 85px !important;}&#8221;][vc_column][vc_row_inner][vc_column_inner css=&#8221;.vc_custom_1624015601177{padding-right: 50px !important;padding-left: 0px !important;}&#8221;][vc_custom_heading text=&#8221;Der Verbraucher und Ihre [&hellip;]<\/p>\n","protected":false},"author":1,"featured_media":13834,"parent":27157,"menu_order":0,"comment_status":"closed","ping_status":"closed","template":"","meta":{"_acf_changed":false,"footnotes":""},"class_list":["post-27212","page","type-page","status-publish","has-post-thumbnail","hentry"],"acf":[],"_links":{"self":[{"href":"https:\/\/www.filex.nl\/de\/wp-json\/wp\/v2\/pages\/27212","targetHints":{"allow":["GET"]}}],"collection":[{"href":"https:\/\/www.filex.nl\/de\/wp-json\/wp\/v2\/pages"}],"about":[{"href":"https:\/\/www.filex.nl\/de\/wp-json\/wp\/v2\/types\/page"}],"author":[{"embeddable":true,"href":"https:\/\/www.filex.nl\/de\/wp-json\/wp\/v2\/users\/1"}],"replies":[{"embeddable":true,"href":"https:\/\/www.filex.nl\/de\/wp-json\/wp\/v2\/comments?post=27212"}],"version-history":[{"count":10,"href":"https:\/\/www.filex.nl\/de\/wp-json\/wp\/v2\/pages\/27212\/revisions"}],"predecessor-version":[{"id":32173,"href":"https:\/\/www.filex.nl\/de\/wp-json\/wp\/v2\/pages\/27212\/revisions\/32173"}],"up":[{"embeddable":true,"href":"https:\/\/www.filex.nl\/de\/wp-json\/wp\/v2\/pages\/27157"}],"wp:featuredmedia":[{"embeddable":true,"href":"https:\/\/www.filex.nl\/de\/wp-json\/wp\/v2\/media\/13834"}],"wp:attachment":[{"href":"https:\/\/www.filex.nl\/de\/wp-json\/wp\/v2\/media?parent=27212"}],"curies":[{"name":"wp","href":"https:\/\/api.w.org\/{rel}","templated":true}]}}