{"id":27216,"date":"2021-06-25T14:06:18","date_gmt":"2021-06-25T14:06:18","guid":{"rendered":"https:\/\/www.filex.nl\/oplossingen\/office\/"},"modified":"2024-09-14T12:25:16","modified_gmt":"2024-09-14T12:25:16","slug":"buero","status":"publish","type":"page","link":"https:\/\/www.filex.nl\/de\/loesungen\/buero\/","title":{"rendered":"B\u00fcro"},"content":{"rendered":"<p>[vc_row equal_height=&#8221;yes&#8221; el_class=&#8221;equal_height_blocks content_blocks&#8221; css=&#8221;.vc_custom_1644174620045{padding-bottom: 45px !important;}&#8221;][vc_column width=&#8221;1\/3&#8243;]<div class=\"kd-photobox  \" ><a href=\"https:\/\/www.filex.nl\/de\/loesungen\/buero\/ist-das-buero-der-zukunft-nur-noch-ein-ort-an-dem-man-fuer-besprechungen-zusammenkommt\/\"  title=\"Ist das B\u00fcro der Zukunft nur noch ein Ort, an dem man f\u00fcr Besprechungen zusammenkommt?\"><div class=\"photobox-img\"><img loading=\"lazy\" decoding=\"async\" width=\"1920\" height=\"1280\" src=\"https:\/\/www.filex.nl\/wp-content\/uploads\/2021\/06\/filex-office-01.jpg\" class=\"attachment-full\" alt=\"\" srcset=\"https:\/\/www.filex.nl\/wp-content\/uploads\/2021\/06\/filex-office-01.jpg 1920w, https:\/\/www.filex.nl\/wp-content\/uploads\/2021\/06\/filex-office-01-800x533.jpg 800w, https:\/\/www.filex.nl\/wp-content\/uploads\/2021\/06\/filex-office-01-64x43.jpg 64w, https:\/\/www.filex.nl\/wp-content\/uploads\/2021\/06\/filex-office-01-300x200.jpg 300w, https:\/\/www.filex.nl\/wp-content\/uploads\/2021\/06\/filex-office-01-1024x683.jpg 1024w, https:\/\/www.filex.nl\/wp-content\/uploads\/2021\/06\/filex-office-01-768x512.jpg 768w, https:\/\/www.filex.nl\/wp-content\/uploads\/2021\/06\/filex-office-01-1536x1024.jpg 1536w\" sizes=\"auto, (max-width: 1920px) 100vw, 1920px\" \/><\/div><div class=\"phb-content text-left \" >\n                  <h5 >Ist das B\u00fcro der Zukunft nur noch ein Ort, an dem man f\u00fcr Besprechungen zusammenkommt?<\/h5>\n                  <p >Wir haben eine intensive Zeit voller Unsicherheiten, sich ver\u00e4ndernder Arbeitsumgebungen und Zukunftsprognosen hinter uns. Gerade mit der Zukunft besch\u00e4ftigen wir uns h\u00e4ufig. Wir nehmen Signale des Marktes wahr, es wurden Studien \u00fcber die R\u00fcckkehr ins B\u00fcro durchgef\u00fchrt, und eines bekommen wir st\u00e4ndig zu h\u00f6ren: \u201eHybrides Arbeiten\u201c.<\/p><\/div><\/a><\/div>[\/vc_column][vc_column width=&#8221;1\/3&#8243;]<div class=\"kd-photobox  \" ><a href=\"https:\/\/www.filex.nl\/de\/loesungen\/buero\/ein-monitorarm-fuer-jeden-arbeitsplatz\/\"  title=\"\"><div class=\"photobox-img\"><img loading=\"lazy\" decoding=\"async\" width=\"1920\" height=\"1280\" src=\"https:\/\/www.filex.nl\/wp-content\/uploads\/2021\/06\/filex-office-02.jpg\" class=\"attachment-full\" alt=\"\" srcset=\"https:\/\/www.filex.nl\/wp-content\/uploads\/2021\/06\/filex-office-02.jpg 1920w, https:\/\/www.filex.nl\/wp-content\/uploads\/2021\/06\/filex-office-02-800x533.jpg 800w, https:\/\/www.filex.nl\/wp-content\/uploads\/2021\/06\/filex-office-02-64x43.jpg 64w, https:\/\/www.filex.nl\/wp-content\/uploads\/2021\/06\/filex-office-02-300x200.jpg 300w, https:\/\/www.filex.nl\/wp-content\/uploads\/2021\/06\/filex-office-02-1024x683.jpg 1024w, https:\/\/www.filex.nl\/wp-content\/uploads\/2021\/06\/filex-office-02-768x512.jpg 768w, https:\/\/www.filex.nl\/wp-content\/uploads\/2021\/06\/filex-office-02-1536x1024.jpg 1536w\" sizes=\"auto, (max-width: 1920px) 100vw, 1920px\" \/><\/div><div class=\"phb-content text-left \" >\n                  <h5 >Ein Monitorarm f\u00fcr jeden Arbeitsplatz<\/h5>\n                  <p >Ein ergonomischer Arbeitsplatz f\u00f6rdert den Komfort und die Produktivit\u00e4t der B\u00fcroarbeitskr\u00e4fte. Mit ein paar kleinen Anpassungen l\u00e4sst sich ganz einfach der ideale Arbeitsplatz schaffen. Filex entwickelt und liefert hochwertige Monitorst\u00e4nder f\u00fcr sch\u00f6nere und ges\u00fcndere Arbeitspl\u00e4tze.<\/p><\/div><\/a><\/div>[\/vc_column][vc_column width=&#8221;1\/3&#8243;]<div class=\"kd-photobox  \" ><a href=\"https:\/\/www.filex.nl\/de\/loesungen\/buero\/wie-foerdern-sie-dauerhafte-leistung-im-buero\/\"  title=\"\"><div class=\"photobox-img\"><img loading=\"lazy\" decoding=\"async\" width=\"1920\" height=\"1280\" src=\"https:\/\/www.filex.nl\/wp-content\/uploads\/2021\/06\/filex-office-03.jpg\" class=\"attachment-full\" alt=\"\" srcset=\"https:\/\/www.filex.nl\/wp-content\/uploads\/2021\/06\/filex-office-03.jpg 1920w, https:\/\/www.filex.nl\/wp-content\/uploads\/2021\/06\/filex-office-03-800x533.jpg 800w, https:\/\/www.filex.nl\/wp-content\/uploads\/2021\/06\/filex-office-03-64x43.jpg 64w, https:\/\/www.filex.nl\/wp-content\/uploads\/2021\/06\/filex-office-03-300x200.jpg 300w, https:\/\/www.filex.nl\/wp-content\/uploads\/2021\/06\/filex-office-03-1024x683.jpg 1024w, https:\/\/www.filex.nl\/wp-content\/uploads\/2021\/06\/filex-office-03-768x512.jpg 768w, https:\/\/www.filex.nl\/wp-content\/uploads\/2021\/06\/filex-office-03-1536x1024.jpg 1536w\" sizes=\"auto, (max-width: 1920px) 100vw, 1920px\" \/><\/div><div class=\"phb-content text-left \" >\n                  <h5 >Wie f\u00f6rdern Sie dauerhafte Leistung im B\u00fcro?<\/h5>\n                  <p >Zu den Folgen der immer weiter zunehmenden Digitalisierung geh\u00f6ren ein (zu) hoher Arbeitsdruck und Bewegungsmangel. Neben diesen negativen Folgen hat die Digitalisierung aber auch positive Auswirkungen. So scheint die Digitalisierung beispielsweise f\u00fcr die Kostenkontrolle in Unternehmen notwendig zu sein. So scheint ein Spannungsverh\u00e4ltnis zwischen den W\u00fcnschen der Unternehmen und denen der Mitarbeiter zu entstehen. Wie k\u00f6nnen die Interessen der Mitarbeiter und der Firma aufeinander abgestimmt werden?<\/p><\/div><\/a><\/div>[\/vc_column][\/vc_row]<\/p>\n","protected":false},"excerpt":{"rendered":"<p>[vc_row equal_height=&#8221;yes&#8221; el_class=&#8221;equal_height_blocks content_blocks&#8221; css=&#8221;.vc_custom_1644174620045{padding-bottom: 45px !important;}&#8221;][vc_column width=&#8221;1\/3&#8243;][\/vc_column][vc_column width=&#8221;1\/3&#8243;][\/vc_column][vc_column width=&#8221;1\/3&#8243;][\/vc_column][\/vc_row]<\/p>\n","protected":false},"author":1,"featured_media":13891,"parent":27157,"menu_order":0,"comment_status":"closed","ping_status":"closed","template":"","meta":{"_acf_changed":false,"footnotes":""},"class_list":["post-27216","page","type-page","status-publish","has-post-thumbnail","hentry"],"acf":[],"_links":{"self":[{"href":"https:\/\/www.filex.nl\/de\/wp-json\/wp\/v2\/pages\/27216","targetHints":{"allow":["GET"]}}],"collection":[{"href":"https:\/\/www.filex.nl\/de\/wp-json\/wp\/v2\/pages"}],"about":[{"href":"https:\/\/www.filex.nl\/de\/wp-json\/wp\/v2\/types\/page"}],"author":[{"embeddable":true,"href":"https:\/\/www.filex.nl\/de\/wp-json\/wp\/v2\/users\/1"}],"replies":[{"embeddable":true,"href":"https:\/\/www.filex.nl\/de\/wp-json\/wp\/v2\/comments?post=27216"}],"version-history":[{"count":11,"href":"https:\/\/www.filex.nl\/de\/wp-json\/wp\/v2\/pages\/27216\/revisions"}],"predecessor-version":[{"id":44714,"href":"https:\/\/www.filex.nl\/de\/wp-json\/wp\/v2\/pages\/27216\/revisions\/44714"}],"up":[{"embeddable":true,"href":"https:\/\/www.filex.nl\/de\/wp-json\/wp\/v2\/pages\/27157"}],"wp:featuredmedia":[{"embeddable":true,"href":"https:\/\/www.filex.nl\/de\/wp-json\/wp\/v2\/media\/13891"}],"wp:attachment":[{"href":"https:\/\/www.filex.nl\/de\/wp-json\/wp\/v2\/media?parent=27216"}],"curies":[{"name":"wp","href":"https:\/\/api.w.org\/{rel}","templated":true}]}}