{"id":27226,"date":"2021-11-15T10:43:02","date_gmt":"2021-11-15T10:43:02","guid":{"rendered":"https:\/\/www.filex.nl\/over-ons\/design-studio\/"},"modified":"2022-10-10T14:11:39","modified_gmt":"2022-10-10T14:11:39","slug":"designstudio","status":"publish","type":"page","link":"https:\/\/www.filex.nl\/de\/ueber-uns\/designstudio\/","title":{"rendered":"Designstudio"},"content":{"rendered":"<p>[vc_row css=&#8221;.vc_custom_1643207551394{margin-bottom: 50px !important;}&#8221;][vc_column][vc_custom_heading text=&#8221;Designstudio&#8221; use_theme_fonts=&#8221;yes&#8221;][vc_column_text]Designphilosophie von Filex.<\/p>\n<p>Filex wurde 1985 gegr\u00fcndet und hat sich von einem einzelnen Designer zu einem ehrgeizigen Team von Designern, Ingenieuren und Prototypisten entwickelt. Das Studio ist das Zentrum der Kreativit\u00e4t und der neuen Innovationen.<\/p>\n<p>Die innovativsten Produkte, geradliniges Design, die beste Qualit\u00e4t, die schlanken und stilvollen Entw\u00fcrfe, die auf Funktion und innovativen L\u00f6sungen beruhen. Wir wollen Ihnen in erster Linie die Arbeit erleichtern und finden, dass dazu ein passender Arbeitsplatz geh\u00f6rt, der mit allem Komfort ausgestattet ist, der Sie unterst\u00fctzt und den Arbeitstag erleichtert.<\/p>\n<p>Wir versuchen, die Kluft zwischen Eleganz und Funktion durch ein zeitloses Design zu verkleinern. Wir gehen keine Kompromisse ein, sondern suchen nach L\u00f6sungen, die wirklich etwas bewirken.<\/p>\n<p>Bei der Wahl der Materialien ist uns die Nachhaltigkeit wichtig und wie weit sich alles wiederverwerten l\u00e4sst. Der Schwerpunkt beim gesamten Prozess vom Zeichentisch \u00fcber die Produktion bis hin zur Auslieferung aller Filex-Produkte liegt vor allem auf der Materialwahl. Wir denken an die Zukunft. Nicht nur bei einem neuen Arbeitsplatz, sondern schon von dem Moment an, wo alles bei uns beginnt.<\/p>\n<p>Jedes unserer ergonomischen Produkte ist auf maximalen Komfort, eine lange Lebensdauer und minimale Umweltbelastung ausgelegt.<\/p>\n<p>We make work easy. Together.[\/vc_column_text][vc_gallery type=&#8221;image_grid&#8221; images=&#8221;10539,10540,10541&#8243; img_size=&#8221;400&#215;300&#8243; css=&#8221;.vc_custom_1643321340600{margin-top: 25px !important;margin-bottom: 25px !important;}&#8221;][\/vc_column][\/vc_row]<\/p>\n","protected":false},"excerpt":{"rendered":"<p>[vc_row css=&#8221;.vc_custom_1643207551394{margin-bottom: 50px !important;}&#8221;][vc_column][vc_custom_heading text=&#8221;Designstudio&#8221; use_theme_fonts=&#8221;yes&#8221;][vc_column_text]Designphilosophie von Filex. Filex wurde 1985 gegr\u00fcndet und hat sich [&hellip;]<\/p>\n","protected":false},"author":1,"featured_media":14762,"parent":27161,"menu_order":0,"comment_status":"closed","ping_status":"closed","template":"","meta":{"_acf_changed":false,"footnotes":""},"class_list":["post-27226","page","type-page","status-publish","has-post-thumbnail","hentry"],"acf":[],"_links":{"self":[{"href":"https:\/\/www.filex.nl\/de\/wp-json\/wp\/v2\/pages\/27226","targetHints":{"allow":["GET"]}}],"collection":[{"href":"https:\/\/www.filex.nl\/de\/wp-json\/wp\/v2\/pages"}],"about":[{"href":"https:\/\/www.filex.nl\/de\/wp-json\/wp\/v2\/types\/page"}],"author":[{"embeddable":true,"href":"https:\/\/www.filex.nl\/de\/wp-json\/wp\/v2\/users\/1"}],"replies":[{"embeddable":true,"href":"https:\/\/www.filex.nl\/de\/wp-json\/wp\/v2\/comments?post=27226"}],"version-history":[{"count":3,"href":"https:\/\/www.filex.nl\/de\/wp-json\/wp\/v2\/pages\/27226\/revisions"}],"predecessor-version":[{"id":32045,"href":"https:\/\/www.filex.nl\/de\/wp-json\/wp\/v2\/pages\/27226\/revisions\/32045"}],"up":[{"embeddable":true,"href":"https:\/\/www.filex.nl\/de\/wp-json\/wp\/v2\/pages\/27161"}],"wp:featuredmedia":[{"embeddable":true,"href":"https:\/\/www.filex.nl\/de\/wp-json\/wp\/v2\/media\/14762"}],"wp:attachment":[{"href":"https:\/\/www.filex.nl\/de\/wp-json\/wp\/v2\/media?parent=27226"}],"curies":[{"name":"wp","href":"https:\/\/api.w.org\/{rel}","templated":true}]}}