{"id":27240,"date":"2021-11-15T10:33:04","date_gmt":"2021-11-15T10:33:04","guid":{"rendered":"https:\/\/www.filex.nl\/over-ons\/vacatures\/"},"modified":"2022-10-14T13:55:41","modified_gmt":"2022-10-14T13:55:41","slug":"freie-stellen","status":"publish","type":"page","link":"https:\/\/www.filex.nl\/de\/ueber-uns\/freie-stellen\/","title":{"rendered":"Freie Stellen"},"content":{"rendered":"<p>[vc_row][vc_column][vc_custom_heading text=&#8221;Freie Stellen&#8221; use_theme_fonts=&#8221;yes&#8221;][vc_column_text]Innovate with Us!<\/p>\n<p>Design und innovative Denkf\u00e4higkeit sind die treibende Kraft bei Filex. Aktuell haben wir keine freien Stellen. Sie k\u00f6nnen uns jederzeit \u00fcber\u00a0<a href=\"https:\/\/www.filex.nl\/de\/kontakt\/\">Kontakt<\/a> eine Initiativbewerbung schicken und Mitglied unseres wachsenden Teams und der Filex-Community werden.<\/p>\n<p><strong>We make work easy. Together.<\/strong>[\/vc_column_text][\/vc_column][\/vc_row][vc_row css=&#8221;.vc_custom_1643207194193{margin-bottom: 50px !important;}&#8221;][vc_column]<ul class=\"kd-icon-list\" ><li class=\"kd-icon-list-item\"><span class=\"kd-list-text\" ><strong>Unsere Leute:<\/strong><\/p>\n<p>Bei Filex wollen wir die Menschen mit neuen Innovationen und Entwicklungen in der Branche inspirieren. Unser Team kreiert mithilfe der neuesten und gleichzeitig patentierten Filex-Techniken einen Arbeitsplatz, der so ergonomisch wie m\u00f6glich und zukunftsorientiert ist, sich m\u00f6glichst leicht einstellen l\u00e4sst und mit allem Benutzerkomfort ausgestattet ist. Entworfen von unserem Designteam in den Niederlanden und zusammen mit unseren Produktexperten in unseren eigenen Fabriken entwickelt. In unserem Team arbeiten Menschen mit einzigartigen Talenten und Perspektiven, die dem Benutzer einen neuen Blick auf den Arbeitsplatz der Zukunft geben. Wir haben den Blick f\u00fcrs Detail und ein gemeinsames Ziel: &#8220;We make work easy. Together with you.&#8221;<\/li><li class=\"kd-icon-list-item\"><span class=\"kd-list-text\" ><strong>Unsere Produkte:<\/strong><\/p>\n<p>Wenn Sie sich unserem Team anschlie\u00dfen, ist es wichtig, dass Sie direkt Erfahrungen mit der Welt unserer Kunden und unserer Branche sammeln. Wir nehmen Sie mit in die Welt von Filex und lassen Sie Erfahrungen mit unserem gesamten Sortiment von ergonomischen Produkten sammeln. Wir verf\u00fcgen \u00fcber ein breites Sortiment von ergonomischen Produkten bis hin zu CPU-Haltern, Elektrifizierungseinheiten und allem, was dazu geh\u00f6rt. Zusammen machen wir aus einem Arbeitsplatz einen Platz, an dem man auch tats\u00e4chlich arbeiten kann.<\/li><li class=\"kd-icon-list-item\"><span class=\"kd-list-text\" ><strong>Designphilosophie:<\/strong><\/p>\n<p>Wir konzentrieren uns auf ein geradliniges Design, eine schlanke Ausf\u00fchrung und eine stilvolle Ausstrahlung. Qualit\u00e4t und Kundenorientierung werden bei uns gro\u00dfgeschrieben, weshalb wir unseren Kunden auch sage und schreibe 5 Jahre Garantie gew\u00e4hren. Wir stellen alles mit Blick auf Umwelt und Nachhaltigkeit her. Als Teammitglieder finden wir es klasse, wenn Sie mit uns mitdenken und uns aus Ihrer Erfahrung und Ihrer Kompetenz heraus an Ihrer Perspektive teilhaben lassen. So k\u00f6nnen wir zusammen mit Ihnen alle M\u00f6glichkeiten und zukunftsorientierten Gestaltungen besprechen.<\/li><li class=\"kd-icon-list-item\"><span class=\"kd-list-text\" ><strong>Wachstumschancen:<\/strong><\/p>\n<p>Wir bei Filex halten es f\u00fcr sehr wichtig, dass unsere Teammitglieder die M\u00f6glichkeit bekommen, sich selbst weiterzuentwickeln und ihre Fertigkeiten auszubauen. Unsere Teammitglieder bekommen die Chance, ihre Leistung jederzeit zu verbessern. Schlie\u00dflich denken wir gerne \u2018out of the box\u2019, um so zusammen neue Entwicklungen umzusetzen.<\/li><li class=\"kd-icon-list-item\"><span class=\"kd-list-text\" ><strong>Internationale Reichweite:<\/strong><\/p>\n<p>Filex ist eine Marke, die weltweit aktiv ist. Dies bedeutet, dass Sie die Chance bekommen, viele neue Kontakte zu kn\u00fcpfen, und das nicht nur innerhalb der Niederlande, Europa oder der Beneluxl\u00e4nder, sondern auch in allen anderen Teilen der Welt. Wir bieten unseren Teammitgliedern endlose Wachstumsm\u00f6glichkeiten. Wir kennen keine Grenzen!<\/li><\/ul>[\/vc_column][\/vc_row][vc_row css=&#8221;.vc_custom_1643207194193{margin-bottom: 50px !important;}&#8221;][vc_column][vc_column_text]Derzeit gibt es keine freien Stellen.[\/vc_column_text]<a  href=\"https:\/\/www.filex.nl\/de\/ueber-uns\/freie-stellen\/offene-bewerbung\/\"  target=\"_self\"  title=\"\" class=\"tt_button tt_primary_button btn_primary_color  pull-left button-action-link\" ><span class=\"prim_text\">Klicken Sie hier, um eine offene Bewerbung abzuschicken<\/span><\/a>[\/vc_column][\/vc_row]<\/p>\n","protected":false},"excerpt":{"rendered":"<p>[vc_row][vc_column][vc_custom_heading text=&#8221;Freie Stellen&#8221; use_theme_fonts=&#8221;yes&#8221;][vc_column_text]Innovate with Us! Design und innovative Denkf\u00e4higkeit sind die treibende Kraft bei [&hellip;]<\/p>\n","protected":false},"author":1,"featured_media":14714,"parent":27161,"menu_order":0,"comment_status":"closed","ping_status":"closed","template":"","meta":{"_acf_changed":false,"footnotes":""},"class_list":["post-27240","page","type-page","status-publish","has-post-thumbnail","hentry"],"acf":[],"_links":{"self":[{"href":"https:\/\/www.filex.nl\/de\/wp-json\/wp\/v2\/pages\/27240","targetHints":{"allow":["GET"]}}],"collection":[{"href":"https:\/\/www.filex.nl\/de\/wp-json\/wp\/v2\/pages"}],"about":[{"href":"https:\/\/www.filex.nl\/de\/wp-json\/wp\/v2\/types\/page"}],"author":[{"embeddable":true,"href":"https:\/\/www.filex.nl\/de\/wp-json\/wp\/v2\/users\/1"}],"replies":[{"embeddable":true,"href":"https:\/\/www.filex.nl\/de\/wp-json\/wp\/v2\/comments?post=27240"}],"version-history":[{"count":8,"href":"https:\/\/www.filex.nl\/de\/wp-json\/wp\/v2\/pages\/27240\/revisions"}],"predecessor-version":[{"id":32266,"href":"https:\/\/www.filex.nl\/de\/wp-json\/wp\/v2\/pages\/27240\/revisions\/32266"}],"up":[{"embeddable":true,"href":"https:\/\/www.filex.nl\/de\/wp-json\/wp\/v2\/pages\/27161"}],"wp:featuredmedia":[{"embeddable":true,"href":"https:\/\/www.filex.nl\/de\/wp-json\/wp\/v2\/media\/14714"}],"wp:attachment":[{"href":"https:\/\/www.filex.nl\/de\/wp-json\/wp\/v2\/media?parent=27240"}],"curies":[{"name":"wp","href":"https:\/\/api.w.org\/{rel}","templated":true}]}}