{"id":27264,"date":"2021-11-15T11:04:53","date_gmt":"2021-11-15T11:04:53","guid":{"rendered":"https:\/\/www.filex.nl\/support\/offerte-aanvragen-form\/"},"modified":"2022-10-17T14:06:28","modified_gmt":"2022-10-17T14:06:28","slug":"angebot-anfordern","status":"publish","type":"page","link":"https:\/\/www.filex.nl\/de\/kundendienst\/angebot-anfordern\/","title":{"rendered":"Angebot anfordern"},"content":{"rendered":"<p>[vc_row css=&#8221;.vc_custom_1643385313282{margin-bottom: 50px !important;}&#8221;][vc_column width=&#8221;3\/4&#8243;][vc_custom_heading text=&#8221;Angebot anfordern&#8221; use_theme_fonts=&#8221;yes&#8221;][vc_column_text]Gerne erstellen wir f\u00fcr Sie ein entsprechendes Angebot! Gemeinsam mit Ihnen gehen wir dann auf Ihre spezifischen Bed\u00fcrfnisse ein. Bitte lassen Sie uns wissen, wenn wir Ihnen sonst noch helfen k\u00f6nnen. Unser Team von Ergonomiespezialisten ist f\u00fcr Sie da![\/vc_column_text][vc_column_text]Vismeerstraat 3A<br \/>\n5384 VL Heesch<br \/>\nNiederlande<\/p>\n<p>Telefon: +31 (0)85 4883666<br \/>\nE-mail: info@filex.nl[\/vc_column_text]<a  href=\"https:\/\/www.filex.nl\/de\/kontakt\/\"  target=\"_self\"  title=\"\" class=\"tt_button tt_primary_button btn_primary_color  pull-left button-action-link\" ><span class=\"prim_text\">Klicken Sie hier um uns zu kontaktieren<\/span><\/a>[\/vc_column][vc_column width=&#8221;1\/4&#8243;][vc_single_image image=&#8221;28875&#8243; img_size=&#8221;&#8221;][\/vc_column][\/vc_row]<\/p>\n","protected":false},"excerpt":{"rendered":"<p>[vc_row css=&#8221;.vc_custom_1643385313282{margin-bottom: 50px !important;}&#8221;][vc_column width=&#8221;3\/4&#8243;][vc_custom_heading text=&#8221;Angebot anfordern&#8221; use_theme_fonts=&#8221;yes&#8221;][vc_column_text]Gerne erstellen wir f\u00fcr Sie ein entsprechendes Angebot! [&hellip;]<\/p>\n","protected":false},"author":1,"featured_media":17776,"parent":27171,"menu_order":0,"comment_status":"closed","ping_status":"closed","template":"","meta":{"_acf_changed":false,"footnotes":""},"class_list":["post-27264","page","type-page","status-publish","has-post-thumbnail","hentry"],"acf":[],"_links":{"self":[{"href":"https:\/\/www.filex.nl\/de\/wp-json\/wp\/v2\/pages\/27264","targetHints":{"allow":["GET"]}}],"collection":[{"href":"https:\/\/www.filex.nl\/de\/wp-json\/wp\/v2\/pages"}],"about":[{"href":"https:\/\/www.filex.nl\/de\/wp-json\/wp\/v2\/types\/page"}],"author":[{"embeddable":true,"href":"https:\/\/www.filex.nl\/de\/wp-json\/wp\/v2\/users\/1"}],"replies":[{"embeddable":true,"href":"https:\/\/www.filex.nl\/de\/wp-json\/wp\/v2\/comments?post=27264"}],"version-history":[{"count":5,"href":"https:\/\/www.filex.nl\/de\/wp-json\/wp\/v2\/pages\/27264\/revisions"}],"predecessor-version":[{"id":32332,"href":"https:\/\/www.filex.nl\/de\/wp-json\/wp\/v2\/pages\/27264\/revisions\/32332"}],"up":[{"embeddable":true,"href":"https:\/\/www.filex.nl\/de\/wp-json\/wp\/v2\/pages\/27171"}],"wp:featuredmedia":[{"embeddable":true,"href":"https:\/\/www.filex.nl\/de\/wp-json\/wp\/v2\/media\/17776"}],"wp:attachment":[{"href":"https:\/\/www.filex.nl\/de\/wp-json\/wp\/v2\/media?parent=27264"}],"curies":[{"name":"wp","href":"https:\/\/api.w.org\/{rel}","templated":true}]}}