{"id":27267,"date":"2021-11-15T10:58:39","date_gmt":"2021-11-15T10:58:39","guid":{"rendered":"https:\/\/www.filex.nl\/support\/pcon-toepassing\/"},"modified":"2022-10-10T14:53:05","modified_gmt":"2022-10-10T14:53:05","slug":"verwendung-von-pcon","status":"publish","type":"page","link":"https:\/\/www.filex.nl\/de\/kundendienst\/verwendung-von-pcon\/","title":{"rendered":"Verwendung von pCon"},"content":{"rendered":"<p>[vc_row][vc_column width=&#8221;3\/4&#8243;][vc_custom_heading text=&#8221;Produktkonfigurationstool von pCon&#8221; use_theme_fonts=&#8221;yes&#8221;][vc_column_text]Wollen Sie auch gerne den Filex-Konfigurator auf Ihrer Website anbieten? Kein Problem! Zusammen mit EaternGraphics\/pCon haben wir speziell f\u00fcr Sie als Filex-Kunde eine Aktion erstellt.<br \/>\nWollen Sie mehr dar\u00fcber wissen? Sehen Sie sich unser Prospekt an und <a href=\"https:\/\/www.filex.nl\/de\/kontakt\/\">kontaktieren Sie uns<\/a>.[\/vc_column_text][\/vc_column][vc_column width=&#8221;1\/4&#8243;][vc_single_image image=&#8221;28887&#8243; img_size=&#8221;&#8221;][\/vc_column][\/vc_row][vc_row css=&#8221;.vc_custom_1643384313061{margin-bottom: 50px !important;}&#8221;][vc_column][vc_row_inner css=&#8221;.vc_custom_1643650148600{margin-bottom: 50px !important;padding-left: 0px !important;}&#8221;][vc_column_inner css=&#8221;.vc_custom_1640340376507{padding-left: 0px !important;}&#8221;]<a  href=\"https:\/\/www.filex.nl\/wp-content\/uploads\/2021\/12\/Filex-Configurator-op-uw-website-info-form-Online.pdf\"  target=\"_blank\"  title=\"\" class=\"tt_button tt_secondary_button btn_primary_color hover_solid_primary pull-left button-action-link\" ><span class=\"prim_text\">Laden Sie sich hier unser pCon-Prospekt herunter<\/span><\/a>[\/vc_column_inner][\/vc_row_inner][vc_column_text]<strong>Konfigurieren Sie sich Ihren eigenen Arbeitsplatz mit pCon<\/strong><\/p>\n<p>Mit unseren Produkten k\u00f6nnen Sie viel mehr als nur Produkte in einem 3D-Modell zusammenstellen. Wir haben daf\u00fcr gesorgt, dass alle verf\u00fcgbaren Daten wie zum Beispiel technische Zeichnungen, Handb\u00fccher, Abbildungen, Zertifikate, Beschreibungen usw. alle in diesem Online-Bereich zur Verf\u00fcgung stehen. So kreieren wir f\u00fcr Sie einen Online-Bereich, in dem Sie alles finden k\u00f6nnen.[\/vc_column_text][vc_column_text]<strong>Ihre eigene Einrichtung plus unsere Produkte<\/strong><\/p>\n<p>pCon hat verschiedene Werkzeuge, mit denen Sie einfach Ihre eigene neue B\u00fcroumgebung mit unseren Produkten zusammen visualisieren k\u00f6nnen. Auf diese Weise k\u00f6nnen Sie tolle inspirierende Einrichtungsbilder entwickeln. Auch als Designer k\u00f6nnen Sie sie direkt Ihrem Kunden vorlegen. So haben Ihr Kunde oder Sie selbst als zuk\u00fcnftiger Besitzer einer neuen Einrichtung direkt ein Bild davon, wie die neue Einrichtung aussehen wird, einschlie\u00dflich aller Details an den Arbeitspl\u00e4tzen.[\/vc_column_text][vc_gallery type=&#8221;image_grid&#8221; images=&#8221;11540,11543,11542,11541&#8243; img_size=&#8221;300&#215;200&#8243; css=&#8221;.vc_custom_1643667551435{margin-bottom: 25px !important;}&#8221;][vc_column_text]<strong>Unkompliziert entwerfen, Angebote erstellen oder Augmented-Reality-Bilder<\/strong><\/p>\n<p>Mit dem Einsatz von pCon ist noch so viel mehr m\u00f6glich! Im Folgenden werden wir Ihnen die Anwendungsm\u00f6glichkeiten und Vorteile der Apps erl\u00e4utern. Darin k\u00f6nnen Sie unkompliziert Produktdatenbl\u00e4tter Ihrer eigenen Konfiguration erstellen oder auf dem Schreibtisch Ihres Kunden ein AR-Bild mit der von Ihnen zusammengestellten Konfiguration erstellen. Alles ist m\u00f6glich! Von einer simplen Aktualisierung Ihrer Einrichtung bis hin zu einem v\u00f6llig neuen B\u00fcroumfeld. Wir machen es Ihnen leichter![\/vc_column_text][vc_row_inner css=&#8221;.vc_custom_1640341747627{margin-bottom: 60px !important;padding-left: 0px !important;}&#8221;][vc_column_inner css=&#8221;.vc_custom_1640340337432{padding-left: 0px !important;}&#8221;]<a  href=\"https:\/\/login.pcon-solutions.com\/nl\/catalog\/EXHWXU\/accept\"  target=\"_blank\"  title=\"\" class=\"tt_button tt_secondary_button btn_primary_color  pull-left button-action-link\" ><span class=\"prim_text\">Arbeiten Sie mit Filex in Ihrer pCon-Umgebung<\/span><\/a>[\/vc_column_inner][\/vc_row_inner][vc_column_text]<strong>Apps, die man haben muss!<\/strong><\/p>\n<p>Mithilfe der Apps k\u00f6nnen Sie im Handumdrehen Angebote erstellen und noch so vieles mehr![\/vc_column_text][vc_row_inner css=&#8221;.vc_custom_1643384509350{margin-top: 10px !important;margin-bottom: 30px !important;}&#8221;][vc_column_inner width=&#8221;1\/4&#8243;][vc_single_image image=&#8221;11019&#8243; img_size=&#8221;&#8221;][\/vc_column_inner][vc_column_inner width=&#8221;1\/4&#8243;][vc_single_image image=&#8221;11020&#8243; img_size=&#8221;&#8221;][\/vc_column_inner][vc_column_inner width=&#8221;1\/4&#8243;][\/vc_column_inner][vc_column_inner width=&#8221;1\/4&#8243;][\/vc_column_inner][\/vc_row_inner][vc_column_text]<strong>pCon.box: <\/strong>Superschnell entwerfen!<\/p>\n<p>pCon.box ist eine interaktive App, die Ihnen die M\u00f6glichkeit gibt, alle Filex-3D-Daten zu verwenden, w\u00e4hrend Sie dem Kunden Ihr Angebot machen. Die Anwendung von pCon.box im Verkaufsprozess unterst\u00fctzt Sie nicht nur, sondern beschleunigt den Prozess und macht es leichter, Produkte zu konfigurieren und zu pr\u00e4sentieren und detaillierte Produkt- und Preisinformationen an den Kunden weiterzugeben \u2013 unterwegs oder im B\u00fcro. Die von Ihnen ausgew\u00e4hlten Filex-Produkte direkt mit allen erforderlichen Abbildungen, Produkt- und Preisinformationen![\/vc_column_text][vc_row_inner css=&#8221;.vc_custom_1643384509350{margin-top: 10px !important;margin-bottom: 30px !important;}&#8221;][vc_column_inner width=&#8221;1\/4&#8243;][vc_single_image image=&#8221;11018&#8243; img_size=&#8221;&#8221;][\/vc_column_inner][vc_column_inner width=&#8221;1\/4&#8243;][vc_single_image image=&#8221;11017&#8243; img_size=&#8221;&#8221;][\/vc_column_inner][vc_column_inner width=&#8221;1\/4&#8243;][\/vc_column_inner][vc_column_inner width=&#8221;1\/4&#8243;][\/vc_column_inner][\/vc_row_inner][vc_column_text]<strong>pCon.facts: <\/strong>Sorgen Sie mit Augmented Reality f\u00fcr einen bleibenden Eindruck!<\/p>\n<p>pCon.facts, die innovative Verkaufs-App, transportiert alle Produktdaten zur Verkaufsstelle. Konfigurieren Sie alle Filex-Artikel mit einfachen Interaktionen, pr\u00e4sentieren Sie sie in 3D und AR (Augmented Reality), legen Sie Artikellisten an und profitieren Sie vom schnellen Zugang zu wertvollen Informationen wie zum Beispiel Produktabbildungen, Prospekte, Zertifikate, Montageanleitungen und noch viel mehr. Dank der praktischen Teilen-Funktion k\u00f6nnen Sie schnell und einfach Kontakt zu Ihren Kunden, Kollegen und Partnern halten.[\/vc_column_text][vc_column_text]Reicht Ihnen das noch nicht? Fragen Sie Felix oder und <a href=\"https:\/\/www.filex.nl\/de\/kontakt\/\">kontaktieren Sie uns<\/a>.[\/vc_column_text][vc_row_inner css=&#8221;.vc_custom_1640341774338{margin-bottom: 60px !important;padding-left: 0px !important;}&#8221;][vc_column_inner css=&#8221;.vc_custom_1640340337432{padding-left: 0px !important;}&#8221;]<a  href=\"https:\/\/pcon-solutions.com\/nl\/download-area\/\"  target=\"_blank\"  title=\"\" class=\"tt_button tt_secondary_button btn_primary_color  pull-left button-action-link\" ><span class=\"prim_text\">Mehr Informationen zu den pCon-Apps<\/span><\/a>[\/vc_column_inner][\/vc_row_inner][vc_column_text]pCon bietet noch viel mehr Anwendungsm\u00f6glichkeiten f\u00fcr unsere Produkte.\u00a0<a href=\"https:\/\/www.filex.nl\/de\/kontakt\/\">Fragen Sie uns nach allen Optionen!<\/a>[\/vc_column_text][vc_single_image image=&#8221;10627&#8243; img_size=&#8221;655&#215;313&#8243; css=&#8221;.vc_custom_1643667318502{margin-top: 25px !important;margin-bottom: 25px !important;}&#8221;][\/vc_column][\/vc_row]<\/p>\n","protected":false},"excerpt":{"rendered":"<p>[vc_row][vc_column width=&#8221;3\/4&#8243;][vc_custom_heading text=&#8221;Produktkonfigurationstool von pCon&#8221; use_theme_fonts=&#8221;yes&#8221;][vc_column_text]Wollen Sie auch gerne den Filex-Konfigurator auf Ihrer Website anbieten? [&hellip;]<\/p>\n","protected":false},"author":1,"featured_media":19227,"parent":27171,"menu_order":0,"comment_status":"closed","ping_status":"closed","template":"","meta":{"_acf_changed":false,"footnotes":""},"class_list":["post-27267","page","type-page","status-publish","has-post-thumbnail","hentry"],"acf":[],"_links":{"self":[{"href":"https:\/\/www.filex.nl\/de\/wp-json\/wp\/v2\/pages\/27267","targetHints":{"allow":["GET"]}}],"collection":[{"href":"https:\/\/www.filex.nl\/de\/wp-json\/wp\/v2\/pages"}],"about":[{"href":"https:\/\/www.filex.nl\/de\/wp-json\/wp\/v2\/types\/page"}],"author":[{"embeddable":true,"href":"https:\/\/www.filex.nl\/de\/wp-json\/wp\/v2\/users\/1"}],"replies":[{"embeddable":true,"href":"https:\/\/www.filex.nl\/de\/wp-json\/wp\/v2\/comments?post=27267"}],"version-history":[{"count":7,"href":"https:\/\/www.filex.nl\/de\/wp-json\/wp\/v2\/pages\/27267\/revisions"}],"predecessor-version":[{"id":32085,"href":"https:\/\/www.filex.nl\/de\/wp-json\/wp\/v2\/pages\/27267\/revisions\/32085"}],"up":[{"embeddable":true,"href":"https:\/\/www.filex.nl\/de\/wp-json\/wp\/v2\/pages\/27171"}],"wp:featuredmedia":[{"embeddable":true,"href":"https:\/\/www.filex.nl\/de\/wp-json\/wp\/v2\/media\/19227"}],"wp:attachment":[{"href":"https:\/\/www.filex.nl\/de\/wp-json\/wp\/v2\/media?parent=27267"}],"curies":[{"name":"wp","href":"https:\/\/api.w.org\/{rel}","templated":true}]}}