{"id":27281,"date":"2022-01-29T10:44:10","date_gmt":"2022-01-29T10:44:10","guid":{"rendered":"https:\/\/www.filex.nl\/oplossingen\/thuiswerken\/basic-thuiswerkpakket\/"},"modified":"2022-10-14T16:13:02","modified_gmt":"2022-10-14T16:13:02","slug":"basispaket-heimarbeit","status":"publish","type":"page","link":"https:\/\/www.filex.nl\/de\/loesungen\/zu-hause-arbeiten\/basispaket-heimarbeit\/","title":{"rendered":"Basispaket Heimarbeit"},"content":{"rendered":"<p>[vc_row full_width=&#8221;stretch_row&#8221; parallax=&#8221;content-moving&#8221;][vc_column][vc_custom_heading text=&#8221;Basispaket Heimarbeit&#8221; use_theme_fonts=&#8221;yes&#8221;][\/vc_column][\/vc_row][vc_row css=&#8221;.vc_custom_1643453691517{margin-bottom: 50px !important;}&#8221;][vc_column width=&#8221;1\/3&#8243;][vc_single_image image=&#8221;7968&#8243; img_size=&#8221;full&#8221;][\/vc_column][vc_column width=&#8221;2\/3&#8243;][vc_column_text]Im \u201eBasispaket Heimarbeit\u201c von Filex sind folgende Produkte enthalten:<\/p>\n<ul>\n<li>Schreibtischlampe MAUL Puck. Farbe: Schwarz<\/li>\n<li>Einfacher Monitorarm Filex Focus. Farbe: Schwarz<\/li>\n<li>Ergonomische Fu\u00dfst\u00fctze<\/li>\n<li>Elektrifizierungseinheit Filex Power Desk Up<strong>\u00ae<\/strong>. 1 x 230v + 1 x USB A+C. Farbe: Schwarz<br \/>\ninkl Kabel mit Schukostecker 1,5 m.<\/li>\n<\/ul>\n<p>[\/vc_column_text][\/vc_column][\/vc_row][vc_row css=&#8221;.vc_custom_1643453691517{margin-bottom: 50px !important;}&#8221;][vc_column]<header class=\"kd-section-title col-lg-12 text-left     vc_custom_1665763515275\" ><h4 class=\"separator_off\" >Schreibtischlampe MAUL Puck. Farbe: Schwarz<\/h4><\/header>[vc_row_inner][vc_column_inner width=&#8221;1\/3&#8243; css=&#8221;.vc_custom_1643465149141{padding-left: 0px !important;}&#8221;][vc_single_image image=&#8221;11199&#8243; img_size=&#8221;280&#215;420&#8243; onclick=&#8221;link_image&#8221;][\/vc_column_inner][vc_column_inner width=&#8221;2\/3&#8243;][vc_column_text]Trendy design in kleur zwart. Stabiele dubbele staal telescooparm. Ruimtebesparend inklapbaar: past in de la wanneer er geen werkplek thuis is of in de\u00a0attachekoffer wanneer het licht in het hotel niet voldoende is. Mooi helder daglichtwit licht. Technisch veiligheidsconcept Made by MAUL. Compacte vorm: ruimtebesparend en handig. Telescooparm, variabel op hoogte in te stellen.<\/p>\n<table>\n<tbody>\n<tr>\n<td>Lichtst\u00e4rke der Lampe:<\/td>\n<td>1260 Lux bei 30 cm Abstand<\/td>\n<\/tr>\n<tr>\n<td>Farbtemperatur pro Lichtquelle:<\/td>\n<td>6500 Kelvin (tageslichtwei\u00df)<\/td>\n<\/tr>\n<tr>\n<td>Anzahl der Lichtquellen:<\/td>\n<td>1<\/td>\n<\/tr>\n<tr>\n<td>Energieeffizienzklasse pro Lichtquelle:<\/td>\n<td>E (Spektrum A bis G)<\/td>\n<\/tr>\n<tr>\n<td>Gewichteter Energieverbrauch pro Lichtquelle:<\/td>\n<td>3 kWh\/1000 h<\/td>\n<\/tr>\n<tr>\n<td>Lebensdauer pro Lichtquelle (L70B50):<\/td>\n<td>50000 h<\/td>\n<\/tr>\n<tr>\n<td>Nutzlichtstrom pro Lichtquelle:<\/td>\n<td>367 Lumen<\/td>\n<\/tr>\n<tr>\n<td>Fu\u00df:<\/td>\n<td>Standfu\u00df<\/td>\n<\/tr>\n<tr>\n<td>Material:<\/td>\n<td>Arm: Metall \u2013 Fu\u00df: Beschwerungseinsatz, mit Unterlage zum Schutz der Tischplatte<\/td>\n<\/tr>\n<tr>\n<td>Ma\u00dfe:<\/td>\n<td>H\u00f6he: 33 cm \u2013 Arm: L\u00e4nge 33 cm \u2013 Kopf: \u00d8 10 cm \u2013 Fu\u00df: \u00d8 13 cm<\/td>\n<\/tr>\n<tr>\n<td>Mobilit\u00e4t:<\/td>\n<td>Kopf: kippbar \u2013 Arm: kippbar<\/td>\n<\/tr>\n<tr>\n<td>Schalterposition:<\/td>\n<td>Fu\u00df<\/td>\n<\/tr>\n<\/tbody>\n<\/table>\n<p>Umweltfreundliche und sichere Verpackung, recycelbar. Technisches Sicherheitskonzept Made by MAUL; es werden nur Lampen und Beleuchtungsarmaturen in unser Programm aufgenommen, die intensive Tests bestanden haben. Ein Team, das sich mit Optik, Elektronik, Mechanik und auch Produktionstechnik auskennt, gew\u00e4hrleistet die Sicherheit der Schreibtischlampe LED MAUL Puck.[\/vc_column_text][\/vc_column_inner][\/vc_row_inner][\/vc_column][\/vc_row][vc_row css=&#8221;.vc_custom_1643453691517{margin-bottom: 50px !important;}&#8221;][vc_column]<header class=\"kd-section-title col-lg-12 text-left     vc_custom_1665763709432\" ><h4 class=\"separator_off\" >Einfacher Monitorarm Filex Focus. Farbe: Schwarz<\/h4><\/header>[vc_row_inner][vc_column_inner width=&#8221;1\/3&#8243; css=&#8221;.vc_custom_1643465169609{padding-left: 0px !important;}&#8221;][vc_single_image image=&#8221;10210&#8243; img_size=&#8221;360&#215;270&#8243; onclick=&#8221;link_image&#8221;][\/vc_column_inner][vc_column_inner width=&#8221;2\/3&#8243;][vc_column_text]Der Filex-Focus-Monitorarm f\u00fcr 1 Monitor! Das \u00f6konomische Modell mit einem einzigartigen Preisleistungsverh\u00e4ltnis! Ideal f\u00fcr jeden Heimarbeitsplatz oder Arbeitsplatz, wo der wirtschaftliche Vorteil den Ausschlag gibt!<\/p>\n<p>Der Filex Focus ist ein moderner, geradliniger Monitorarm f\u00fcr 1 Bildschirm. Dank des intelligenten Designs ist der Monitorarm sehr preisg\u00fcnstig und erf\u00fcllt obendrein alle ergonomischen Anforderungen!<\/p>\n<p>Dieser Monitorarm ist f\u00fcr die ideale Arbeitshaltung stufenlos h\u00f6henverstellbar und dank seines doppelten Gelenkarms auch m\u00fchelos tiefenverstellbar.<\/p>\n<p>Da dieser Arm standardm\u00e4\u00dfig mit Durchtischbefestigung und Tischblattklemme (Plattenst\u00e4rke 10-88 mm) geliefert wird, kann er ohne unangenehme \u00dcberraschungen an jedem Arbeitsplatz montiert werden, und Sie haben im Handumdrehen eine fantastische platzsparende und ergonomische L\u00f6sung!<\/p>\n<p>Damit die Montage noch schneller und einfacher geht, ist dieser Arm auch standardm\u00e4\u00dfig mit einem universellen VESA-Schnellverschluss (VESA 75 x 75 und 100 x 100) ausgestattet. Dieses System verf\u00fcgt \u00fcber eine Diebstahlsicherung.<\/p>\n<p>Um das Ganze abzurunden, wird der Arm serienm\u00e4\u00dfig mit einem praktischen Kabelmanagementsystem geliefert.<\/p>\n<p>Die Filex-Focus-Monitorarme sind in den Farben Schwarz, Wei\u00df und Silber lieferbar, au\u00dferdem gibt es auch eine Variante f\u00fcr 2 Monitore.<\/p>\n<p>M\u00f6gliche Optionen f\u00fcr diesen Monitorarm sind eine VESA-Gleitschiene, ein Laptop- oder Tablet-Halter oder ein CPU-Halter f\u00fcr Thin Clients. Der Arm eignet sich f\u00fcr 1 Monitor zwischen 13 und 32 Zoll und hat eine Tragkraft von 8 kg.<\/p>\n<p>Der Filex Focus hat einen um 360 Grad drehbaren VESA-Kopf, einen um 180 Grad drehbaren Befestigungspunkt und einen um 90 Grad kippbaren VESA Befestigungspunkt. Dadurch k\u00f6nnen Sie damit alles machen![\/vc_column_text][\/vc_column_inner][\/vc_row_inner][\/vc_column][\/vc_row][vc_row css=&#8221;.vc_custom_1643453691517{margin-bottom: 50px !important;}&#8221;][vc_column]<header class=\"kd-section-title col-lg-12 text-left     vc_custom_1665763718341\" ><h4 class=\"separator_off\" >Ergonomische Fu\u00dfst\u00fctze<\/h4><\/header>[vc_row_inner][vc_column_inner width=&#8221;1\/3&#8243; css=&#8221;.vc_custom_1643465177933{padding-left: 0px !important;}&#8221;][vc_single_image image=&#8221;11198&#8243; img_size=&#8221;320&#215;240&#8243; onclick=&#8221;link_image&#8221;][\/vc_column_inner][vc_column_inner width=&#8221;2\/3&#8243;][vc_column_text]Diese ergonomische, einstellbare Fu\u00dfst\u00fctze hat eine rutschfeste Beschichtung, sodass Ihre F\u00fc\u00dfe nicht abrutschen. Um diese St\u00fctze auf Ihre eigene Beinl\u00e4nge einzustellen, dr\u00fccken Sie leicht mit dem Fu\u00df auf die Platte. L\u00e4sst sich leicht reinigen und versetzen.[\/vc_column_text][\/vc_column_inner][\/vc_row_inner][\/vc_column][\/vc_row][vc_row css=&#8221;.vc_custom_1643453691517{margin-bottom: 50px !important;}&#8221;][vc_column]<header class=\"kd-section-title col-lg-12 text-left     vc_custom_1665763920228\" ><h4 class=\"separator_off\" >Elektrifizierungseinheit Filex Power Desk Up\u00ae<\/h4><\/header>[vc_row_inner][vc_column_inner width=&#8221;1\/3&#8243; css=&#8221;.vc_custom_1643465183846{padding-left: 0px !important;}&#8221;][vc_single_image image=&#8221;10290&#8243; img_size=&#8221;400&#215;300&#8243; onclick=&#8221;link_image&#8221;][\/vc_column_inner][vc_column_inner width=&#8221;2\/3&#8243;][vc_column_text]Die Serie Filex Desk Up\u00ae 2.0! Die multifunktionale Elektrifizierungseinheit, die Sie sowohl an Ihrer Schreibtischplatte festklemmen k\u00f6nnen als auch an einer Platte mit abgeschr\u00e4gter Kante! Sehen Sie sich all unsere M\u00f6glichkeiten und zahlreichen Optionen an, um die Einheit zu finden, die zu Ihren spezifischen W\u00fcnschen passt!<\/p>\n<p>Die Serie Filex Desk Up\u00ae 2.0. Ein neues Aufbaumodul mit schlankem und modernem Design, das mit Blick auf den Benutzer entwickelt wurde, um Ihnen allen Komfort zu bieten.<\/p>\n<p>Dieses geradlinige Modul ist standardm\u00e4\u00dfig mit 2 Klemmen f\u00fcr Plattenst\u00e4rken von 0-50 mm ausgestattet. Das Modul l\u00e4sst sich von oben anklemmen und ist auf der R\u00fcckseite mit einem festen Anschlusskabel mit einer L\u00e4nge von 1,5 Meter und einem Schukostecker ausgestattet. Dadurch brauchen Sie nicht noch ein Anschlusskabel zu bestellen und k\u00f6nnen Ihren Filex Desk Up\u00ae direkt an eine Stromquelle anschlie\u00dfen!<\/p>\n<p>Haben Sie eine Arbeitsplatte mit abgeschr\u00e4gter Kante? Auch das ist mit der Serie Filex Desk Up\u00ae 2.0. \u00fcberhaupt kein Problem!<\/p>\n<p>Diese Aufbaueinheit ist mit einer 230V-Steckdose und einer doppelten USB-Ladestelle ausgestattet, n\u00e4mlich 1x 5V \u2013 2,4A und 1x USB-C (5,0V \u2013 3,1A \u2013 15,5W).<\/p>\n<p>Wollen Sie dieses Aggregat doch lieber mit einem eGST\u00ae-Stecker haben? Sehen Sie sich Artikelnummer 681046 und 681047 an.<\/p>\n<p>Nicht ganz unwichtig: Die Aufbaueinheit Filex Power Desk Up\u00ae ist selbstverst\u00e4ndlich CE-zertifiziert und jetzt au\u00dferdem T\u00dcV-zertifiziert! Bei uns stehen Sicherheit und Qualit\u00e4t an erster Stelle![\/vc_column_text][\/vc_column_inner][\/vc_row_inner][\/vc_column][\/vc_row]<\/p>\n","protected":false},"excerpt":{"rendered":"<p>[vc_row full_width=&#8221;stretch_row&#8221; parallax=&#8221;content-moving&#8221;][vc_column][vc_custom_heading text=&#8221;Basispaket Heimarbeit&#8221; use_theme_fonts=&#8221;yes&#8221;][\/vc_column][\/vc_row][vc_row css=&#8221;.vc_custom_1643453691517{margin-bottom: 50px !important;}&#8221;][vc_column width=&#8221;1\/3&#8243;][vc_single_image image=&#8221;7968&#8243; img_size=&#8221;full&#8221;][\/vc_column][vc_column width=&#8221;2\/3&#8243;][vc_column_text]Im \u201eBasispaket Heimarbeit\u201c [&hellip;]<\/p>\n","protected":false},"author":1,"featured_media":13894,"parent":27209,"menu_order":0,"comment_status":"closed","ping_status":"closed","template":"","meta":{"_acf_changed":false,"footnotes":""},"class_list":["post-27281","page","type-page","status-publish","has-post-thumbnail","hentry"],"acf":[],"_links":{"self":[{"href":"https:\/\/www.filex.nl\/de\/wp-json\/wp\/v2\/pages\/27281","targetHints":{"allow":["GET"]}}],"collection":[{"href":"https:\/\/www.filex.nl\/de\/wp-json\/wp\/v2\/pages"}],"about":[{"href":"https:\/\/www.filex.nl\/de\/wp-json\/wp\/v2\/types\/page"}],"author":[{"embeddable":true,"href":"https:\/\/www.filex.nl\/de\/wp-json\/wp\/v2\/users\/1"}],"replies":[{"embeddable":true,"href":"https:\/\/www.filex.nl\/de\/wp-json\/wp\/v2\/comments?post=27281"}],"version-history":[{"count":10,"href":"https:\/\/www.filex.nl\/de\/wp-json\/wp\/v2\/pages\/27281\/revisions"}],"predecessor-version":[{"id":32279,"href":"https:\/\/www.filex.nl\/de\/wp-json\/wp\/v2\/pages\/27281\/revisions\/32279"}],"up":[{"embeddable":true,"href":"https:\/\/www.filex.nl\/de\/wp-json\/wp\/v2\/pages\/27209"}],"wp:featuredmedia":[{"embeddable":true,"href":"https:\/\/www.filex.nl\/de\/wp-json\/wp\/v2\/media\/13894"}],"wp:attachment":[{"href":"https:\/\/www.filex.nl\/de\/wp-json\/wp\/v2\/media?parent=27281"}],"curies":[{"name":"wp","href":"https:\/\/api.w.org\/{rel}","templated":true}]}}