{"id":27284,"date":"2021-11-15T13:51:27","date_gmt":"2021-11-15T13:51:27","guid":{"rendered":"https:\/\/www.filex.nl\/oplossingen\/office\/een-monitorarm-voor-elke-werkplek\/"},"modified":"2022-10-10T13:05:54","modified_gmt":"2022-10-10T13:05:54","slug":"ein-monitorarm-fuer-jeden-arbeitsplatz","status":"publish","type":"page","link":"https:\/\/www.filex.nl\/de\/loesungen\/buero\/ein-monitorarm-fuer-jeden-arbeitsplatz\/","title":{"rendered":"Ein Monitorarm f\u00fcr jeden Arbeitsplatz"},"content":{"rendered":"<p>[vc_row][vc_column][vc_custom_heading text=&#8221;Ein Monitorarm f\u00fcr jeden Arbeitsplatz&#8221; use_theme_fonts=&#8221;yes&#8221;][vc_column_text]Ein ergonomischer Arbeitsplatz f\u00f6rdert den Komfort und die Produktivit\u00e4t der B\u00fcroarbeitskr\u00e4fte. Mit ein paar kleinen Anpassungen l\u00e4sst sich ganz einfach der ideale Arbeitsplatz schaffen. Filex entwickelt und liefert hochwertige Monitorst\u00e4nder f\u00fcr sch\u00f6nere und ges\u00fcndere Arbeitspl\u00e4tze.[\/vc_column_text][\/vc_column][\/vc_row][vc_row css=&#8221;.vc_custom_1643384775285{margin-bottom: 50px !important;}&#8221;][vc_column][vc_column_text]<strong>Warum ein Monitorst\u00e4nder?<\/strong><\/p>\n<p>Ein falsch aufgestellter Monitor sorgt f\u00fcr Nacken- und Schulterbeschwerden. Ein guter Monitorst\u00e4nder l\u00e4sst sich auf die bequemste Arbeitsh\u00f6he einstellen. Wenn der Bildschirm einen festen Fu\u00df hat, k\u00f6nnen Sie ihn oft nicht auf die richtige H\u00f6he einstellen.[\/vc_column_text][vc_column_text]<em>Ein falsch aufgestellter Monitor sorgt f\u00fcr Nacken- und Schulterbeschwerden.<\/em>[\/vc_column_text][vc_column_text css=&#8221;.vc_custom_1665406925569{margin-bottom: 20px !important;}&#8221;]<strong>Welche Vorteile hat ein Monitorst\u00e4nder?<\/strong><\/p>\n<ul>\n<li>Weniger physische Beschwerden<\/li>\n<li>L\u00e4sst sich auf die gew\u00fcnschte Blickh\u00f6he einstellen<\/li>\n<li>Die Angestellten werden produktiver<\/li>\n<li>Weniger Krankheitsausf\u00e4lle wegen k\u00f6rperlicher Beschwerden<\/li>\n<\/ul>\n<p>[\/vc_column_text]<a  href=\"https:\/\/www.filex.nl\/de\/kategorie\/monitorarme\/\"  target=\"_self\"  title=\"\" class=\"tt_button tt_primary_button btn_primary_color  pull-left button-action-link\" ><span class=\"prim_text\">Werfen Sie einen Blick auf unsere Monitorarme<\/span><\/a>[\/vc_column][\/vc_row][vc_row css=&#8221;.vc_custom_1643384775285{margin-bottom: 50px !important;}&#8221;][vc_column][vc_column_text]<strong>Steigerung der Produktivit\u00e4t<\/strong><\/p>\n<p>Die Monitorarme von Filex helfen dabei, Nacken- und Schulterbeschwerden vorzubeugen, und sorgen f\u00fcr eine bequeme Arbeitshaltung. Eine optimale Monitorposition ist deutlich komfortabler und steigert die Produktivit\u00e4t im Vergleich zu einer falschen Haltung um 10%.[\/vc_column_text][vc_column_text]<strong>Welches sind die richtige H\u00f6he und Distanz f\u00fcr Ihre Augen?<\/strong><\/p>\n<p>Der Abstand zum Bildschirm muss mindestens 60 cm betragen (eine Arml\u00e4nge), ist aber vorzugsweise noch gr\u00f6\u00dfer. Die H\u00f6he des Bildschirms muss so eingestellt sein, dass der Sehwinkel sich 10-20\u00b0 unterhalb der Augenh\u00f6he befindet. Der Sehabstand wird durch die Zeichenh\u00f6he bestimmt, wobei er mindestens 200-mal und am besten 150-mal der Zeichenh\u00f6he entspricht (eine Zeichenh\u00f6he von 4 mm entspricht also einem Sehabstand von 60 cm).<\/p>\n<p>Ein relativ gro\u00dfer Sehabstand ist f\u00fcr die Augen weniger belastend, weil sich die Augen dann weniger stark anpassen m\u00fcssen. Die Voraussetzung dabei ist aber, dass die Zeichen auf dem Bildschirm im gleichen Ma\u00dfe gr\u00f6\u00dfer werden. Die Zeichen auf dem Bildschirm lassen sich manchmal vergr\u00f6\u00dfern, in Word gibt es zum Beispiel eine Zoomfunktion, mit der die Wiedergabe des aktiven Dokuments vergr\u00f6\u00dfert und verkleinert werden kann. Gr\u00f6\u00dfere Zeichen werden schneller gelesen als kleine.<\/p>\n<p>Der komplette Monitor muss sich in einem Bereich von 10-20\u00b0 unter Augenh\u00f6he befinden. Bei dieser Monitorh\u00f6he k\u00f6nnen sich die Augen besser anpassen und konvergieren, und die allgemeine Belastung der Augen nimmt ab.[\/vc_column_text][vc_column_text css=&#8221;.vc_custom_1665407076273{margin-bottom: 20px !important;}&#8221;]<strong>Wie stellen Sie einen guten ergonomischen Arbeitsplatz ein?<\/strong><\/p>\n<ol>\n<li>Stellen Sie zuerst Ihren Schreibtisch und Ihren B\u00fcrostuhl auf die richtige H\u00f6he ein.<\/li>\n<li>Setzen Sie sich auf Ihren B\u00fcrostuhl.<\/li>\n<li>Setzen Sie sich gerade vor Ihren Monitor.<\/li>\n<li>Stellen Sie den Monitorst\u00e4nder auf die richtige Entfernung ein. Der richtige Abstand zum Bildschirm sollte mindestens 60 cm (eine Arml\u00e4nge) betragen<\/li>\n<li>Stellen Sie die Oberkante der Bildschirme auf Augenh\u00f6he ein. Bis max. 10 cm unter Augenh\u00f6he.<\/li>\n<\/ol>\n<p>Wenn Sie Ihre Monitore unabh\u00e4ngig voneinander einstellen oder mehr Platz auf Ihrem Schreibtisch haben wollen, bietet Ihnen ein simples Upgrade auf einen\u00a0Monitorarm noch viel mehr M\u00f6glichkeiten.[\/vc_column_text]<a  href=\"https:\/\/www.filex.nl\/de\/kategorie\/monitorarme\/\"  target=\"_self\"  title=\"\" class=\"tt_button tt_primary_button btn_primary_color  pull-left button-action-link\" ><span class=\"prim_text\">Werfen Sie einen Blick auf unsere Monitorarme<\/span><\/a>[\/vc_column][\/vc_row][vc_row full_width=&#8221;stretch_row&#8221; parallax=&#8221;content-moving&#8221; parallax_speed_bg=&#8221;1.4&#8243; kd_image_overlay_color=&#8221;rgba(0,0,0,0.5)&#8221; kd_image_overlay=&#8221;true&#8221; css=&#8221;.vc_custom_1624011385614{background: #1a1a1a url(https:\/\/www.filex.nl\/wp-content\/uploads\/2021\/06\/oplossingen-banner-scaled.jpg?id=7771);}&#8221;][vc_column css=&#8221;.vc_custom_1516095225433{padding-right: 0px !important;padding-left: 0px !important;}&#8221;][vc_row_inner css=&#8221;.vc_custom_1555673013129{padding-top: 150px !important;padding-bottom: 123px !important;}&#8221;][vc_column_inner width=&#8221;1\/12&#8243; css=&#8221;.vc_custom_1515166784808{padding-top: 50px !important;}&#8221;][\/vc_column_inner][vc_column_inner width=&#8221;4\/12&#8243;]<header class=\"kd-section-title col-lg-12 text-left     vc_custom_1665407112602\" ><h2 class=\"separator_off\" style=\"color: #ffffff;\">Wollen Sie \u00fcber die aktuellsten Neuigkeiten auf dem Laufenden bleiben?<\/h2><h6 class=\"subtitle \" style=\"color: #eeeeee;\">Mit unserem Newsletter bleiben Sie bez\u00fcglich neuester Entwicklungen und Produktinnovationen im Bereich der ergonomischen (Arbeitsplatz)L\u00f6sungen auf dem Laufenden.<\/h6><\/header>[\/vc_column_inner][vc_column_inner width=&#8221;1\/12&#8243;][\/vc_column_inner][vc_column_inner width=&#8221;5\/12&#8243;][vc_custom_heading text=&#8221;Melden Sie sich jetzt f\u00fcr unseren Newsletter an&#8221; font_container=&#8221;tag:h4|text_align:left|color:%23ffffff&#8221; use_theme_fonts=&#8221;yes&#8221; css_animation=&#8221;none&#8221; css=&#8221;.vc_custom_1665407146118{margin-bottom: 30px !important;}&#8221;]<div class=\"kd-contact-form full-width-cf white-input-bg\" >\n<div class=\"wpcf7 no-js\" id=\"wpcf7-f31960-o1\" lang=\"de-DE\" dir=\"ltr\" data-wpcf7-id=\"31960\">\n<div class=\"screen-reader-response\"><p role=\"status\" aria-live=\"polite\" aria-atomic=\"true\"><\/p> <ul><\/ul><\/div>\n<form action=\"\/de\/wp-json\/wp\/v2\/pages\/27284#wpcf7-f31960-o1\" method=\"post\" class=\"wpcf7-form init\" aria-label=\"Kontaktformular\" novalidate=\"novalidate\" data-status=\"init\">\n<div style=\"display: none;\">\n<input type=\"hidden\" name=\"_wpcf7\" value=\"31960\" \/>\n<input type=\"hidden\" name=\"_wpcf7_version\" value=\"6.0.6\" \/>\n<input type=\"hidden\" name=\"_wpcf7_locale\" value=\"de_DE\" \/>\n<input type=\"hidden\" name=\"_wpcf7_unit_tag\" value=\"wpcf7-f31960-o1\" \/>\n<input type=\"hidden\" name=\"_wpcf7_container_post\" value=\"0\" \/>\n<input type=\"hidden\" name=\"_wpcf7_posted_data_hash\" value=\"\" \/>\n<input type=\"hidden\" name=\"_wpcf7_recaptcha_response\" value=\"\" \/>\n<\/div>\n<p><span class=\"wpcf7-form-control-wrap\" data-name=\"your-name\"><input size=\"40\" maxlength=\"400\" class=\"wpcf7-form-control wpcf7-text wpcf7-validates-as-required\" aria-required=\"true\" aria-invalid=\"false\" placeholder=\"Ihre Name\" value=\"\" type=\"text\" name=\"your-name\" \/><\/span><br \/>\n<span class=\"wpcf7-form-control-wrap\" data-name=\"your-phone\"><input size=\"40\" maxlength=\"400\" class=\"wpcf7-form-control wpcf7-tel wpcf7-text wpcf7-validates-as-tel\" aria-invalid=\"false\" placeholder=\"Ihre Telefonnummer\" value=\"\" type=\"tel\" name=\"your-phone\" \/><\/span><br \/>\n<span class=\"wpcf7-form-control-wrap\" data-name=\"your-email\"><input size=\"40\" maxlength=\"400\" class=\"wpcf7-form-control wpcf7-email wpcf7-validates-as-required wpcf7-text wpcf7-validates-as-email\" aria-required=\"true\" aria-invalid=\"false\" placeholder=\"Ihre E-Mail-Adresse\" value=\"\" type=\"email\" name=\"your-email\" \/><\/span><br \/>\n<input class=\"wpcf7-form-control wpcf7-submit has-spinner\" type=\"submit\" value=\"Daten senden\" \/>\n<\/p><div class=\"wpcf7-response-output\" aria-hidden=\"true\"><\/div>\n<\/form>\n<\/div>\n<\/div>[\/vc_column_inner][vc_column_inner width=&#8221;1\/12&#8243;][\/vc_column_inner][\/vc_row_inner][\/vc_column][\/vc_row]<\/p>\n","protected":false},"excerpt":{"rendered":"<p>[vc_row][vc_column][vc_custom_heading text=&#8221;Ein Monitorarm f\u00fcr jeden Arbeitsplatz&#8221; use_theme_fonts=&#8221;yes&#8221;][vc_column_text]Ein ergonomischer Arbeitsplatz f\u00f6rdert den Komfort und die Produktivit\u00e4t [&hellip;]<\/p>\n","protected":false},"author":1,"featured_media":13975,"parent":27216,"menu_order":0,"comment_status":"closed","ping_status":"closed","template":"","meta":{"_acf_changed":false,"footnotes":""},"class_list":["post-27284","page","type-page","status-publish","has-post-thumbnail","hentry"],"acf":[],"_links":{"self":[{"href":"https:\/\/www.filex.nl\/de\/wp-json\/wp\/v2\/pages\/27284","targetHints":{"allow":["GET"]}}],"collection":[{"href":"https:\/\/www.filex.nl\/de\/wp-json\/wp\/v2\/pages"}],"about":[{"href":"https:\/\/www.filex.nl\/de\/wp-json\/wp\/v2\/types\/page"}],"author":[{"embeddable":true,"href":"https:\/\/www.filex.nl\/de\/wp-json\/wp\/v2\/users\/1"}],"replies":[{"embeddable":true,"href":"https:\/\/www.filex.nl\/de\/wp-json\/wp\/v2\/comments?post=27284"}],"version-history":[{"count":10,"href":"https:\/\/www.filex.nl\/de\/wp-json\/wp\/v2\/pages\/27284\/revisions"}],"predecessor-version":[{"id":32016,"href":"https:\/\/www.filex.nl\/de\/wp-json\/wp\/v2\/pages\/27284\/revisions\/32016"}],"up":[{"embeddable":true,"href":"https:\/\/www.filex.nl\/de\/wp-json\/wp\/v2\/pages\/27216"}],"wp:featuredmedia":[{"embeddable":true,"href":"https:\/\/www.filex.nl\/de\/wp-json\/wp\/v2\/media\/13975"}],"wp:attachment":[{"href":"https:\/\/www.filex.nl\/de\/wp-json\/wp\/v2\/media?parent=27284"}],"curies":[{"name":"wp","href":"https:\/\/api.w.org\/{rel}","templated":true}]}}