{"id":27291,"date":"2021-06-25T14:41:29","date_gmt":"2021-06-25T14:41:29","guid":{"rendered":"https:\/\/www.filex.nl\/oplossingen\/office\/kantoor-van-de-toekomst-alleen-maar-een-plek-om-samen-te-komen\/"},"modified":"2024-09-14T12:27:05","modified_gmt":"2024-09-14T12:27:05","slug":"ist-das-buero-der-zukunft-nur-noch-ein-ort-an-dem-man-fuer-besprechungen-zusammenkommt","status":"publish","type":"page","link":"https:\/\/www.filex.nl\/de\/loesungen\/buero\/ist-das-buero-der-zukunft-nur-noch-ein-ort-an-dem-man-fuer-besprechungen-zusammenkommt\/","title":{"rendered":"Ist das B\u00fcro der Zukunft nur noch ein Ort, an dem man f\u00fcr Besprechungen zusammenkommt?"},"content":{"rendered":"<p>[vc_row][vc_column][vc_custom_heading text=&#8221;Ist das B\u00fcro der Zukunft nur noch ein Ort, an dem man f\u00fcr Besprechungen zusammenkommt?&#8221; use_theme_fonts=&#8221;yes&#8221;][vc_column_text]Wir haben eine intensive Zeit voller Unsicherheiten, sich ver\u00e4ndernder Arbeitsumgebungen und Zukunftsprognosen hinter uns. Gerade mit der Zukunft besch\u00e4ftigen wir uns h\u00e4ufig. Wir nehmen Signale des Marktes wahr, es wurden Studien \u00fcber die R\u00fcckkehr ins B\u00fcro durchgef\u00fchrt, und eines bekommen wir st\u00e4ndig zu h\u00f6ren: \u201eHybrides Arbeiten\u201c.<\/p>\n<p>Bei den meisten Unternehmen werden die Mitarbeiter nicht vollst\u00e4ndig ins B\u00fcro zur\u00fcckkehren. Die Heimarbeit hat ihnen gut gefallen. Aber dass wir nur noch zu Hause arbeiten und die B\u00fcros \u00fcberfl\u00fcssig werden?<\/p>\n<p>So schnell, wie wir angefangen haben, (vollst\u00e4ndig oder teilweise) zu Hause zu arbeiten, so schnell werden wir nicht in eine ver\u00e4nderte B\u00fcroumgebung umziehen. Wir mussten pl\u00f6tzlich \u00fcber Nacht von zu Hause aus arbeiten. Wir hatten keine Wahl. Jetzt aber haben wir die Zeit, dar\u00fcber nachzudenken, wie wir die Arbeit im B\u00fcro wieder einrichten wollen.[\/vc_column_text][\/vc_column][\/vc_row][vc_row css=&#8221;.vc_custom_1624632385665{margin-top: 45px !important;margin-bottom: 65px !important;}&#8221;][vc_column css=&#8221;.vc_custom_1637315232110{background-image: url(https:\/\/www.filex.nl\/wp-content\/uploads\/2021\/11\/office_kantoor_toekomst_01.jpg?id=8378) !important;background-position: center !important;background-repeat: no-repeat !important;background-size: cover !important;}&#8221;][vc_empty_space height=&#8221;300px&#8221;][\/vc_column][\/vc_row][vc_row][vc_column][vc_column_text]<strong>Das B\u00fcro als Treffpunkt<\/strong><\/p>\n<p>Untersuchungen von PwC zeigen: Wenn alle Mitarbeiter einen Tag l\u00e4nger von zu Hause aus arbeiten, k\u00f6nnte dies langfristig zu einer Kostensteigerung f\u00fchren. Das h\u00e4ngt haupts\u00e4chlich mit den Auswirkungen der reduzierten Zusammenarbeit und dem geringeren Engagement f\u00fcr die Firma zusammen.<\/p>\n<p>Diese Studie von PwC zeigt, dass die effektivste Zusammenarbeit an (physischen) Orten stattfindet, die den Austausch von Ideen anregen. Ein anderer Mangel ist, dass die Gespr\u00e4che am Kaffeeautomaten fehlen. Diese unerwarteten Begegnungen f\u00fchren oft zu neuen Ideen. Wir sind daher davon \u00fcberzeugt, dass hybrides Arbeiten die neue Art des Arbeitens wird. Wo Sie zu Hause konzentriert die Arbeit erledigen, w\u00e4hrend Sie im B\u00fcro eher die Zusammenarbeit suchen. Das B\u00fcro wird zu einem Treffpunkt f\u00fcr kreative Brainstormings und inspirierende Anst\u00f6\u00dfe, ein Ort, um Kunden in Showrooms zu treffen und das Wir-Gef\u00fchl zu erhalten.[\/vc_column_text][vc_custom_heading text=&#8221;\u2018\u2019Kurzum, das B\u00fcro zum Treffen und das Homeoffice zum Leisten.\u2019\u2019&#8221; font_container=&#8221;tag:h3|font_size:35px|text_align:center&#8221; use_theme_fonts=&#8221;yes&#8221; css=&#8221;.vc_custom_1665404848524{margin-top: 50px !important;margin-bottom: 50px !important;}&#8221;][vc_column_text]<strong>Wer, was, wo und wie?<\/strong><\/p>\n<p>Firmen m\u00fcssen sich \u00fcberlegen, wie sie das B\u00fcro als Treffpunkt kombiniert mit Desksharing einrichten wollen. Aber wie sieht das ideale B\u00fcro der Zukunft aus? Unternehmen m\u00fcssen sich Fragen stellen wie:<\/p>\n<ul>\n<li>Wann arbeiten Sie zu Hause und f\u00fcr welche Aufgaben gehen Sie ins B\u00fcro?<\/li>\n<li>F\u00fcr wen ist Homeoffice geeignet und f\u00fcr wen besser die Arbeit im B\u00fcro?<\/li>\n<li>Wie bestimmen Sie die verschiedenen Funktionen im Geb\u00e4ude? Welche Funktionen sind erforderlich?<\/li>\n<li>Gibt es genug Hilfsmittel, um zu Hause und im B\u00fcro arbeiten zu k\u00f6nnen? Und welche Mittel muss ich meinen Mitarbeitern daf\u00fcr zur Verf\u00fcgung stellen? (Monitorarme, Laptopst\u00e4nder, Elektrifizierung f\u00fcr den Arbeitsplatz, Beleuchtung)<\/li>\n<li>Welche Regeln braucht es, wenn wir zusammenkommen?<\/li>\n<li>Wie coachen Sie Ihre Arbeitnehmer? Aus der Entfernung oder live?<\/li>\n<li>Wie stellen wir eine gute Zusammenarbeit sicher?<\/li>\n<li>Was ist Ihren Angestellten wichtig?<\/li>\n<li>Reicht es aus, ihnen ein Heimarbeitsplatzpaket anzubieten? Oder m\u00fcssen Sie auch jeden Arbeitnehmer mit den passenden ergonomischen Ratschl\u00e4gen versorgen?<\/li>\n<\/ul>\n<p>[\/vc_column_text][\/vc_column][\/vc_row][vc_row css=&#8221;.vc_custom_1624632385665{margin-top: 45px !important;margin-bottom: 65px !important;}&#8221;][vc_column css=&#8221;.vc_custom_1637315253555{background-image: url(https:\/\/www.filex.nl\/wp-content\/uploads\/2021\/11\/office_kantoor_toekomst_02.jpg?id=8382) !important;background-position: center !important;background-repeat: no-repeat !important;background-size: cover !important;}&#8221;][vc_empty_space height=&#8221;300px&#8221;][\/vc_column][\/vc_row][vc_row css=&#8221;.vc_custom_1643384815461{margin-bottom: 50px !important;}&#8221;][vc_column][vc_column_text]<strong>Wie sieht Ihr B\u00fcro der Zukunft aus?<\/strong><\/p>\n<p>Das B\u00fcro als Treffpunkt oder zu Hause, um konzentriert zu arbeiten. In jedem Fall muss jeder Arbeitsplatz eine Reihe von Rahmenbedingungen erf\u00fcllen. Jeder Arbeitsplatz muss beispielsweise mit einigen Standard-Komponenten ausgestattet sein. Jeder Arbeitnehmer verwendet eine eigene Maus und Tastatur und nimmt sie \u00fcberallhin mit. Das ist die einzige M\u00f6glichkeit, um Flexibilit\u00e4t, Hygiene und Ergonomie zu gew\u00e4hrleisten. Aber auch zu Hause sind, genauso wie im B\u00fcro, ein guter Schreibtisch und B\u00fcrostuhl sowie (zus\u00e4tzliche) Monitore (die nicht auf B\u00fcchern oder Papierstapeln stehen, sondern an einem korrekt eingestellten Monitorarm h\u00e4ngen) erforderlich. Die Einrichtung kann zu Hause anders aussehen als im B\u00fcro (zum Beispiel je nach verf\u00fcgbarem Platz), aber es gibt f\u00fcr jede Situation und jede Nutzungsart eine praktische L\u00f6sung.<\/p>\n<p>Wilt u meer weten over hoe u uw kantoor en de thuiswerkplekken van uw Wollen Sie mehr dar\u00fcber wissen, wie Sie Ihr B\u00fcro und die Heimarbeitspl\u00e4tze Ihrer Angestellten optimal einrichten k\u00f6nnen? Kontaktieren Sie uns einfach, und wir beraten Sie gerne, was zu Ihrer einzigartigen Situation passt.[\/vc_column_text][\/vc_column][\/vc_row][vc_row full_width=&#8221;stretch_row&#8221; parallax=&#8221;content-moving&#8221; parallax_speed_bg=&#8221;1.4&#8243; kd_image_overlay_color=&#8221;rgba(0,0,0,0.5)&#8221; kd_image_overlay=&#8221;true&#8221; css=&#8221;.vc_custom_1624011385614{background: #1a1a1a url(https:\/\/www.filex.nl\/wp-content\/uploads\/2021\/06\/oplossingen-banner-scaled.jpg?id=7771);}&#8221;][vc_column css=&#8221;.vc_custom_1516095225433{padding-right: 0px !important;padding-left: 0px !important;}&#8221;][vc_row_inner css=&#8221;.vc_custom_1555673013129{padding-top: 150px !important;padding-bottom: 123px !important;}&#8221;][vc_column_inner width=&#8221;1\/12&#8243; css=&#8221;.vc_custom_1515166784808{padding-top: 50px !important;}&#8221;][\/vc_column_inner][vc_column_inner width=&#8221;4\/12&#8243;]<header class=\"kd-section-title col-lg-12 text-left     vc_custom_1665405124409\" ><h2 class=\"separator_off\" style=\"color: #ffffff;\">Wollen Sie \u00fcber die aktuellsten Neuigkeiten auf dem Laufenden bleiben?<\/h2><h6 class=\"subtitle \" style=\"color: #eeeeee;\">Mit unserem Newsletter bleiben Sie bez\u00fcglich neuester Entwicklungen und Produktinnovationen im Bereich der ergonomischen (Arbeitsplatz)L\u00f6sungen auf dem Laufenden.<\/h6><\/header>[\/vc_column_inner][vc_column_inner width=&#8221;1\/12&#8243;][\/vc_column_inner][vc_column_inner width=&#8221;5\/12&#8243;][vc_custom_heading text=&#8221;Melden Sie sich jetzt f\u00fcr unseren Newsletter an&#8221; font_container=&#8221;tag:h4|text_align:left|color:%23ffffff&#8221; use_theme_fonts=&#8221;yes&#8221; css_animation=&#8221;none&#8221; css=&#8221;.vc_custom_1665405100582{margin-bottom: 30px !important;}&#8221;]<div class=\"kd-contact-form full-width-cf white-input-bg\" >\n<div class=\"wpcf7 no-js\" id=\"wpcf7-f31960-o1\" lang=\"de-DE\" dir=\"ltr\" data-wpcf7-id=\"31960\">\n<div class=\"screen-reader-response\"><p role=\"status\" aria-live=\"polite\" aria-atomic=\"true\"><\/p> <ul><\/ul><\/div>\n<form action=\"\/de\/wp-json\/wp\/v2\/pages\/27291#wpcf7-f31960-o1\" method=\"post\" class=\"wpcf7-form init\" aria-label=\"Kontaktformular\" novalidate=\"novalidate\" data-status=\"init\">\n<div style=\"display: none;\">\n<input type=\"hidden\" name=\"_wpcf7\" value=\"31960\" \/>\n<input type=\"hidden\" name=\"_wpcf7_version\" value=\"6.0.6\" \/>\n<input type=\"hidden\" name=\"_wpcf7_locale\" value=\"de_DE\" \/>\n<input type=\"hidden\" name=\"_wpcf7_unit_tag\" value=\"wpcf7-f31960-o1\" \/>\n<input type=\"hidden\" name=\"_wpcf7_container_post\" value=\"0\" \/>\n<input type=\"hidden\" name=\"_wpcf7_posted_data_hash\" value=\"\" \/>\n<input type=\"hidden\" name=\"_wpcf7_recaptcha_response\" value=\"\" \/>\n<\/div>\n<p><span class=\"wpcf7-form-control-wrap\" data-name=\"your-name\"><input size=\"40\" maxlength=\"400\" class=\"wpcf7-form-control wpcf7-text wpcf7-validates-as-required\" aria-required=\"true\" aria-invalid=\"false\" placeholder=\"Ihre Name\" value=\"\" type=\"text\" name=\"your-name\" \/><\/span><br \/>\n<span class=\"wpcf7-form-control-wrap\" data-name=\"your-phone\"><input size=\"40\" maxlength=\"400\" class=\"wpcf7-form-control wpcf7-tel wpcf7-text wpcf7-validates-as-tel\" aria-invalid=\"false\" placeholder=\"Ihre Telefonnummer\" value=\"\" type=\"tel\" name=\"your-phone\" \/><\/span><br \/>\n<span class=\"wpcf7-form-control-wrap\" data-name=\"your-email\"><input size=\"40\" maxlength=\"400\" class=\"wpcf7-form-control wpcf7-email wpcf7-validates-as-required wpcf7-text wpcf7-validates-as-email\" aria-required=\"true\" aria-invalid=\"false\" placeholder=\"Ihre E-Mail-Adresse\" value=\"\" type=\"email\" name=\"your-email\" \/><\/span><br \/>\n<input class=\"wpcf7-form-control wpcf7-submit has-spinner\" type=\"submit\" value=\"Daten senden\" \/>\n<\/p><div class=\"wpcf7-response-output\" aria-hidden=\"true\"><\/div>\n<\/form>\n<\/div>\n<\/div>[\/vc_column_inner][vc_column_inner width=&#8221;1\/12&#8243;][\/vc_column_inner][\/vc_row_inner][\/vc_column][\/vc_row]<\/p>\n","protected":false},"excerpt":{"rendered":"<p>[vc_row][vc_column][vc_custom_heading text=&#8221;Ist das B\u00fcro der Zukunft nur noch ein Ort, an dem man f\u00fcr Besprechungen [&hellip;]<\/p>\n","protected":false},"author":1,"featured_media":13981,"parent":27216,"menu_order":0,"comment_status":"closed","ping_status":"closed","template":"","meta":{"_acf_changed":false,"footnotes":""},"class_list":["post-27291","page","type-page","status-publish","has-post-thumbnail","hentry"],"acf":[],"_links":{"self":[{"href":"https:\/\/www.filex.nl\/de\/wp-json\/wp\/v2\/pages\/27291","targetHints":{"allow":["GET"]}}],"collection":[{"href":"https:\/\/www.filex.nl\/de\/wp-json\/wp\/v2\/pages"}],"about":[{"href":"https:\/\/www.filex.nl\/de\/wp-json\/wp\/v2\/types\/page"}],"author":[{"embeddable":true,"href":"https:\/\/www.filex.nl\/de\/wp-json\/wp\/v2\/users\/1"}],"replies":[{"embeddable":true,"href":"https:\/\/www.filex.nl\/de\/wp-json\/wp\/v2\/comments?post=27291"}],"version-history":[{"count":12,"href":"https:\/\/www.filex.nl\/de\/wp-json\/wp\/v2\/pages\/27291\/revisions"}],"predecessor-version":[{"id":44718,"href":"https:\/\/www.filex.nl\/de\/wp-json\/wp\/v2\/pages\/27291\/revisions\/44718"}],"up":[{"embeddable":true,"href":"https:\/\/www.filex.nl\/de\/wp-json\/wp\/v2\/pages\/27216"}],"wp:featuredmedia":[{"embeddable":true,"href":"https:\/\/www.filex.nl\/de\/wp-json\/wp\/v2\/media\/13981"}],"wp:attachment":[{"href":"https:\/\/www.filex.nl\/de\/wp-json\/wp\/v2\/media?parent=27291"}],"curies":[{"name":"wp","href":"https:\/\/api.w.org\/{rel}","templated":true}]}}