{"id":27302,"date":"2022-01-29T14:08:12","date_gmt":"2022-01-29T14:08:12","guid":{"rendered":"https:\/\/www.filex.nl\/oplossingen\/thuiswerken\/professional-thuiswerkpakket\/"},"modified":"2022-10-17T12:58:47","modified_gmt":"2022-10-17T12:58:47","slug":"profipaket-heimarbeit","status":"publish","type":"page","link":"https:\/\/www.filex.nl\/de\/loesungen\/zu-hause-arbeiten\/profipaket-heimarbeit\/","title":{"rendered":"Profipaket Heimarbeit"},"content":{"rendered":"<p>[vc_row full_width=&#8221;stretch_row&#8221; parallax=&#8221;content-moving&#8221;][vc_column][vc_custom_heading text=&#8221;Profipaket Heimarbeit&#8221; use_theme_fonts=&#8221;yes&#8221;][\/vc_column][\/vc_row][vc_row css=&#8221;.vc_custom_1643453691517{margin-bottom: 50px !important;}&#8221;][vc_column width=&#8221;1\/3&#8243;][vc_single_image image=&#8221;8208&#8243; img_size=&#8221;full&#8221;][\/vc_column][vc_column width=&#8221;2\/3&#8243;][vc_column_text]Im \u201eProfipaket Heimarbeit\u201c von Filex sind folgende Produkte enthalten:<\/p>\n<ul>\n<li>Schreibtischlampe MAUL Stella. Farbe: Grau<\/li>\n<li>Doppelter Monitorarm Filex Galaxy f\u00fcr zwei Monitore. Farbe: Schwarz<\/li>\n<li>Ergonomische Fu\u00dfst\u00fctze<\/li>\n<li>Elektrifizierungseinheit Filex Power Desk Up<strong>\u00ae<\/strong>. 1 x 230v + 1 x USB A+C. Farbe: Schwarz<br \/>\ninkl Kabel mit Schukostecker 1,5 m.<\/li>\n<\/ul>\n<p>[\/vc_column_text][\/vc_column][\/vc_row][vc_row css=&#8221;.vc_custom_1643453691517{margin-bottom: 50px !important;}&#8221;][vc_column]<header class=\"kd-section-title col-lg-12 text-left     vc_custom_1665766008651\" ><h4 class=\"separator_off\" >Schreibtischlampe MAUL Stella. Farbe: Grau<\/h4><\/header>[vc_row_inner][vc_column_inner width=&#8221;1\/3&#8243; css=&#8221;.vc_custom_1643465149141{padding-left: 0px !important;}&#8221;][vc_single_image image=&#8221;11270&#8243; img_size=&#8221;360&#215;420&#8243; onclick=&#8221;link_image&#8221;][\/vc_column_inner][vc_column_inner width=&#8221;2\/3&#8243;][vc_column_text]Lichtst\u00e4rke und Farbe sind einstellbar, von warmwei\u00df bis Tageslicht. Der Fu\u00df ist mit einer kabellosen Ladestation f\u00fcr Smartphone ausgestattet, QI-zertifiziert. USB-Port im Fu\u00df zum Aufladen, 5V, max. 500 mA, USB Typ A. 2 Ladeoptionen, USB-Anschluss und kabelloses QI-Laden durch einfaches Auflegen. Die Armelemente bestehen aus eloxiertem Aluminium. Dank der modernen LED-Technik extrem sparsam im Verbrauch. L\u00e4sst sich leicht in drei Stufen dimmen, und die Lichtfarbe auf drei Niveaus einstellen. Auch als Ladestation f\u00fcr Smartphones und Smartwatches geeignet. QI-zertifizierte Schreibtischlampe, induktives Laden, Typ Klasse 0, Version 1.2.4, f\u00fcr alle QI-zertifizierten Ger\u00e4te. Die QI-Ladestation startet automatisch, wenn ein QI-Ger\u00e4t daraufgelegt wird. Kein Kabelsalat, kein Suchen nach dem richtigen Ladepunkt, weniger Verschlei\u00df an der Steckdose. Touchbedienung am Fu\u00df f\u00fcr die gew\u00fcnschte Lichteinstellung.<\/p>\n<table>\n<tbody>\n<tr>\n<td>Lichtst\u00e4rke der Lampe:<\/td>\n<td>1480 Lux bei 35 cm Abstand<\/td>\n<\/tr>\n<tr>\n<td>Farbtemperatur pro Lichtquelle:<\/td>\n<td>3000 Kelvin (warmwei\u00df) bis 6500 Kelvin (tageslichtwei\u00df)<\/td>\n<\/tr>\n<tr>\n<td>Anzahl der Lichtquellen:<\/td>\n<td>1<\/td>\n<\/tr>\n<tr>\n<td>Energieeffizienzklasse pro Lichtquelle:<\/td>\n<td>D (Spektrum A bis G)<\/td>\n<\/tr>\n<tr>\n<td>Gewichteter Energieverbrauch pro Lichtquelle:<\/td>\n<td>5 kWh\/1000 h<\/td>\n<\/tr>\n<tr>\n<td>Lebensdauer pro Lichtquelle (L70B50):<\/td>\n<td>20000 h<\/td>\n<\/tr>\n<tr>\n<td>Nutzlichtstrom pro Lichtquelle:<\/td>\n<td>733 Lumen<\/td>\n<\/tr>\n<tr>\n<td>Fu\u00df:<\/td>\n<td>Standfu\u00df<\/td>\n<\/tr>\n<tr>\n<td>Material:<\/td>\n<td>Kopf: eloxiertes Aluminium \u2013 Arm: eloxiertes Aluminium \u2013 Fu\u00df: Beschwerungseinsatz, mit Unterlage zum Schutz der Tischplatte<\/td>\n<\/tr>\n<tr>\n<td>Ma\u00dfe:<\/td>\n<td>H\u00f6he: 41 cm \u2013 Arm: L\u00e4nge 41 cm \u2013 Kopf: 23\u00d75 cm \u2013 Fu\u00df: 18 \u00d7 11 cm<\/td>\n<\/tr>\n<tr>\n<td>Mobilit\u00e4t:<\/td>\n<td>Kopf: kippbar \u2013 Arm: kippbar<\/td>\n<\/tr>\n<tr>\n<td>Schalterposition:<\/td>\n<td>Fu\u00df<\/td>\n<\/tr>\n<\/tbody>\n<\/table>\n<p>Umweltfreundliche und sichere Verpackung, recycelbar. Technisches Sicherheitskonzept Made by MAUL; es werden nur Lampen und Beleuchtungsarmaturen in unser Programm aufgenommen, die intensive Tests bestanden haben. Ein Team, das sich mit Optik, Elektronik, Mechanik und auch Produktionstechnik auskennt, gew\u00e4hrleistet die Sicherheit der Schreibtischlampe LED MAUL Stella.[\/vc_column_text][\/vc_column_inner][\/vc_row_inner][\/vc_column][\/vc_row][vc_row css=&#8221;.vc_custom_1643453691517{margin-bottom: 50px !important;}&#8221;][vc_column]<header class=\"kd-section-title col-lg-12 text-left     vc_custom_1665764575728\" ><h4 class=\"separator_off\" >Doppelter Monitorarm Filex Galaxy f\u00fcr zwei Monitore. Farbe: Schwarz<\/h4><\/header>[vc_row_inner][vc_column_inner width=&#8221;1\/3&#8243; css=&#8221;.vc_custom_1643465169609{padding-left: 0px !important;}&#8221;][vc_single_image image=&#8221;10332&#8243; img_size=&#8221;360&#215;270&#8243; onclick=&#8221;link_image&#8221;][\/vc_column_inner][vc_column_inner width=&#8221;2\/3&#8243;][vc_column_text]Der Monitorarm Filex Galaxy f\u00fcr 2 Monitore! Einer unserer Favoriten, der zu den Standardkonfigurationen der modularen (und nachhaltigen) Monitorarmserie Galaxy geh\u00f6rt! Dank der statischen Armelemente, die am patentierten Galaxy-Konnektor befestigt sind, l\u00e4sst sich dieser Arm mit Leichtigkeit per Hand auf jede gew\u00fcnschte H\u00f6he einstellen. Dank der Kugelgelenke in den VESA-Kugelk\u00f6pfen l\u00e4sst sich bei diesem Arm gleichzeitig direkt der richtige ergonomische Blickwinkel einstellen!<\/p>\n<p>Eine feste Zusammenstellung der modularen und zirkul\u00e4ren Filex-Galaxy-Monitorarmfamilie! Mit Anschaffung dieses Monitorarms haben Sie direkt eine Konfiguration f\u00fcr 2 Bildschirme. Diese Filex-Galaxy-Zusammenstellung umfasst 4 statische Elemente, 2 auf jeder Seite (24 cm x 4). Dank der drei Gelenke auf jeder Seite l\u00e4sst sich diese Zusammenstellung flexibel auf jeden gew\u00fcnschten Blickwinkel einstellen.<\/p>\n<p>Auch diese Konfiguration ist mit einem VESA-Kugelkopf mit Schnellspannsystem ausgestattet, sodass sich die Bildschirme bequem am Arm anbringen lassen. Die Bildschirme k\u00f6nnen sowohl im Hoch- als auch im Querformat verwendet werden.<\/p>\n<p>An diesen VESA-Kugelkopf k\u00f6nnen Sie direkt Ihren Monitor, unseren Galaxy-Laptophalter oder eine universelle Tablethalterung anschlie\u00dfen. Wollen Sie in der Zukunft Ihren Arbeitsplatz nachr\u00fcsten oder andere Ger\u00e4te kaufen? Dann k\u00f6nnen Sie den Filex Galaxy jederzeit an Ihre aktuellen Bed\u00fcrfnisse anpassen. Die Monitorarmserie Filex Galaxy ist vollkommen modular, was bedeutet, dass sich der Monitorarm durch Erg\u00e4nzung oder Ver\u00e4nderung von Elementen vollst\u00e4ndig anpassen l\u00e4sst. Alle Bestandteile sind auch separat erh\u00e4ltlich.<\/p>\n<p>Als zus\u00e4tzliche Option k\u00f6nnen Sie bei dieser Monitorarmserie auch ein Stromaggregat an der S\u00e4ule montieren. Das geht mithilfe unserer Galaxy-Kabelspange und den Aufbauaggregaten aus der Serie Filex Desk Up\u00ae 1.0 (die Sie auch an den Schreibtisch klemmen k\u00f6nnen). Wollen Sie USB-A- oder USB-C-Anschl\u00fcsse, eine HDMI-Verbindung oder doch lieber DATA? Nichts ist zu verr\u00fcckt!<\/p>\n<p>Filex Galaxy ist ein komplett modulares und gleichzeitig zirkul\u00e4res Monitorarmsystem, mit dem sich jede gew\u00fcnschte Konfiguration umsetzen l\u00e4sst. Mit diesem Monitorarm erf\u00fcllen wir all Ihre W\u00fcnsche! Das maximale Tragegewicht betr\u00e4gt 12 kg. Die S\u00e4ule ist 45 cm hoch, und mithilfe des patentierten Konnektors l\u00e4sst sich die H\u00f6he ganz einfach manuell (ohne Werkzeug) einstellen. Sie m\u00fcssen nur den Filex-Knopf dr\u00fccken und k\u00f6nnen die Konnektoren dann nach Wunsch verschieben.<\/p>\n<p>Der Filex Galaxy wird aus nachhaltigen Materialien hergestellt und kann zu 100% wiederverwertet werden. Nehmen Sie dazu noch die 5 Jahre Garantie, und Sie wollen nie wieder einen anderen Monitorarm als den Filex Galaxy![\/vc_column_text][\/vc_column_inner][\/vc_row_inner][\/vc_column][\/vc_row][vc_row css=&#8221;.vc_custom_1643453691517{margin-bottom: 50px !important;}&#8221;][vc_column]<header class=\"kd-section-title col-lg-12 text-left     vc_custom_1665764588270\" ><h4 class=\"separator_off\" >Ergonomische Fu\u00dfst\u00fctze<\/h4><\/header>[vc_row_inner][vc_column_inner width=&#8221;1\/3&#8243; css=&#8221;.vc_custom_1643465177933{padding-left: 0px !important;}&#8221;][vc_single_image image=&#8221;11198&#8243; img_size=&#8221;320&#215;240&#8243; onclick=&#8221;link_image&#8221;][\/vc_column_inner][vc_column_inner width=&#8221;2\/3&#8243;][vc_column_text]Diese ergonomische, einstellbare Fu\u00dfst\u00fctze hat eine rutschfeste Beschichtung, sodass Ihre F\u00fc\u00dfe nicht abrutschen. Um diese St\u00fctze auf Ihre eigene Beinl\u00e4nge einzustellen, dr\u00fccken Sie leicht mit dem Fu\u00df auf die Platte. L\u00e4sst sich leicht reinigen und versetzen.[\/vc_column_text][\/vc_column_inner][\/vc_row_inner][\/vc_column][\/vc_row][vc_row css=&#8221;.vc_custom_1643453691517{margin-bottom: 50px !important;}&#8221;][vc_column]<header class=\"kd-section-title col-lg-12 text-left     vc_custom_1665764628259\" ><h4 class=\"separator_off\" >Elektrifizierungseinheit Filex Power Desk Up\u00ae<\/h4><\/header>[vc_row_inner][vc_column_inner width=&#8221;1\/3&#8243; css=&#8221;.vc_custom_1643465183846{padding-left: 0px !important;}&#8221;][vc_single_image image=&#8221;10290&#8243; img_size=&#8221;400&#215;300&#8243; onclick=&#8221;link_image&#8221;][\/vc_column_inner][vc_column_inner width=&#8221;2\/3&#8243;][vc_column_text]Die Serie Filex Desk Up\u00ae 2.0! Die multifunktionale Elektrifizierungseinheit, die Sie sowohl an Ihrer Schreibtischplatte festklemmen k\u00f6nnen als auch an einer Platte mit abgeschr\u00e4gter Kante! Sehen Sie sich all unsere M\u00f6glichkeiten und zahlreichen Optionen an, um die Einheit zu finden, die zu Ihren spezifischen W\u00fcnschen passt!<\/p>\n<p>Die Serie Filex Desk Up\u00ae 2.0. Ein neues Aufbaumodul mit schlankem und modernem Design, das mit Blick auf den Benutzer entwickelt wurde, um Ihnen allen Komfort zu bieten.<\/p>\n<p>Dieses geradlinige Modul ist standardm\u00e4\u00dfig mit 2 Klemmen f\u00fcr Plattenst\u00e4rken von 0-50 mm ausgestattet. Das Modul l\u00e4sst sich von oben anklemmen und ist auf der R\u00fcckseite mit einem festen Anschlusskabel mit einer L\u00e4nge von 1,5 Meter und einem Schukostecker ausgestattet. Dadurch brauchen Sie nicht noch ein Anschlusskabel zu bestellen und k\u00f6nnen Ihren Filex Desk Up\u00ae direkt an eine Stromquelle anschlie\u00dfen!<\/p>\n<p>Haben Sie eine Arbeitsplatte mit abgeschr\u00e4gter Kante? Auch das ist mit der Serie Filex Desk Up\u00ae 2.0. \u00fcberhaupt kein Problem!<\/p>\n<p>Diese Aufbaueinheit ist mit einer 230V-Steckdose und einer doppelten USB-Ladestelle ausgestattet, n\u00e4mlich 1x 5V \u2013 2,4A und 1x USB-C (5,0V \u2013 3,1A \u2013 15,5W).<\/p>\n<p>Wollen Sie dieses Aggregat doch lieber mit einem eGST\u00ae-Stecker haben? Sehen Sie sich Artikelnummer 681046 und 681047 an.<\/p>\n<p>Nicht ganz unwichtig: Die Aufbaueinheit Filex Power Desk Up\u00ae ist selbstverst\u00e4ndlich CE-zertifiziert und jetzt au\u00dferdem T\u00dcV-zertifiziert! Bei uns stehen Sicherheit und Qualit\u00e4t an erster Stelle![\/vc_column_text][\/vc_column_inner][\/vc_row_inner][\/vc_column][\/vc_row]<\/p>\n","protected":false},"excerpt":{"rendered":"<p>[vc_row full_width=&#8221;stretch_row&#8221; parallax=&#8221;content-moving&#8221;][vc_column][vc_custom_heading text=&#8221;Profipaket Heimarbeit&#8221; use_theme_fonts=&#8221;yes&#8221;][\/vc_column][\/vc_row][vc_row css=&#8221;.vc_custom_1643453691517{margin-bottom: 50px !important;}&#8221;][vc_column width=&#8221;1\/3&#8243;][vc_single_image image=&#8221;8208&#8243; img_size=&#8221;full&#8221;][\/vc_column][vc_column width=&#8221;2\/3&#8243;][vc_column_text]Im \u201eProfipaket Heimarbeit\u201c [&hellip;]<\/p>\n","protected":false},"author":1,"featured_media":13894,"parent":27209,"menu_order":0,"comment_status":"closed","ping_status":"closed","template":"","meta":{"_acf_changed":false,"footnotes":""},"class_list":["post-27302","page","type-page","status-publish","has-post-thumbnail","hentry"],"acf":[],"_links":{"self":[{"href":"https:\/\/www.filex.nl\/de\/wp-json\/wp\/v2\/pages\/27302","targetHints":{"allow":["GET"]}}],"collection":[{"href":"https:\/\/www.filex.nl\/de\/wp-json\/wp\/v2\/pages"}],"about":[{"href":"https:\/\/www.filex.nl\/de\/wp-json\/wp\/v2\/types\/page"}],"author":[{"embeddable":true,"href":"https:\/\/www.filex.nl\/de\/wp-json\/wp\/v2\/users\/1"}],"replies":[{"embeddable":true,"href":"https:\/\/www.filex.nl\/de\/wp-json\/wp\/v2\/comments?post=27302"}],"version-history":[{"count":10,"href":"https:\/\/www.filex.nl\/de\/wp-json\/wp\/v2\/pages\/27302\/revisions"}],"predecessor-version":[{"id":32310,"href":"https:\/\/www.filex.nl\/de\/wp-json\/wp\/v2\/pages\/27302\/revisions\/32310"}],"up":[{"embeddable":true,"href":"https:\/\/www.filex.nl\/de\/wp-json\/wp\/v2\/pages\/27209"}],"wp:featuredmedia":[{"embeddable":true,"href":"https:\/\/www.filex.nl\/de\/wp-json\/wp\/v2\/media\/13894"}],"wp:attachment":[{"href":"https:\/\/www.filex.nl\/de\/wp-json\/wp\/v2\/media?parent=27302"}],"curies":[{"name":"wp","href":"https:\/\/api.w.org\/{rel}","templated":true}]}}