{"id":27494,"date":"2022-01-07T18:10:02","date_gmt":"2022-01-07T18:10:02","guid":{"rendered":"https:\/\/www.filex.nl\/product\/chicago-monitorarm-met-crossbar-zwart\/"},"modified":"2024-10-18T15:43:14","modified_gmt":"2024-10-18T15:43:14","slug":"monitorarm-chicago-mit-quertrager-schwarz","status":"publish","type":"product","link":"https:\/\/www.filex.nl\/de\/produkt\/monitorarm-chicago-mit-quertrager-schwarz\/","title":{"rendered":"Monitorarm Chicago mit Quertr\u00e4ger (schwarz)"},"content":{"rendered":"<p>Der Filex Chicago mit Quertr\u00e4ger ist die ultimative L\u00f6sung f\u00fcr 2 Bildschirme an einem gasgefederten Monitorarm, wobei modernes Design mit der besten ergonomischen Arbeitshaltung f\u00fcr jeden Arbeitsplatz kombiniert wird.<\/p>\n<p>Der Filex Chicago wird nat\u00fcrlich aus hochwertigen Rohstoffen (Aluminium) hergestellt, ist zirkul\u00e4r zertifiziert (15 Jahre Recycelgarantie) und wird mit sage und schreibe f\u00fcnf Jahren Umtauschgarantie auf alle Teile geliefert.<\/p>\n<p>Weil der Filex Chicago standardm\u00e4\u00dfig mit einem besonders stabilen VESA-Kugelkopf f\u00fcr Quertr\u00e4ger ausgestattet ist, kann der Filex-Galaxy-Quertr\u00e4ger direkt im Handumdrehen daran montiert werden. Der hochwertige, gasgefederte Arm hat eine Tragkraft von 2 bis 12 kg und l\u00e4sst sich optimal und einfach ganz nach Wunsch in H\u00f6he und Tiefe verstellen.<\/p>\n<p>Mit dem Filex-Galaxy-Quertr\u00e4ger k\u00f6nnen Sie die Monitore dank der integrierten Kugelgelenke in den VESA-Kugelk\u00f6pfen v\u00f6llig unabh\u00e4ngig voneinander auf jeden gew\u00fcnschten Blickwinkel einstellen. Mit dem praktischen mitgelieferten Griff k\u00f6nnen Sie die Position der Monitore mit nur einer Hand ver\u00e4ndern, ohne die Bildschirme zu ber\u00fchren.<\/p>\n<p>Der Filex Chicago mit Quertr\u00e4ger wird standardm\u00e4\u00dfig mit VESA-Schnellverschl\u00fcssen f\u00fcr beide Monitore (VESA 75\u00d775 und 100\u00d7100) und einer Tischblattklemme f\u00fcr die Topdown-Montage geliefert, sodass Sie zum Anbringen der Klemme nicht mehr unter den Tisch zu kriechen brauchen. Dadurch ist die Montage f\u00fcr alle zu einer leichten und schnell zu erledigenden Aufgabe geworden.<\/p>\n","protected":false},"excerpt":{"rendered":"<p>Der Filex-Chicago-Monitorarm mit Quertr\u00e4ger! Eine einzigartige Zusammenstellung f\u00fcr die Nutzung von 2 Monitoren am Arbeitsplatz! L\u00e4sst sich f\u00fcr die richtige ergonomische Arbeitshaltung problemlos auf jeden gew\u00fcnschten Blickwinkel und jede H\u00f6he einstellen!<\/p>\n","protected":false},"featured_media":54632,"template":"","meta":{"_acf_changed":false},"product_brand":[],"product_cat":[604,610,629],"product_tag":[],"class_list":{"0":"post-27494","1":"product","2":"type-product","3":"status-publish","4":"has-post-thumbnail","6":"product_cat-monitorarme","7":"product_cat-2-schermen-de","8":"product_cat-chicago-monitorarme","9":"pa_kleur-chrom","10":"pa_kleur-schwarz","11":"pa_kleur-silber","12":"pa_kleur-weiss","14":"first","15":"instock","16":"shipping-taxable","17":"purchasable","18":"product-type-variable","19":"has-default-attributes"},"acf":[],"_links":{"self":[{"href":"https:\/\/www.filex.nl\/de\/wp-json\/wp\/v2\/product\/27494","targetHints":{"allow":["GET"]}}],"collection":[{"href":"https:\/\/www.filex.nl\/de\/wp-json\/wp\/v2\/product"}],"about":[{"href":"https:\/\/www.filex.nl\/de\/wp-json\/wp\/v2\/types\/product"}],"wp:featuredmedia":[{"embeddable":true,"href":"https:\/\/www.filex.nl\/de\/wp-json\/wp\/v2\/media\/54632"}],"wp:attachment":[{"href":"https:\/\/www.filex.nl\/de\/wp-json\/wp\/v2\/media?parent=27494"}],"wp:term":[{"taxonomy":"product_brand","embeddable":true,"href":"https:\/\/www.filex.nl\/de\/wp-json\/wp\/v2\/product_brand?post=27494"},{"taxonomy":"product_cat","embeddable":true,"href":"https:\/\/www.filex.nl\/de\/wp-json\/wp\/v2\/product_cat?post=27494"},{"taxonomy":"product_tag","embeddable":true,"href":"https:\/\/www.filex.nl\/de\/wp-json\/wp\/v2\/product_tag?post=27494"}],"curies":[{"name":"wp","href":"https:\/\/api.w.org\/{rel}","templated":true}]}}