{"id":27498,"date":"2022-01-07T18:10:02","date_gmt":"2022-01-07T18:10:02","guid":{"rendered":"https:\/\/www.filex.nl\/product\/galaxy-zit-sta-healthy-cpu-houder-opstelling\/"},"modified":"2025-01-24T22:10:36","modified_gmt":"2025-01-24T22:10:36","slug":"konfiguration-galaxy-steh-sitz-cpu-halter-fuer-gesundes-arbeiten","status":"publish","type":"product","link":"https:\/\/www.filex.nl\/de\/produkt\/konfiguration-galaxy-steh-sitz-cpu-halter-fuer-gesundes-arbeiten\/","title":{"rendered":"Konfiguration Galaxy Steh-Sitz-CPU-Halter f\u00fcr gesundes Arbeiten"},"content":{"rendered":"<p>Die Komplettl\u00f6sung von Filex Galaxy f\u00fcr Steh-Sitz-Arbeitspl\u00e4tze und das Gesundheitswesen mit Tastatur- und Mausablage! Mit dieser Konfiguration der modularen Galaxy-Monitorarmfamilie, die wir f\u00fcr Sie zusammengestellt haben, k\u00f6nnen Sie direkt loslegen! Mit diesem Arbeitsplatz k\u00f6nnen Sie zum Beispiel Ihre Tastatur und Maus auf jeder gew\u00fcnschten H\u00f6he und im Stehen verwenden und dabei eine m\u00f6glichst ergonomische Haltung einnehmen. In dieser Konfiguration ist gleichzeitig ein schlanker Galaxy-CPU-Halter f\u00fcr Thin Clients enthalten, den Sie sch\u00f6n am Monitorarm verbergen k\u00f6nnen. Dadurch haben Sie direkt einen aufger\u00e4umten Arbeitsplatz.<\/p>\n<p>Dank der intelligenten Konstruktion in Kombination mit dem Monitorarm und dem CPU-Halter f\u00fcr Thin Clients k\u00f6nnen Sie jede gew\u00fcnschte Haltung und Position immer schnell und einfach ergonomisch vertretbar einstellen (um 180 Grad drehen oder kippen).<\/p>\n<p>Der Arbeitsplatz wird gleichzeitig inklusive einer angenehmen Gelauflage f\u00fcr die Handgelenke f\u00fcr die Arbeit an Tastatur und Maus geliefert. Die ideale L\u00f6sung! Auch wenn Sie abwechselnd im Stehen und Sitzen arbeiten, alles in Reichweite haben und vielleicht Informationen mit einem Kunden oder Kollegen austauschen wollen.<\/p>\n<p>Lieferbar in den Farben Schwarz und Wei\u00df.<\/p>\n<p>Wollen Sie sich lieber selbst eine Konfiguration um diesen Arbeitsplatz herum zusammenstellen? Auch das ist m\u00f6glich! Stellen Sie sich selbst den idealen Galaxy-Monitorarm mit Arbeitsplatz zusammen oder kontaktieren Sie uns und lassen Sie sich von uns dabei unterst\u00fctzen. Wir helfen Ihnen gerne weiter!<\/p>\n","protected":false},"excerpt":{"rendered":"<p>Die Komplettl\u00f6sung von Filex Galaxy f\u00fcr Steh-Sitz-Arbeitspl\u00e4tze und das Gesundheitswesen mit Tastatur- und Mausablage! Mit dieser Anschaffung steht Ihnen nichts mehr f\u00fcr einen ergonomisch verantwortungsvollen und sch\u00f6n aufger\u00e4umten Arbeitsplatz im Wege! Wir haben eine der sch\u00f6nsten Optionen f\u00fcr Sie zusammengestellt. Mit Anschaffung dieses Produkts bekommen Sie direkt alles in einem!<\/p>\n","protected":false},"featured_media":17525,"template":"","meta":{"_acf_changed":false},"product_brand":[],"product_cat":[604,555,649],"product_tag":[],"class_list":{"0":"post-27498","1":"product","2":"type-product","3":"status-publish","4":"has-post-thumbnail","6":"product_cat-monitorarme","7":"product_cat-sitz-und-steharbeitsplaetze","8":"product_cat-galaxy-serie-de","9":"pa_kleur-schwarz","10":"pa_kleur-weiss","12":"first","13":"instock","14":"shipping-taxable","15":"purchasable","16":"product-type-variable","17":"has-default-attributes"},"acf":[],"_links":{"self":[{"href":"https:\/\/www.filex.nl\/de\/wp-json\/wp\/v2\/product\/27498","targetHints":{"allow":["GET"]}}],"collection":[{"href":"https:\/\/www.filex.nl\/de\/wp-json\/wp\/v2\/product"}],"about":[{"href":"https:\/\/www.filex.nl\/de\/wp-json\/wp\/v2\/types\/product"}],"wp:featuredmedia":[{"embeddable":true,"href":"https:\/\/www.filex.nl\/de\/wp-json\/wp\/v2\/media\/17525"}],"wp:attachment":[{"href":"https:\/\/www.filex.nl\/de\/wp-json\/wp\/v2\/media?parent=27498"}],"wp:term":[{"taxonomy":"product_brand","embeddable":true,"href":"https:\/\/www.filex.nl\/de\/wp-json\/wp\/v2\/product_brand?post=27498"},{"taxonomy":"product_cat","embeddable":true,"href":"https:\/\/www.filex.nl\/de\/wp-json\/wp\/v2\/product_cat?post=27498"},{"taxonomy":"product_tag","embeddable":true,"href":"https:\/\/www.filex.nl\/de\/wp-json\/wp\/v2\/product_tag?post=27498"}],"curies":[{"name":"wp","href":"https:\/\/api.w.org\/{rel}","templated":true}]}}