{"id":27507,"date":"2022-01-07T18:10:01","date_gmt":"2022-01-07T18:10:01","guid":{"rendered":"https:\/\/www.filex.nl\/product\/galaxy-toolbar-opstelling\/"},"modified":"2025-01-24T22:10:45","modified_gmt":"2025-01-24T22:10:45","slug":"galaxy-systemschienenkonfiguration","status":"publish","type":"product","link":"https:\/\/www.filex.nl\/de\/produkt\/galaxy-systemschienenkonfiguration\/","title":{"rendered":"Galaxy Systemschienenkonfiguration"},"content":{"rendered":"<p>Die Grundzusammenstellung mit der Filex-Galaxy-Systemschiene! Die ideale Zusammenstellung f\u00fcr eine Multi-Screen-L\u00f6sung komplett mit Tischblattklemmen, S\u00e4ulen und dem gew\u00fcnschten Quertr\u00e4ger.<\/p>\n<p>Wollen Sie einen Kontrollraum oder eine Zentrale einrichten? Oder sind Sie ein begeisterter Gamer? Sie verwenden mehr als 2 Monitore und wollen diese so sch\u00f6n wie m\u00f6glich montiert haben, wobei alle Bildschirme genau \u00fcbereinander h\u00e4ngen sollen? Unsere Galaxy-Systemschiene kann f\u00fcr 2 bis 10 Monitore (je nach Bildschirmgr\u00f6\u00dfe) sowohl in 1 als auch 2 Reihen \u00fcbereinander verwendet werden. Die Systemschiene wird an der Galaxy-S\u00e4ule (45 cm oder 70 cm) oder an der Wand montiert.<\/p>\n<p>Mit dieser tollen und hochwertigen Systemschiene haben Sie eine einzigartige und professionelle L\u00f6sung sowohl f\u00fcr den eigenen Arbeitsplatz als auch den Arbeitsplatz, den Sie ganz nach Kundenwunsch einrichten sollen. Diese Systemschiene ist Teil der modularen (und nachhaltigen) Filex-Galaxy-Monitorarmfamilie!<\/p>\n<p>Die Standardl\u00e4nge dieser Organisationsschiene betr\u00e4gt 150 cm. Mit den Toolbar-Klemmen lassen sich alle m\u00f6glichen Armelemente leicht darauf schieben. Weil das System modular ist, k\u00f6nnen Sie in Kombination mit den S\u00e4ulen auch noch unbegrenzt um jeweils 150 cm in der L\u00e4nge weiterbauen.<\/p>\n<p>Indem Sie auch an der Au\u00dfenseite der S\u00e4ulen Armelemente montieren, k\u00f6nnen Sie sogar bis zu 2 Monitore pro Seite der Konfiguration in der Breite anbauen oder zum Beispiel ein Cockpit einrichten. Wenn Sie eine besonders hohe S\u00e4ule w\u00e4hlen (70 cm) oder 2 S\u00e4ulen (2 x 22 cm, 2 x 45 cm oder 2 x 70 cm) \u00fcbereinander montieren, k\u00f6nnen Sie sogar mehrere Bildschirme \u00fcbereinander verwenden oder einen Handelssaal einrichten. Lieferbar in den Farben Schwarz, Wei\u00df und Silber.<\/p>\n<p>Diese Toolbar kann auf einem Schreibtisch von 170 cm Breite platziert werden.<\/p>\n<p>Wollen Sie Ihre eigene Zusammenstellung entwerfen? Verwenden Sie unseren Konfigurator!<br \/>\nReicht Ihnen das noch nicht ganz? Wir helfen Ihnen gerne weiter!<\/p>\n","protected":false},"excerpt":{"rendered":"<p>Die Grundzusammenstellung mit der Filex-Galaxy-Systemschiene! Die ideale und am h\u00e4ufigsten eingesetzte L\u00f6sung, wenn man viele Monitore benutzen will! Diese Basiskonfiguration k\u00f6nnen Sie nat\u00fcrlich noch erweitern, aber wir haben damit schon einmal das Wichtigste f\u00fcr Sie zusammengestellt!<\/p>\n","protected":false},"featured_media":16074,"template":"","meta":{"_acf_changed":false},"product_brand":[],"product_cat":[649,652,663],"product_tag":[],"class_list":{"0":"post-27507","1":"product","2":"type-product","3":"status-publish","4":"has-post-thumbnail","6":"product_cat-galaxy-serie-de","7":"product_cat-galaxy-toolbars-de","8":"product_cat-systemschienen","9":"pa_kleur-schwarz","10":"pa_kleur-silber","11":"pa_kleur-weiss","13":"first","14":"instock","15":"shipping-taxable","16":"purchasable","17":"product-type-variable","18":"has-default-attributes"},"acf":[],"_links":{"self":[{"href":"https:\/\/www.filex.nl\/de\/wp-json\/wp\/v2\/product\/27507","targetHints":{"allow":["GET"]}}],"collection":[{"href":"https:\/\/www.filex.nl\/de\/wp-json\/wp\/v2\/product"}],"about":[{"href":"https:\/\/www.filex.nl\/de\/wp-json\/wp\/v2\/types\/product"}],"wp:featuredmedia":[{"embeddable":true,"href":"https:\/\/www.filex.nl\/de\/wp-json\/wp\/v2\/media\/16074"}],"wp:attachment":[{"href":"https:\/\/www.filex.nl\/de\/wp-json\/wp\/v2\/media?parent=27507"}],"wp:term":[{"taxonomy":"product_brand","embeddable":true,"href":"https:\/\/www.filex.nl\/de\/wp-json\/wp\/v2\/product_brand?post=27507"},{"taxonomy":"product_cat","embeddable":true,"href":"https:\/\/www.filex.nl\/de\/wp-json\/wp\/v2\/product_cat?post=27507"},{"taxonomy":"product_tag","embeddable":true,"href":"https:\/\/www.filex.nl\/de\/wp-json\/wp\/v2\/product_tag?post=27507"}],"curies":[{"name":"wp","href":"https:\/\/api.w.org\/{rel}","templated":true}]}}