{"id":27523,"date":"2022-01-07T18:10:01","date_gmt":"2022-01-07T18:10:01","guid":{"rendered":"https:\/\/www.filex.nl\/product\/galaxy-topdown-klem-doorvoer-en-adapter\/"},"modified":"2025-01-24T22:10:57","modified_gmt":"2025-01-24T22:10:57","slug":"galaxy-topdown-klemme-durchfuehrung-und-adapter","status":"publish","type":"product","link":"https:\/\/www.filex.nl\/de\/produkt\/galaxy-topdown-klemme-durchfuehrung-und-adapter\/","title":{"rendered":"Galaxy Topdown-Klemme\/Durchf\u00fchrung und Adapter"},"content":{"rendered":"<p>Die Filex-Galaxy-Topdown-Klemme inkl. Adapter! Der zusammengestellte Artikel f\u00fcr den Ankauf der Galaxy-Topdown-Klemme\/Tischdurchf\u00fchrung mit dem Galaxy-Adapter. F\u00fcr Sie zusammengestellt, um es Ihnen leichter zu machen, und so k\u00f6nnen wir uns sicher sein, dass Sie den bequemen Galaxy-Adapter beim Kauf nicht vergessen. So k\u00f6nnen Sie jedes m\u00f6gliche Armelement direkt an Ihrer Topdown-Klemme\/Tischdurchf\u00fchrung montieren und die Klemme dank ihres einzigartigen Designs gleichzeitig von oben montieren!<\/p>\n<p>Reicht Ihnen das noch nicht ganz? Kontaktieren Sie uns einfach!<br \/>\nM\u00f6chten Sie gerne noch mehr \u00fcber die Klemme\/Durchf\u00fchrung und den Adapter wissen? Im Folgenden finden Sie alle Angaben zu beiden Produkten.<\/p>\n<p>Zus\u00e4tzliche Angaben zur Galaxy-Topdown-Klemme\/Durchf\u00fchrung:<br \/>\nDie Filex-Galaxy-Topdown-Tischblattklemme inklusive Tischplattendurchf\u00fchrung ist die perfekte L\u00f6sung f\u00fcr die Befestigung aller Galaxy-S\u00e4ulen (22, 45 und 70 cm). Das Einzigartige an diesem Design ist, dass sich die Klemme einfach und schnell ergonomisch vertretbar von oben montieren l\u00e4sst, sodass Sie nicht mehr unter den Tisch zu kriechen brauchen, um sie festzuschrauben. Dank der klugen Klemmtechnik kann diese Klemme f\u00fcr fast jede Art von Schreibtischplatten, einschlie\u00dflich ausziehbarer Tischplatten und Platten mit abgeschr\u00e4gter Kante, mit einem Bereich von 6 bis 45 mm verwendet werden. Damit Sie den Vorteil eines modularen Arms vollst\u00e4ndig ausnutzen k\u00f6nnen, haben wir unser Sortiment um einen optionalen Galaxy-Adapter erg\u00e4nzt (Artikelnummer 809523, 809524 und 809525). Mit einem Adapter auf der Topdown-Tischblattklemme\/Durchf\u00fchrung k\u00f6nnen Sie direkt auf der Klemme\/Durchf\u00fchrung ein Armelement aufsetzen + Adapter statt einer S\u00e4ule. Wenn Sie diesen Adapter verwenden, k\u00f6nnen Sie zum Beispiel ein schr\u00e4ges Armelement direkt an der Klemme montieren. Dadurch bleibt die Anmutung f\u00fcr jede Nutzung auf jedem Schreibtisch gleich, w\u00e4hrend die Anwendung von Person zu Person v\u00f6llig unterschiedlich sein kann.<\/p>\n<p>Zus\u00e4tzliche Angaben zum Galaxy-Adapter:<br \/>\nDer Filex-Galaxy-Adapter ist das Aufsetzmodul f\u00fcr die Filex-Galaxy-Topdown-Tischblattklemme inklusive Durchtischbefestigung. Die Erg\u00e4nzung, um bei der Topdown&#8211;Tischblattklemme\/Tischplattendurchf\u00fchrung direkt ein anderes Armelement (gerade und statisch oder schr\u00e4g und statisch oder gasgefedert) an der Klemme zu montieren, ohne eine S\u00e4ule zu verwenden! Soll sich der Monitor ein St\u00fcck hinter dem Schreibtisch befinden? Auch dann kommt Ihr Bildschirm ohne eine S\u00e4ule aus, und Sie behalten die gr\u00f6\u00dftm\u00f6gliche Flexibilit\u00e4t bei der Einstellung des f\u00fcr Sie perfekten Abstands zu den Augen.<\/p>\n","protected":false},"excerpt":{"rendered":"<p>Die Filex-Galaxy-Topdown-Klemme inkl. Adapter! Nat\u00fcrlich k\u00f6nnen Sie diese beiden Produkte auch separat voneinander bestellen, aber wir haben es Ihnen leicht gemacht! Wenn Sie beide Produkte zusammen verwenden, k\u00f6nnen Sie direkt ein Galaxy-Armelement am Adapter anbringen. Bef\u00fcrchten Sie, dass Sie sonst ein Bauteil daf\u00fcr vergessen k\u00f6nnten? Mit dieser Zusammenstellung helfen wir Ihnen, damit das nicht passiert!<\/p>\n","protected":false},"featured_media":19398,"template":"","meta":{"_acf_changed":false},"product_brand":[],"product_cat":[622,649],"product_tag":[],"class_list":{"0":"post-27523","1":"product","2":"type-product","3":"status-publish","4":"has-post-thumbnail","6":"product_cat-galaxy-komponenten","7":"product_cat-galaxy-serie-de","8":"pa_kleur-schwarz","9":"pa_kleur-silber","10":"pa_kleur-weiss","12":"first","13":"instock","14":"shipping-taxable","15":"purchasable","16":"product-type-variable","17":"has-default-attributes"},"acf":[],"_links":{"self":[{"href":"https:\/\/www.filex.nl\/de\/wp-json\/wp\/v2\/product\/27523","targetHints":{"allow":["GET"]}}],"collection":[{"href":"https:\/\/www.filex.nl\/de\/wp-json\/wp\/v2\/product"}],"about":[{"href":"https:\/\/www.filex.nl\/de\/wp-json\/wp\/v2\/types\/product"}],"wp:featuredmedia":[{"embeddable":true,"href":"https:\/\/www.filex.nl\/de\/wp-json\/wp\/v2\/media\/19398"}],"wp:attachment":[{"href":"https:\/\/www.filex.nl\/de\/wp-json\/wp\/v2\/media?parent=27523"}],"wp:term":[{"taxonomy":"product_brand","embeddable":true,"href":"https:\/\/www.filex.nl\/de\/wp-json\/wp\/v2\/product_brand?post=27523"},{"taxonomy":"product_cat","embeddable":true,"href":"https:\/\/www.filex.nl\/de\/wp-json\/wp\/v2\/product_cat?post=27523"},{"taxonomy":"product_tag","embeddable":true,"href":"https:\/\/www.filex.nl\/de\/wp-json\/wp\/v2\/product_tag?post=27523"}],"curies":[{"name":"wp","href":"https:\/\/api.w.org\/{rel}","templated":true}]}}