{"id":27539,"date":"2022-01-07T18:10:01","date_gmt":"2022-01-07T18:10:01","guid":{"rendered":"https:\/\/www.filex.nl\/product\/galaxy-dubbel-monitorarm-met-crossbar-2\/"},"modified":"2025-01-24T22:11:08","modified_gmt":"2025-01-24T22:11:08","slug":"doppelter-monitorarm-modell-galaxy-mit-quertraeger","status":"publish","type":"product","link":"https:\/\/www.filex.nl\/de\/produkt\/doppelter-monitorarm-modell-galaxy-mit-quertraeger\/","title":{"rendered":"Doppelter Monitorarm Modell Galaxy mit Quertr\u00e4ger"},"content":{"rendered":"<p>Diese Konfiguration eignet sich f\u00fcr 2 Monitore. Diese Filex-Galaxy-Konfiguration enth\u00e4lt einen Quertr\u00e4ger an der S\u00e4ule mit 2 VESA-Kugelk\u00f6pfen und hat dadurch 1 Gelenk. F\u00fcr die Konfiguration wurde eine Topdown-Tischblattklemme\/Durchf\u00fchrung verwendet, wodurch die Montage schnell von oben durchgef\u00fchrt werden kann.<\/p>\n<p>Dank der Kugelgelenke in den VESA-Kugelk\u00f6pfen l\u00e4sst sich dieser Filex-Galaxy-Monitorarm flexibel auf jeden gew\u00fcnschten Blickwinkel einstellen.<\/p>\n<p>Auch diese Zusammenstellung enth\u00e4lt einen universellen VESA-Schnellverschluss (VESA 75 x 75 und 100 x 100). Die Bildschirme k\u00f6nnen sowohl im Hoch- als auch im Querformat verwendet werden. Ihren Bildschirm k\u00f6nnen Sie direkt an diesen VESA-Kugelkopf anschlie\u00dfen.<\/p>\n<p>Wollen Sie in der Zukunft Ihren Arbeitsplatz nachr\u00fcsten oder andere Ger\u00e4te kaufen? Dann k\u00f6nnen Sie den Filex Galaxy jederzeit an Ihre aktuellen Bed\u00fcrfnisse anpassen. Au\u00dferdem k\u00f6nnen Sie zum Beispiel ein Stromaggregat mit USB-Ladestelle oder Netzwerkanschluss an dieser S\u00e4ule installieren.<\/p>\n<p>Filex Galaxy ist ein komplett modulares Monitorarmsystem, mit dem sich jede gew\u00fcnschte Konfiguration umsetzen l\u00e4sst. Mit diesem Monitorarm erf\u00fcllen wir all Ihre W\u00fcnsche!<\/p>\n<p>Das maximale Tragegewicht betr\u00e4gt 12 kg.<\/p>\n<p>Der St\u00e4nder ist 45 cm hoch, und mithilfe des patentierten Konnektors l\u00e4sst sich die H\u00f6he ganz einfach manuell und ohne Werkzeug einstellen.<\/p>\n<p>Der Filex Galaxy wird aus nachhaltigen Materialien hergestellt und kann zu 100% wiederverwertet werden. Nehmen Sie dazu noch die 5 Jahre Garantie, und Sie wollen nie wieder einen anderen Monitorarm als den Filex Galaxy!<\/p>\n<p>Lieferbar in den Farben Schwarz, Silber und Wei\u00df.<\/p>\n","protected":false},"excerpt":{"rendered":"<p>Die Filex-Galaxy-Basiskonfiguration mit Quertr\u00e4ger und Topdown-Klemme\/Durchtischbefestigung! Wir haben die ideale Konfiguration f\u00fcr Sie zusammengestellt, mit der Sie direkt loslegen k\u00f6nnen, wenn Sie 2 Monitore haben! Mit dieser Zusammenstellung haben Sie die M\u00f6glichkeit, jeden gew\u00fcnschten Blickwinkel einzustellen und den Arm an Ihre pers\u00f6nlichen W\u00fcnschen anzupassen. Obendrein k\u00f6nnen Sie den Monitorarm dank der Topdown-Klemme von oben montieren!<\/p>\n","protected":false},"featured_media":19194,"template":"","meta":{"_acf_changed":false},"product_brand":[],"product_cat":[604,647,649],"product_tag":[],"class_list":{"0":"post-27539","1":"product","2":"type-product","3":"status-publish","4":"has-post-thumbnail","6":"product_cat-monitorarme","7":"product_cat-galaxy-monitorarme","8":"product_cat-galaxy-serie-de","9":"pa_kleur-schwarz","10":"pa_kleur-silber","11":"pa_kleur-weiss","13":"first","14":"instock","15":"shipping-taxable","16":"purchasable","17":"product-type-variable","18":"has-default-attributes"},"acf":[],"_links":{"self":[{"href":"https:\/\/www.filex.nl\/de\/wp-json\/wp\/v2\/product\/27539","targetHints":{"allow":["GET"]}}],"collection":[{"href":"https:\/\/www.filex.nl\/de\/wp-json\/wp\/v2\/product"}],"about":[{"href":"https:\/\/www.filex.nl\/de\/wp-json\/wp\/v2\/types\/product"}],"wp:featuredmedia":[{"embeddable":true,"href":"https:\/\/www.filex.nl\/de\/wp-json\/wp\/v2\/media\/19194"}],"wp:attachment":[{"href":"https:\/\/www.filex.nl\/de\/wp-json\/wp\/v2\/media?parent=27539"}],"wp:term":[{"taxonomy":"product_brand","embeddable":true,"href":"https:\/\/www.filex.nl\/de\/wp-json\/wp\/v2\/product_brand?post=27539"},{"taxonomy":"product_cat","embeddable":true,"href":"https:\/\/www.filex.nl\/de\/wp-json\/wp\/v2\/product_cat?post=27539"},{"taxonomy":"product_tag","embeddable":true,"href":"https:\/\/www.filex.nl\/de\/wp-json\/wp\/v2\/product_tag?post=27539"}],"curies":[{"name":"wp","href":"https:\/\/api.w.org\/{rel}","templated":true}]}}