{"id":27567,"date":"2022-01-07T18:09:53","date_gmt":"2022-01-07T18:09:53","guid":{"rendered":"https:\/\/www.filex.nl\/product\/chicago-dubbel-monitorarm-2-12-kg\/"},"modified":"2024-10-18T15:41:14","modified_gmt":"2024-10-18T15:41:14","slug":"doppelter-monitorarm-modell-chicago-2-12-kg","status":"publish","type":"product","link":"https:\/\/www.filex.nl\/de\/produkt\/doppelter-monitorarm-modell-chicago-2-12-kg\/","title":{"rendered":"Doppelter Monitorarm Modell Chicago (2-12 kg)"},"content":{"rendered":"<p>Der Filex-Chicago-Monitorarm ist ein dynamischer Monitorarm, der sich f\u00fcr 2 Bildschirme eignet und aus recyceltem Aluminium hergestellt wird. Dank der separaten gasgefederten Armelemente bietet dieser Monitorarm viele Einstellm\u00f6glichkeiten f\u00fcr den optimalen ergonomischen Arbeitskomfort! <\/p>\n<p>Dank des geradlinigen Designs und der einfachen Bedienung ist dieser Monitor die perfekte Erg\u00e4nzung f\u00fcr jeden Arbeitsplatz. Der Filex-Chicago-Monitorarm wird standardm\u00e4\u00dfig mit einem universellen VESA-Schnellverschluss (VESA 75 x 75 und 100 x 100) geliefert. <\/p>\n<p>Dieser Monitorarm wird mit einer Tischblattklemme ausgeliefert, die sich von oben montieren l\u00e4sst, sodass auf der Unterseite der Tischplatte keine gro\u00dfe Klemme herausragt, aber es werden sowohl die Tischblattklemme als auch die Durchtischbefestigung mitgeliefert, sodass beide Montagearten m\u00f6glich sind. <\/p>\n<p>Bei einer Kabelrinne, einer Arbeitsplatte mit abgeschr\u00e4gter Kante oder einer Trennwand empfehlen wir Ihnen, die Tischblattklemme zu verwenden. <\/p>\n<p>Au\u00dferdem ist dieser Monitorarm mit einem 180-Grad-Rotationsstopp ausgestattet, sodass der Arm in seiner hinteren Position nicht an die Trennwand st\u00f6\u00dft. <\/p>\n<p>Die Kabel f\u00fcr die Monitore werden mithilfe eines intelligenten Kabelf\u00fchrungssystems am Arm entlang und durch ihn hindurch gef\u00fchrt. <\/p>\n<p>Der Filex-Chicago-Monitorarm f\u00fcr 2 Bildschirme ist in den Farben Wei\u00df, Schwarz und Silber lieferbar. Gleichzeitig wird dieser Monitorarm mit einer Gasfeder f\u00fcr ein Gewicht von 2 bis 12 kg geliefert.<\/p>\n","protected":false},"excerpt":{"rendered":"<p>Der doppelte Monitorarm Filex Chicago! Ein dynamischer, gasgefederter Monitorarm mit 2 separaten Armen f\u00fcr den gr\u00f6\u00dftm\u00f6glichen Einstellkomfort! Dieser Monitorarm eignet sich f\u00fcr 2 Monitore und hat ein geradliniges Design, womit Sie einen sch\u00f6n modernen Arbeitsplatz kreieren!<\/p>\n","protected":false},"featured_media":54628,"template":"","meta":{"_acf_changed":false},"product_brand":[],"product_cat":[604,610,629],"product_tag":[],"class_list":{"0":"post-27567","1":"product","2":"type-product","3":"status-publish","4":"has-post-thumbnail","6":"product_cat-monitorarme","7":"product_cat-2-schermen-de","8":"product_cat-chicago-monitorarme","9":"pa_kleur-schwarz","10":"pa_kleur-silber","11":"pa_kleur-weiss","13":"first","14":"instock","15":"shipping-taxable","16":"purchasable","17":"product-type-variable","18":"has-default-attributes"},"acf":[],"_links":{"self":[{"href":"https:\/\/www.filex.nl\/de\/wp-json\/wp\/v2\/product\/27567","targetHints":{"allow":["GET"]}}],"collection":[{"href":"https:\/\/www.filex.nl\/de\/wp-json\/wp\/v2\/product"}],"about":[{"href":"https:\/\/www.filex.nl\/de\/wp-json\/wp\/v2\/types\/product"}],"wp:featuredmedia":[{"embeddable":true,"href":"https:\/\/www.filex.nl\/de\/wp-json\/wp\/v2\/media\/54628"}],"wp:attachment":[{"href":"https:\/\/www.filex.nl\/de\/wp-json\/wp\/v2\/media?parent=27567"}],"wp:term":[{"taxonomy":"product_brand","embeddable":true,"href":"https:\/\/www.filex.nl\/de\/wp-json\/wp\/v2\/product_brand?post=27567"},{"taxonomy":"product_cat","embeddable":true,"href":"https:\/\/www.filex.nl\/de\/wp-json\/wp\/v2\/product_cat?post=27567"},{"taxonomy":"product_tag","embeddable":true,"href":"https:\/\/www.filex.nl\/de\/wp-json\/wp\/v2\/product_tag?post=27567"}],"curies":[{"name":"wp","href":"https:\/\/api.w.org\/{rel}","templated":true}]}}