{"id":27599,"date":"2022-01-07T18:09:53","date_gmt":"2022-01-07T18:09:53","guid":{"rendered":"https:\/\/www.filex.nl\/product\/thin-client-cpu-houder\/"},"modified":"2024-10-18T15:41:15","modified_gmt":"2024-10-18T15:41:15","slug":"thin-client-cpu-halter","status":"publish","type":"product","link":"https:\/\/www.filex.nl\/de\/produkt\/thin-client-cpu-halter\/","title":{"rendered":"Thin-Client-CPU-Halter"},"content":{"rendered":"<p>Der Filex-CPU-Halter f\u00fcr Thin Clients! Mit diesem universellen Filex-CPU-Halter f\u00fcr Thin Clients k\u00f6nnen Sie jeden Thin Client problemlos an jedem Arbeitsplatz installieren! Ein sch\u00f6n aufger\u00e4umter Schreibtisch, keine CPUs auf dem Fu\u00dfboden unter dem Schreibtisch und ein sch\u00f6n aufger\u00e4umter Arbeitsplatz; dabei hilft Ihnen der Thin-Client-CPU-Halter!<\/p>\n<p>Dank der intelligenten Konstruktion k\u00f6nnen Sie diesen praktischen B\u00fcgel am VESA-Anschluss Ihres Bildschirms, zwischen dem VESA Ihres Bildschirms und dem Monitorarm, an der S\u00e4ule des Monitorarms oder sogar unter dem Schreibtisch montieren. Sie haben also diverse M\u00f6glichkeiten! <\/p>\n<p>Mit diesem CPU-Halter f\u00fcr Thin Clients sorgen Sie f\u00fcr einen ordentlichen, aufger\u00e4umten Arbeitsplatz mit mehr Arbeitsfl\u00e4che und sch\u00fctzen gleichzeitig Ihren wertvollen PC gegen Schmutz, Feuchtigkeit und Diebstahl. Dieser CPU-Halter l\u00e4sst sich unkompliziert in Breite und Tiefe verstellen. <\/p>\n<p>Mindestbreite: 17 mm.<br \/>\nMaximale Breite: 7 cm.<br \/>\nGeeignet f\u00fcr: VESA 75 x 75 und 100 x 100.<br \/>\nGeeignet f\u00fcr alle Thin-Client-CPUs, Mini-PCs, Intel-NUC und Mac-Mini-PCs.<br \/>\nLieferbar in den Farben Schwarz, Wei\u00df und Silber.<br \/>\nSchrauben und die Montageanleitung sind beigelegt.<\/p>\n","protected":false},"excerpt":{"rendered":"<p>Der Filex-CPU-Halter f\u00fcr Thin Clients! Ein universeller Thin-Client-CPU-Halter, den Sie f\u00fcr alle Marken und Varianten von Thin Line CPUs einsetzen k\u00f6nnen. Ein tolles Preisleistungsverh\u00e4ltnis und ein ordentlich aufger\u00e4umter Boden unter dem Arbeitsplatz. Gleichzeitig bietet er unz\u00e4hlige M\u00f6glichkeiten f\u00fcr die Montage. Selbst die Montage am Monitorarm ist m\u00f6glich! Das wollen Sie doch auch, nicht wahr?!<\/p>\n","protected":false},"featured_media":14930,"template":"","meta":{"_acf_changed":false},"product_brand":[],"product_cat":[537],"product_tag":[],"class_list":{"0":"post-27599","1":"product","2":"type-product","3":"status-publish","4":"has-post-thumbnail","6":"product_cat-cpu-halter","7":"pa_kleur-schwarz","8":"pa_kleur-silber","9":"pa_kleur-weiss","11":"first","12":"instock","13":"shipping-taxable","14":"purchasable","15":"product-type-variable","16":"has-default-attributes"},"acf":[],"_links":{"self":[{"href":"https:\/\/www.filex.nl\/de\/wp-json\/wp\/v2\/product\/27599","targetHints":{"allow":["GET"]}}],"collection":[{"href":"https:\/\/www.filex.nl\/de\/wp-json\/wp\/v2\/product"}],"about":[{"href":"https:\/\/www.filex.nl\/de\/wp-json\/wp\/v2\/types\/product"}],"wp:featuredmedia":[{"embeddable":true,"href":"https:\/\/www.filex.nl\/de\/wp-json\/wp\/v2\/media\/14930"}],"wp:attachment":[{"href":"https:\/\/www.filex.nl\/de\/wp-json\/wp\/v2\/media?parent=27599"}],"wp:term":[{"taxonomy":"product_brand","embeddable":true,"href":"https:\/\/www.filex.nl\/de\/wp-json\/wp\/v2\/product_brand?post=27599"},{"taxonomy":"product_cat","embeddable":true,"href":"https:\/\/www.filex.nl\/de\/wp-json\/wp\/v2\/product_cat?post=27599"},{"taxonomy":"product_tag","embeddable":true,"href":"https:\/\/www.filex.nl\/de\/wp-json\/wp\/v2\/product_tag?post=27599"}],"curies":[{"name":"wp","href":"https:\/\/api.w.org\/{rel}","templated":true}]}}