{"id":27611,"date":"2022-01-07T18:09:53","date_gmt":"2022-01-07T18:09:53","guid":{"rendered":"https:\/\/www.filex.nl\/product\/focus-enkel-monitorarm\/"},"modified":"2024-10-18T15:41:15","modified_gmt":"2024-10-18T15:41:15","slug":"single-monitorarm-modell-focus","status":"publish","type":"product","link":"https:\/\/www.filex.nl\/de\/produkt\/single-monitorarm-modell-focus\/","title":{"rendered":"Single Monitorarm Modell Focus"},"content":{"rendered":"<p>Der Filex Focus ist ein moderner, geradliniger Monitorarm f\u00fcr 1 Bildschirm. Dank des intelligenten Designs ist der Monitorarm sehr preisg\u00fcnstig und erf\u00fcllt obendrein alle ergonomischen Anforderungen!<\/p>\n<p>Dieser Monitorarm ist f\u00fcr die ideale Arbeitshaltung stufenlos h\u00f6henverstellbar und dank seines doppelten Gelenkarms auch m\u00fchelos tiefenverstellbar.<\/p>\n<p>Da dieser Arm standardm\u00e4\u00dfig mit Durchtischbefestigung und Tischblattklemme (Plattenst\u00e4rke 10-88 mm) geliefert wird, kann er ohne unangenehme \u00dcberraschungen an jedem Arbeitsplatz montiert werden, und Sie haben im Handumdrehen eine fantastische platzsparende und ergonomische L\u00f6sung!<\/p>\n<p>Damit die Montage noch schneller und einfacher geht, ist dieser Arm auch standardm\u00e4\u00dfig mit einem universellen VESA-Schnellverschluss (VESA 75 x 75 und 100 x 100) ausgestattet. Dieses System verf\u00fcgt \u00fcber eine Diebstahlsicherung.<\/p>\n<p>Um das Ganze abzurunden, wird der Arm serienm\u00e4\u00dfig mit einem praktischen Kabelmanagementsystem geliefert.<\/p>\n<p>Die Filex-Focus-Monitorarme sind in den Farben Schwarz, Wei\u00df und Silber lieferbar, au\u00dferdem gibt es auch eine Variante f\u00fcr 2 Monitore.<\/p>\n<p>M\u00f6gliche Optionen f\u00fcr diesen Monitorarm sind eine VESA-Gleitschiene, ein Laptop- oder Tablet-Halter oder ein CPU-Halter f\u00fcr Thin Clients. Der Arm eignet sich f\u00fcr 1 Monitor zwischen 13 und 32 Zoll und hat eine Tragkraft von 8 kg.<\/p>\n<p>Der Filex Focus hat einen um 360 Grad drehbaren VESA-Kopf, einen um 180 Grad drehbaren Befestigungspunkt und einen um 90 Grad kippbaren VESA Befestigungspunkt. Dadurch k\u00f6nnen Sie damit alles machen!<\/p>\n","protected":false},"excerpt":{"rendered":"<p>Der Filex-Focus-Monitorarm f\u00fcr 1 Monitor! Das \u00f6konomische Modell mit einem einzigartigen Preisleistungsverh\u00e4ltnis! Ideal f\u00fcr jeden Heimarbeitsplatz oder Arbeitsplatz, wo der wirtschaftliche Vorteil den Ausschlag gibt!<\/p>\n","protected":false},"featured_media":14924,"template":"","meta":{"_acf_changed":false},"product_brand":[],"product_cat":[604,645],"product_tag":[],"class_list":{"0":"post-27611","1":"product","2":"type-product","3":"status-publish","4":"has-post-thumbnail","6":"product_cat-monitorarme","7":"product_cat-focus-monitorarme","8":"pa_kleur-schwarz","9":"pa_kleur-silber","10":"pa_kleur-weiss","12":"first","13":"instock","14":"shipping-taxable","15":"purchasable","16":"product-type-variable","17":"has-default-attributes"},"acf":[],"_links":{"self":[{"href":"https:\/\/www.filex.nl\/de\/wp-json\/wp\/v2\/product\/27611","targetHints":{"allow":["GET"]}}],"collection":[{"href":"https:\/\/www.filex.nl\/de\/wp-json\/wp\/v2\/product"}],"about":[{"href":"https:\/\/www.filex.nl\/de\/wp-json\/wp\/v2\/types\/product"}],"wp:featuredmedia":[{"embeddable":true,"href":"https:\/\/www.filex.nl\/de\/wp-json\/wp\/v2\/media\/14924"}],"wp:attachment":[{"href":"https:\/\/www.filex.nl\/de\/wp-json\/wp\/v2\/media?parent=27611"}],"wp:term":[{"taxonomy":"product_brand","embeddable":true,"href":"https:\/\/www.filex.nl\/de\/wp-json\/wp\/v2\/product_brand?post=27611"},{"taxonomy":"product_cat","embeddable":true,"href":"https:\/\/www.filex.nl\/de\/wp-json\/wp\/v2\/product_cat?post=27611"},{"taxonomy":"product_tag","embeddable":true,"href":"https:\/\/www.filex.nl\/de\/wp-json\/wp\/v2\/product_tag?post=27611"}],"curies":[{"name":"wp","href":"https:\/\/api.w.org\/{rel}","templated":true}]}}