{"id":27627,"date":"2022-01-07T18:09:52","date_gmt":"2022-01-07T18:09:52","guid":{"rendered":"https:\/\/www.filex.nl\/product\/universele-crossbar-basic\/"},"modified":"2024-03-08T15:28:05","modified_gmt":"2024-03-08T15:28:05","slug":"universeller-quertraeger-basic","status":"publish","type":"product","link":"https:\/\/www.filex.nl\/de\/produkt\/universeller-quertraeger-basic\/","title":{"rendered":"Universeller Quertr\u00e4ger Basic"},"content":{"rendered":"<p>Der universelle Filex-Basic-Quertr\u00e4ger! <\/p>\n<p>Die einfachste Art, um Ihren Arbeitsplatz von 1 auf 2 Monitore zu erweitern.<br \/>\nMit diesem Quertr\u00e4ger k\u00f6nnen Sie auf die wirtschaftlichste Art einen einzelnen Monitorarm f\u00fcr einen Bildschirm in eine optimale, ergonomisch vertretbare L\u00f6sung f\u00fcr zwei Bildschirme verwandeln. <\/p>\n<p>Dieser Quertr\u00e4ger wird mit Montageschrauben geliefert, au\u00dferdem ben\u00f6tigen Sie eine VESA-Halterung (75 x 75 oder 100 x 100) auf der R\u00fcckseite Ihrer Bildschirme. <\/p>\n<p>Wollen Sie lieber ein paar mehr Einstellm\u00f6glichkeiten f\u00fcr Ihre Monitore haben? Sehen Sie sich auch einmal unsere anderen Filex-Quertr\u00e4ger an!<\/p>\n<p>Der universelle Filex-Basic-Quertr\u00e4ger eignet sich f\u00fcr Bildschirme (bis 27 Zoll) und ist in den Farben Schwarz, Wei\u00df und Silber lieferbar.<\/p>\n","protected":false},"excerpt":{"rendered":"<p>Der universelle Filex-Basic-Quertr\u00e4ger! Wollen Sie bequem einen zweiten Monitor hinzuf\u00fcgen? Mithilfe dieses Quertr\u00e4ger ist das gar kein Problem!<\/p>\n","protected":false},"featured_media":14915,"template":"","meta":{"_acf_changed":false},"product_brand":[],"product_cat":[532,539],"product_tag":[],"class_list":{"0":"post-27627","1":"product","2":"type-product","3":"status-publish","4":"has-post-thumbnail","6":"product_cat-bestatigungen-optionen","7":"product_cat-quertrager","8":"pa_kleur-schwarz","9":"pa_kleur-silber","10":"pa_kleur-weiss","12":"first","13":"instock","14":"shipping-taxable","15":"purchasable","16":"product-type-variable","17":"has-default-attributes"},"acf":[],"_links":{"self":[{"href":"https:\/\/www.filex.nl\/de\/wp-json\/wp\/v2\/product\/27627","targetHints":{"allow":["GET"]}}],"collection":[{"href":"https:\/\/www.filex.nl\/de\/wp-json\/wp\/v2\/product"}],"about":[{"href":"https:\/\/www.filex.nl\/de\/wp-json\/wp\/v2\/types\/product"}],"wp:featuredmedia":[{"embeddable":true,"href":"https:\/\/www.filex.nl\/de\/wp-json\/wp\/v2\/media\/14915"}],"wp:attachment":[{"href":"https:\/\/www.filex.nl\/de\/wp-json\/wp\/v2\/media?parent=27627"}],"wp:term":[{"taxonomy":"product_brand","embeddable":true,"href":"https:\/\/www.filex.nl\/de\/wp-json\/wp\/v2\/product_brand?post=27627"},{"taxonomy":"product_cat","embeddable":true,"href":"https:\/\/www.filex.nl\/de\/wp-json\/wp\/v2\/product_cat?post=27627"},{"taxonomy":"product_tag","embeddable":true,"href":"https:\/\/www.filex.nl\/de\/wp-json\/wp\/v2\/product_tag?post=27627"}],"curies":[{"name":"wp","href":"https:\/\/api.w.org\/{rel}","templated":true}]}}