{"id":27644,"date":"2022-01-07T18:09:44","date_gmt":"2022-01-07T18:09:44","guid":{"rendered":"https:\/\/www.filex.nl\/product\/chicago-enkel-monitorarm-hd-7-16-kg\/"},"modified":"2024-04-17T07:31:20","modified_gmt":"2024-04-17T07:31:20","slug":"single-monitorarm-hd-modell-chicago-7-16-kg","status":"publish","type":"product","link":"https:\/\/www.filex.nl\/de\/produkt\/single-monitorarm-hd-modell-chicago-7-16-kg\/","title":{"rendered":"Single Monitorarm HD Modell Chicago (7-16 kg)"},"content":{"rendered":"<p>Der gasgefederte Monitorarm Filex Chicago ist der ultimative Monitorarm, der modernes Design mit der besten ergonomischen L\u00f6sung f\u00fcr jeden Arbeitsplatz kombiniert!<\/p>\n<p>Da der Filex Chicago mit einem universellen VESA-Schnellverschluss (VESA 75 x 75 und 100 x 100) mit Kugelgelenk und einer hochwertigen Gasfeder im Arm ausgestattet ist, hat dieser Monitorarm ein Trageverm\u00f6gen von 7 bis 16 kg. <\/p>\n<p>Dieser Monitorarm l\u00e4sst sich dank der eingebauten Gasfeder optimal und einfach in H\u00f6he und Tiefe verstellen. <\/p>\n<p>Der Monitorarm Filex Chicago wird standardm\u00e4\u00dfig mit einer Tischblattklemme mit Topdown-M\u00f6glichkeit geliefert, wodurch Sie f\u00fcr die Montage nicht mehr unter den Schreibtisch zu kriechen brauchen und der Arm schnell und einfach von jedem installiert werden kann. <\/p>\n<p>Der Filex Chicago wird nat\u00fcrlich aus recyceltem Aluminium hergestellt, ist zirkul\u00e4r zertifiziert und wird mit sage und schreibe f\u00fcnf Jahren Umtauschgarantie auf alle Teile geliefert. <\/p>\n<p>Dieser Arm kann nicht nur mit Tischblattklemme, sondern auch mithilfe einer Tischplattendurchf\u00fchrung oder auf einer Montageschiene installiert werden. Wenn Sie sp\u00e4ter doch mit zwei Bildschirmen arbeiten wollen ist das auch kein Problem. <\/p>\n<p>Sie k\u00f6nnen diesen Arm mithilfe eines Filex-Quertr\u00e4gers auf 2 Monitore erweitern.<br \/>\nWenn Sie f\u00fcrs Anschlie\u00dfen Ihrer USB-Ger\u00e4te nicht mehr unter die Tischplatte kriechen wollen, bieten wir Ihnen auch eine Tischblattklemme an, in der bereits zwei USB-Anschl\u00fcsse enthalten sind. <\/p>\n<p>Dieser Monitorarm ist in den Farben Wei\u00df, Schwarz, Silber und Chrom lieferbar. Nehmen Sie getrost Kontakt zu uns auf und erkundigen Sie sich nach den M\u00f6glichkeiten!<\/p>\n","protected":false},"excerpt":{"rendered":"<p>Der einfache Monitorarm Filex Chicago speziell f\u00fcr die schwereren Bildschirme! Ein dynamischer gasgefederte Monitorarm mit 1 separatem Arm, der trotzdem den gr\u00f6\u00dftm\u00f6glichen Einstellkomfort bietet! Dieser Monitorarm eignet sich f\u00fcr 1 schwereren Bildschirm, kann aber auch problemlos mithilfe eines Quertr\u00e4gers und eines VESA-Kugelkopfes f\u00fcr Quertr\u00e4ger erweitert werden! Der Chicago hat ein geradliniges Design, womit Sie einen modernen Arbeitsplatz kreieren!<\/p>\n","protected":false},"featured_media":54656,"template":"","meta":{"_acf_changed":false},"product_brand":[],"product_cat":[604,629],"product_tag":[],"class_list":{"0":"post-27644","1":"product","2":"type-product","3":"status-publish","4":"has-post-thumbnail","6":"product_cat-monitorarme","7":"product_cat-chicago-monitorarme","8":"pa_kleur-chrom","9":"pa_kleur-schwarz","10":"pa_kleur-silber","11":"pa_kleur-weiss","13":"first","14":"instock","15":"shipping-taxable","16":"purchasable","17":"product-type-variable","18":"has-default-attributes"},"acf":[],"_links":{"self":[{"href":"https:\/\/www.filex.nl\/de\/wp-json\/wp\/v2\/product\/27644","targetHints":{"allow":["GET"]}}],"collection":[{"href":"https:\/\/www.filex.nl\/de\/wp-json\/wp\/v2\/product"}],"about":[{"href":"https:\/\/www.filex.nl\/de\/wp-json\/wp\/v2\/types\/product"}],"wp:featuredmedia":[{"embeddable":true,"href":"https:\/\/www.filex.nl\/de\/wp-json\/wp\/v2\/media\/54656"}],"wp:attachment":[{"href":"https:\/\/www.filex.nl\/de\/wp-json\/wp\/v2\/media?parent=27644"}],"wp:term":[{"taxonomy":"product_brand","embeddable":true,"href":"https:\/\/www.filex.nl\/de\/wp-json\/wp\/v2\/product_brand?post=27644"},{"taxonomy":"product_cat","embeddable":true,"href":"https:\/\/www.filex.nl\/de\/wp-json\/wp\/v2\/product_cat?post=27644"},{"taxonomy":"product_tag","embeddable":true,"href":"https:\/\/www.filex.nl\/de\/wp-json\/wp\/v2\/product_tag?post=27644"}],"curies":[{"name":"wp","href":"https:\/\/api.w.org\/{rel}","templated":true}]}}