{"id":27678,"date":"2022-01-07T18:09:44","date_gmt":"2022-01-07T18:09:44","guid":{"rendered":"https:\/\/www.filex.nl\/product\/galaxy-adapter\/"},"modified":"2025-01-24T22:13:12","modified_gmt":"2025-01-24T22:13:12","slug":"galaxy-adapter","status":"publish","type":"product","link":"https:\/\/www.filex.nl\/de\/produkt\/galaxy-adapter\/","title":{"rendered":"Galaxy Adapter"},"content":{"rendered":"<p>Der Filex-Galaxy-Adapter ist das Aufsetzmodul f\u00fcr die Filex-Galaxy-Topdown-Tischblattklemme inklusive Durchtischbefestigung. Die Erg\u00e4nzung, um bei der Topdown&#8211;Tischblattklemme\/Tischplattendurchf\u00fchrung direkt ein anderes Armelement (gerade und statisch oder schr\u00e4g und statisch oder gasgefedert) an der Klemme zu montieren, ohne eine S\u00e4ule zu verwenden! <\/p>\n<p>Soll sich der Monitor ein St\u00fcck hinter dem Schreibtisch befinden? Auch dann kommt Ihr Bildschirm ohne eine S\u00e4ule aus, und Sie behalten die gr\u00f6\u00dftm\u00f6gliche Flexibilit\u00e4t bei der Einstellung des f\u00fcr Sie perfekten Abstands zu den Augen.<\/p>\n<p>Achtung: Dieses Produkt k\u00f6nnen Sie nur in Kombination mit der Filex-Galaxy-Topdown-Tischblattklemme verwenden (Artikelnummer 809520, 809521, 809522).<\/p>\n","protected":false},"excerpt":{"rendered":"<p>Der Filex-Galaxy-Adapter! Das kleine Extra, das es Ihnen erm\u00f6glicht, direkt von der Galaxy-Topdown-Klemme\/Durchtischbefestigung aus mit einem Armelement anstelle einer S\u00e4ule weiterzumachen!<\/p>\n","protected":false},"featured_media":15482,"template":"","meta":{"_acf_changed":false},"product_brand":[],"product_cat":[622,532,649],"product_tag":[],"class_list":{"0":"post-27678","1":"product","2":"type-product","3":"status-publish","4":"has-post-thumbnail","6":"product_cat-galaxy-komponenten","7":"product_cat-bestatigungen-optionen","8":"product_cat-galaxy-serie-de","9":"pa_kleur-schwarz","10":"pa_kleur-silber","11":"pa_kleur-weiss","13":"first","14":"instock","15":"shipping-taxable","16":"purchasable","17":"product-type-variable","18":"has-default-attributes"},"acf":[],"_links":{"self":[{"href":"https:\/\/www.filex.nl\/de\/wp-json\/wp\/v2\/product\/27678","targetHints":{"allow":["GET"]}}],"collection":[{"href":"https:\/\/www.filex.nl\/de\/wp-json\/wp\/v2\/product"}],"about":[{"href":"https:\/\/www.filex.nl\/de\/wp-json\/wp\/v2\/types\/product"}],"wp:featuredmedia":[{"embeddable":true,"href":"https:\/\/www.filex.nl\/de\/wp-json\/wp\/v2\/media\/15482"}],"wp:attachment":[{"href":"https:\/\/www.filex.nl\/de\/wp-json\/wp\/v2\/media?parent=27678"}],"wp:term":[{"taxonomy":"product_brand","embeddable":true,"href":"https:\/\/www.filex.nl\/de\/wp-json\/wp\/v2\/product_brand?post=27678"},{"taxonomy":"product_cat","embeddable":true,"href":"https:\/\/www.filex.nl\/de\/wp-json\/wp\/v2\/product_cat?post=27678"},{"taxonomy":"product_tag","embeddable":true,"href":"https:\/\/www.filex.nl\/de\/wp-json\/wp\/v2\/product_tag?post=27678"}],"curies":[{"name":"wp","href":"https:\/\/api.w.org\/{rel}","templated":true}]}}