{"id":27690,"date":"2022-01-07T18:09:43","date_gmt":"2022-01-07T18:09:43","guid":{"rendered":"https:\/\/www.filex.nl\/product\/galaxy-thin-client-cpu-houder\/"},"modified":"2025-01-24T22:13:22","modified_gmt":"2025-01-24T22:13:22","slug":"galaxy-thin-client-cpu-halter","status":"publish","type":"product","link":"https:\/\/www.filex.nl\/de\/produkt\/galaxy-thin-client-cpu-halter\/","title":{"rendered":"Galaxy Thin-Client-CPU-Halter"},"content":{"rendered":"<p>Der Filex-Galaxy-CPU-Halter f\u00fcr Thin Clients! Speziell f\u00fcr unsere Galaxy-Monitorarmserie entworfen! Der Galaxy-Thin-Client-CPU-Halter wurde speziell f\u00fcr Thin Client CPUs jeder Marke und jedes Typs entworfen und zeichnet sich neben seiner Montage am Monitorarm auch durch sein einzigartiges Preisleistungsverh\u00e4ltnis aus. <\/p>\n<p>Mithilfe der Montage an der Galaxy-S\u00e4ule und dank eines praktischen Schiebe-Klick-Systems l\u00e4sst sich dieser CPU-Halter auf jede gew\u00fcnschte H\u00f6he und Breite einstellen (maximale Tiefe 80 mm). Dieser einzigartige und trotzdem universelle CPU-Halter klemmt nicht nur Ihre CPU sicher fest, sondern sch\u00fctzt sie auch mit Absorptionsschaum gegen Kratzer. <\/p>\n<p>Sie k\u00f6nnen den CPU-Halter problemlos mithilfe des am Halter installierten Schiebesystems an der Galaxy-S\u00e4ule montieren. Lieferbar in den Farben Schwarz, Wei\u00df und Silber. Die notwendige Montageanleitung ist beigelegt. Reicht Ihnen das noch nicht? Wir h\u00f6ren gerne von Ihnen, wobei wir Ihnen helfen k\u00f6nnen!<\/p>\n","protected":false},"excerpt":{"rendered":"<p>Der Filex-Galaxy-CPU-Halter f\u00fcr Thin Clients! Unverzichtbar an einem sch\u00f6n aufger\u00e4umten Arbeitsplatz! Dieser CPU-Halter sch\u00fctzt nicht nur Ihren Thin Client gegen Kratzer, sondern er sorgt auch daf\u00fcr, dass er dank der Befestigung an der S\u00e4ule eines Filex-Galaxy-Monitorarms leicht zu bedienen ist!<\/p>\n","protected":false},"featured_media":15458,"template":"","meta":{"_acf_changed":false},"product_brand":[],"product_cat":[622,649,537],"product_tag":[],"class_list":{"0":"post-27690","1":"product","2":"type-product","3":"status-publish","4":"has-post-thumbnail","6":"product_cat-galaxy-komponenten","7":"product_cat-galaxy-serie-de","8":"product_cat-cpu-halter","9":"pa_kleur-schwarz","10":"pa_kleur-silber","11":"pa_kleur-weiss","13":"first","14":"instock","15":"shipping-taxable","16":"purchasable","17":"product-type-variable","18":"has-default-attributes"},"acf":[],"_links":{"self":[{"href":"https:\/\/www.filex.nl\/de\/wp-json\/wp\/v2\/product\/27690","targetHints":{"allow":["GET"]}}],"collection":[{"href":"https:\/\/www.filex.nl\/de\/wp-json\/wp\/v2\/product"}],"about":[{"href":"https:\/\/www.filex.nl\/de\/wp-json\/wp\/v2\/types\/product"}],"wp:featuredmedia":[{"embeddable":true,"href":"https:\/\/www.filex.nl\/de\/wp-json\/wp\/v2\/media\/15458"}],"wp:attachment":[{"href":"https:\/\/www.filex.nl\/de\/wp-json\/wp\/v2\/media?parent=27690"}],"wp:term":[{"taxonomy":"product_brand","embeddable":true,"href":"https:\/\/www.filex.nl\/de\/wp-json\/wp\/v2\/product_brand?post=27690"},{"taxonomy":"product_cat","embeddable":true,"href":"https:\/\/www.filex.nl\/de\/wp-json\/wp\/v2\/product_cat?post=27690"},{"taxonomy":"product_tag","embeddable":true,"href":"https:\/\/www.filex.nl\/de\/wp-json\/wp\/v2\/product_tag?post=27690"}],"curies":[{"name":"wp","href":"https:\/\/api.w.org\/{rel}","templated":true}]}}