{"id":27705,"date":"2022-01-07T18:09:43","date_gmt":"2022-01-07T18:09:43","guid":{"rendered":"https:\/\/www.filex.nl\/product\/galaxy-zit-sta-werkplateau\/"},"modified":"2025-01-24T22:13:31","modified_gmt":"2025-01-24T22:13:31","slug":"galaxy-steh-sitz-arbeitsplatz","status":"publish","type":"product","link":"https:\/\/www.filex.nl\/de\/produkt\/galaxy-steh-sitz-arbeitsplatz\/","title":{"rendered":"Galaxy Steh-Sitz-Arbeitsplatz"},"content":{"rendered":"<p>Die Filex-Galaxy-Tastatur- und Mausablage! Eine Arbeitsplatte f\u00fcr jeden Steh-Sitz-Arbeitsplatz oder als L\u00f6sung im Gesundheitswesen! Mit dieser Arbeitsplatte k\u00f6nnen Sie zum Beispiel Ihre Tastatur und Maus auf jeder gew\u00fcnschten H\u00f6he und im Stehen verwenden und dabei eine m\u00f6glichst ergonomische Haltung einnehmen. Sie k\u00f6nnen diesen Arbeitsplatz in Kombination mit einem dynamischen, gasgefederten Galaxy-Armelement oder einem geraden oder schr\u00e4gen statischen Armelement aus der Filex-Galaxy-Monitorarmfamilie verwenden.<\/p>\n<p>Dank ihrer intelligenten Konstruktion in Kombination mit allen Optionen der Galaxy-Armelemente k\u00f6nnen Sie jede gew\u00fcnschte Position immer schnell und einfach auf ergonomisch verantwortliche Weise einstellen (180 Grad drehen oder kippen).<\/p>\n<p>Der Arbeitsplatz wird gleichzeitig inklusive einer angenehmen Gelauflage f\u00fcr die Handgelenke f\u00fcr die Arbeit an Tastatur und Maus geliefert. Die ideale L\u00f6sung! Auch wenn Sie abwechselnd im Stehen und Sitzen arbeiten, alles in Reichweite haben und vielleicht Informationen mit einem Kunden oder Kollegen austauschen wollen.<\/p>\n<p>Da dieser robuste und ergonomisch verantwortungsvolle Arbeitsplatz Teil der modularen Filex-Galaxy-Familie ist, k\u00f6nnen Sie ihn auch in Kombination mit beispielsweise einem St\u00e4nder f\u00fcr die Wandmontage in Kombination mit einem Monitor oder einer Schreibtisch-Monitorarm-L\u00f6sung verwenden.<\/p>\n<p>Ma\u00dfe: 700 x 300 mm.<br \/>\nLieferbar in den Farben Schwarz und Wei\u00df.<\/p>\n<p>Wollen Sie lieber eine feste Konfiguration haben? Sehen Sie sich auch unsere Artikelnummern 810080-S und 810081-S f\u00fcr die perfekte L\u00f6sung f\u00fcr Steh-Sitz-Arbeitspl\u00e4tze und das Gesundheitswesen an!<\/p>\n","protected":false},"excerpt":{"rendered":"<p>Die Filex-Galaxy-Tastatur- und Mausablage! Die ideale L\u00f6sung f\u00fcr alle Einrichtungen des Gesundheitswesens und Ihren Steh-Sitz-Arbeitsplatz. Diese Ablage f\u00fcr Tastatur und Maus wurde unter ergonomischen Gesichtspunkten entworfen und kann direkt an unseren modularen Filex-Galaxy-Monitorarmelementen angebracht werden!<\/p>\n","protected":false},"featured_media":15464,"template":"","meta":{"_acf_changed":false},"product_brand":[],"product_cat":[622,532,555,649],"product_tag":[],"class_list":{"0":"post-27705","1":"product","2":"type-product","3":"status-publish","4":"has-post-thumbnail","6":"product_cat-galaxy-komponenten","7":"product_cat-bestatigungen-optionen","8":"product_cat-sitz-und-steharbeitsplaetze","9":"product_cat-galaxy-serie-de","10":"pa_kleur-schwarz","11":"pa_kleur-weiss","13":"first","14":"instock","15":"shipping-taxable","16":"purchasable","17":"product-type-variable","18":"has-default-attributes"},"acf":[],"_links":{"self":[{"href":"https:\/\/www.filex.nl\/de\/wp-json\/wp\/v2\/product\/27705","targetHints":{"allow":["GET"]}}],"collection":[{"href":"https:\/\/www.filex.nl\/de\/wp-json\/wp\/v2\/product"}],"about":[{"href":"https:\/\/www.filex.nl\/de\/wp-json\/wp\/v2\/types\/product"}],"wp:featuredmedia":[{"embeddable":true,"href":"https:\/\/www.filex.nl\/de\/wp-json\/wp\/v2\/media\/15464"}],"wp:attachment":[{"href":"https:\/\/www.filex.nl\/de\/wp-json\/wp\/v2\/media?parent=27705"}],"wp:term":[{"taxonomy":"product_brand","embeddable":true,"href":"https:\/\/www.filex.nl\/de\/wp-json\/wp\/v2\/product_brand?post=27705"},{"taxonomy":"product_cat","embeddable":true,"href":"https:\/\/www.filex.nl\/de\/wp-json\/wp\/v2\/product_cat?post=27705"},{"taxonomy":"product_tag","embeddable":true,"href":"https:\/\/www.filex.nl\/de\/wp-json\/wp\/v2\/product_tag?post=27705"}],"curies":[{"name":"wp","href":"https:\/\/api.w.org\/{rel}","templated":true}]}}