{"id":27719,"date":"2022-01-07T18:09:43","date_gmt":"2022-01-07T18:09:43","guid":{"rendered":"https:\/\/www.filex.nl\/product\/galaxy-bladklem-bladdoorvoer-topdown\/"},"modified":"2025-01-24T22:13:43","modified_gmt":"2025-01-24T22:13:43","slug":"galaxy-tischblattklemme-durchtischbefestigung-topdown","status":"publish","type":"product","link":"https:\/\/www.filex.nl\/de\/produkt\/galaxy-tischblattklemme-durchtischbefestigung-topdown\/","title":{"rendered":"Galaxy Tischblattklemme\/Durchtischbefestigung Topdown"},"content":{"rendered":"<p>Die Filex-Galaxy-Topdown-Tischblattklemme inklusive  Durchtischbefestigung ist die perfekte L\u00f6sung f\u00fcr die Befestigung aller Galaxy-S\u00e4ulen (22, 45 und 70 cm)! <\/p>\n<p>Das Einzigartige an diesem Design ist, dass sich die Klemme einfach und schnell ergonomisch vertretbar von oben montieren l\u00e4sst, sodass Sie nicht mehr unter den Tisch zu kriechen brauchen, um sie festzuschrauben.<\/p>\n<p>Dank der klugen Klemmtechnik kann diese Klemme f\u00fcr fast jede Art von Schreibtischplatten, einschlie\u00dflich ausziehbarer Tischplatten und Platten mit abgeschr\u00e4gter Kante, mit einem Bereich von 6 bis 45 mm verwendet werden. <\/p>\n<p>Damit Sie den Vorteil eines modularen Arms vollst\u00e4ndig ausnutzen k\u00f6nnen, haben wir unser Sortiment um einen optionalen Galaxy-Adapter erg\u00e4nzt (Artikelnummer 809523, 809524 und 809525). <\/p>\n<p>Mit einem Adapter auf der Topdown-Tischblattklemme\/Durchf\u00fchrung k\u00f6nnen Sie direkt auf der Klemme\/Durchf\u00fchrung ein Armelement aufsetzen + Adapter statt einer S\u00e4ule.<br \/>\nWenn Sie diesen Adapter verwenden, k\u00f6nnen Sie zum Beispiel ein schr\u00e4ges Armelement direkt an der Klemme montieren. Dadurch bleibt die Anmutung f\u00fcr jede Nutzung auf jedem Schreibtisch gleich, w\u00e4hrend die Anwendung von Person zu Person v\u00f6llig unterschiedlich sein kann.<\/p>\n<p>Achtung: Den Filex-Galaxy-Adapter (Artikelnummer 809523\/809524\/809525) m\u00fcssen Sie noch separat dazu bestellen, wenn Sie direkt an der Klemme\/Durchf\u00fchrung einen Arm statt einer S\u00e4ule verwenden wollen.<\/p>\n","protected":false},"excerpt":{"rendered":"<p>Die Filex-Galaxy-Topdown-Tischblattklemme inklusive Durchtischbefestigung! Die perfekte L\u00f6sung, wenn Sie flexibel bleiben wollen, denn so ist jede nur denkbare Konstruktion und Konfiguration Ihres Galaxy-Monitorarms m\u00f6glich, einschlie\u00dflich der Montage von oben! Wollen Sie direkt an der Klemme\/Durchtischbefestigung eine S\u00e4ule montieren? Kein Problem! Wollen Sie doch ein Galaxy-Armelement direkt an der Klemme\/Durchtischbefestigung montieren? Auch das ist schnell erledigt, daf\u00fcr ben\u00f6tigen Sie nur den Galaxy-Adapter!<\/p>\n","protected":false},"featured_media":19317,"template":"","meta":{"_acf_changed":false},"product_brand":[],"product_cat":[622,532,649],"product_tag":[],"class_list":{"0":"post-27719","1":"product","2":"type-product","3":"status-publish","4":"has-post-thumbnail","6":"product_cat-galaxy-komponenten","7":"product_cat-bestatigungen-optionen","8":"product_cat-galaxy-serie-de","9":"pa_kleur-schwarz","10":"pa_kleur-silber","11":"pa_kleur-weiss","13":"first","14":"instock","15":"shipping-taxable","16":"purchasable","17":"product-type-variable","18":"has-default-attributes"},"acf":[],"_links":{"self":[{"href":"https:\/\/www.filex.nl\/de\/wp-json\/wp\/v2\/product\/27719","targetHints":{"allow":["GET"]}}],"collection":[{"href":"https:\/\/www.filex.nl\/de\/wp-json\/wp\/v2\/product"}],"about":[{"href":"https:\/\/www.filex.nl\/de\/wp-json\/wp\/v2\/types\/product"}],"wp:featuredmedia":[{"embeddable":true,"href":"https:\/\/www.filex.nl\/de\/wp-json\/wp\/v2\/media\/19317"}],"wp:attachment":[{"href":"https:\/\/www.filex.nl\/de\/wp-json\/wp\/v2\/media?parent=27719"}],"wp:term":[{"taxonomy":"product_brand","embeddable":true,"href":"https:\/\/www.filex.nl\/de\/wp-json\/wp\/v2\/product_brand?post=27719"},{"taxonomy":"product_cat","embeddable":true,"href":"https:\/\/www.filex.nl\/de\/wp-json\/wp\/v2\/product_cat?post=27719"},{"taxonomy":"product_tag","embeddable":true,"href":"https:\/\/www.filex.nl\/de\/wp-json\/wp\/v2\/product_tag?post=27719"}],"curies":[{"name":"wp","href":"https:\/\/api.w.org\/{rel}","templated":true}]}}