{"id":27731,"date":"2022-01-07T18:09:40","date_gmt":"2022-01-07T18:09:40","guid":{"rendered":"https:\/\/www.filex.nl\/product\/galaxy-toolbar\/"},"modified":"2025-01-24T22:13:54","modified_gmt":"2025-01-24T22:13:54","slug":"galaxy-systemschiene-150","status":"publish","type":"product","link":"https:\/\/www.filex.nl\/de\/produkt\/galaxy-systemschiene-150\/","title":{"rendered":"Galaxy Systemschiene 150"},"content":{"rendered":"<p>Die Filex-Galaxy-Systemschiene! Die ideale L\u00f6sung und Zusammenstellung f\u00fcr eine Multi-Screen-Konfiguration. Wollen Sie einen Kontrollraum oder eine Zentrale einrichten? Oder sind Sie ein begeisterter Gamer? Sie verwenden mehr als 2 Monitore und wollen diese so sch\u00f6n wie m\u00f6glich montiert haben, wobei alle Bildschirme genau \u00fcbereinander h\u00e4ngen sollen? Unsere Galaxy-Systemschiene kann f\u00fcr 2 bis 10 Monitore (je nach Bildschirmgr\u00f6\u00dfe) sowohl in 1 als auch 2 Reihen \u00fcbereinander verwendet werden. Die Systemschiene wird an der Galaxy-S\u00e4ule (45 cm oder 70 cm) oder an der Wand montiert.<\/p>\n<p>Mit dieser tollen und hochwertigen Systemschiene haben Sie eine einzigartige und professionelle L\u00f6sung sowohl f\u00fcr den eigenen Arbeitsplatz als auch den Arbeitsplatz, den Sie ganz nach Kundenwunsch einrichten sollen. Diese Systemschiene ist Teil der modularen (und nachhaltigen) Filex-Galaxy-Monitorarmfamilie!<\/p>\n<p>Die Standardl\u00e4nge dieser Organisationsschiene betr\u00e4gt 150 cm. Wenn Sie diese Systemschiene links und rechts (optional) mit einer Filex-Galaxy-S\u00e4ule und einer Tischblattklemme nach Wahl oder Tischblattdurchf\u00fchrung versehen, k\u00f6nnen Sie jede gew\u00fcnschte Konstellation zusammenstellen. Weil das System modular ist, k\u00f6nnen Sie in Kombination mit der S\u00e4ule um jeweils 150 cm unbegrenzt in der L\u00e4nge weiterbauen.<br \/>\nSehen Sie sich als Beispiel f\u00fcr eine Basiszusammenstellung auch die Artikelnummern 810053-S, 810054-S und 810055-S an.<\/p>\n<p>Indem Sie auch an der Au\u00dfenseite der S\u00e4ulen Armelemente montieren, k\u00f6nnen Sie sogar bis zu 2 Monitore pro Seite der Konfiguration in der Breite anbauen oder zum Beispiel ein Cockpit einrichten. Wenn Sie eine besonders hohe S\u00e4ule w\u00e4hlen (70 cm) oder 2 S\u00e4ulen (2 x 22 cm, 2 x 45 cm oder 2 x 70 cm) \u00fcbereinander montieren, k\u00f6nnen Sie sogar mehrere Bildschirme \u00fcbereinander verwenden oder einen Handelssaal einrichten. Alles l\u00e4sst sich mit einer Tischblattklemme nach Wahl und einer Tischblattdurchf\u00fchrung zusammenstellen. Lieferbar in den Farben Schwarz, Wei\u00df und Silber.<\/p>\n<p>Wollen Sie Ihre eigene Zusammenstellung entwerfen? Verwenden Sie unseren Konfigurator!<br \/>\nReicht Ihnen das noch nicht ganz? Wir helfen Ihnen gerne weiter!<\/p>\n","protected":false},"excerpt":{"rendered":"<p>Die Filex-Galaxy-Systemschiene! Wenn Sie diese Systemschiene zwischen 2 Galaxy-S\u00e4ulen (45 cm oder 70 cm) montieren, k\u00f6nnen Sie buchst\u00e4blich alles bauen, was Sie wollen, und das f\u00fcr zahllose Monitore! Sie suchen die passende Cockpitaufstellung f\u00fcr einen Kontrollraum oder eine Sicherheitseinrichtung? Oder sind Sie ein begeisterter Gamer? Mit dieser Systemschiene k\u00f6nnen Sie die sch\u00f6nsten Konfigurationen mit zahlreichen Monitoren zusammenstellen!<\/p>\n","protected":false},"featured_media":56679,"template":"","meta":{"_acf_changed":false},"product_brand":[],"product_cat":[622,649,652,663],"product_tag":[],"class_list":{"0":"post-27731","1":"product","2":"type-product","3":"status-publish","4":"has-post-thumbnail","6":"product_cat-galaxy-komponenten","7":"product_cat-galaxy-serie-de","8":"product_cat-galaxy-toolbars-de","9":"product_cat-systemschienen","10":"pa_kleur-schwarz","11":"pa_kleur-silber","12":"pa_kleur-weiss","14":"first","15":"instock","16":"shipping-taxable","17":"purchasable","18":"product-type-variable","19":"has-default-attributes"},"acf":[],"_links":{"self":[{"href":"https:\/\/www.filex.nl\/de\/wp-json\/wp\/v2\/product\/27731","targetHints":{"allow":["GET"]}}],"collection":[{"href":"https:\/\/www.filex.nl\/de\/wp-json\/wp\/v2\/product"}],"about":[{"href":"https:\/\/www.filex.nl\/de\/wp-json\/wp\/v2\/types\/product"}],"wp:featuredmedia":[{"embeddable":true,"href":"https:\/\/www.filex.nl\/de\/wp-json\/wp\/v2\/media\/56679"}],"wp:attachment":[{"href":"https:\/\/www.filex.nl\/de\/wp-json\/wp\/v2\/media?parent=27731"}],"wp:term":[{"taxonomy":"product_brand","embeddable":true,"href":"https:\/\/www.filex.nl\/de\/wp-json\/wp\/v2\/product_brand?post=27731"},{"taxonomy":"product_cat","embeddable":true,"href":"https:\/\/www.filex.nl\/de\/wp-json\/wp\/v2\/product_cat?post=27731"},{"taxonomy":"product_tag","embeddable":true,"href":"https:\/\/www.filex.nl\/de\/wp-json\/wp\/v2\/product_tag?post=27731"}],"curies":[{"name":"wp","href":"https:\/\/api.w.org\/{rel}","templated":true}]}}