{"id":27735,"date":"2022-01-07T18:09:36","date_gmt":"2022-01-07T18:09:36","guid":{"rendered":"https:\/\/www.filex.nl\/product\/galaxy-universele-toolbar-wandklem\/"},"modified":"2025-01-24T22:14:06","modified_gmt":"2025-01-24T22:14:06","slug":"galaxy-universelle-systemschiene-wandklemme","status":"publish","type":"product","link":"https:\/\/www.filex.nl\/de\/produkt\/galaxy-universelle-systemschiene-wandklemme\/","title":{"rendered":"Galaxy Universelle Systemschiene\/Wandklemme"},"content":{"rendered":"<p>Die universelle Filex-Galaxy-Systemschiene\/-Wandhalterung! Multifunktional sowohl f\u00fcr die Befestigung an Mauer und Wand, als auch f\u00fcr die Montage an der Galaxy-Systemschiene (Artikelnummer: 809506, 809507 und 809508!<\/p>\n<p>Weil dieses Produkt ein universelles Design hat, k\u00f6nnen Sie alle Armelemente der Galaxy-Familie direkt daran installieren. Dabei handelt es sich um die Armelemente mit den Artikelnummer 809470 bis 809492. Ob Sie sich jetzt f\u00fcr gerade oder schr\u00e4ge statische Galaxy-Armelemente oder ein dynamisches, gasgefedertes Element entscheiden, alles ist m\u00f6glich!<\/p>\n<p>Nach dem Anbringen des gew\u00e4hlten Armelements brauchen Sie sich nur noch einen Galaxy-VESA-Kugelkopf (Artikelnummer: 809464, 809465 oder 809466) auszusuchen und k\u00f6nnen direkt mithilfe des Schnellverschlusssystems am Kopf Ihre Monitore in die gew\u00fcnschte Position bringen. <\/p>\n<p>Wollen Sie statt eines Armelements lieber direkt einen VESA-Kugelkopf haben, um Ihre Monitore daran anzubringen? Auch das ist kein Problem. Gleichzeitig k\u00f6nnen Sie die Klemme f\u00fcr die Nutzung an der Wand demontieren und direkt an der Mauer installieren.<\/p>\n","protected":false},"excerpt":{"rendered":"<p>Die universelle Filex-Galaxy-Systemschiene\/-Wandhalterung! Wollen Sie gerne einen Monitorarm, den Sie an jeder Wand befestigen k\u00f6nnen? Oder die Bildschirme an der Galaxy-Systemschiene befestigen? Dann ist dies das richtige Produkt f\u00fcr Sie! Die universelle Filex-Galaxy-Systemschiene und Wandhalterung helfen Ihnen dabei, den Galaxy-Monitorarm auf die gew\u00fcnschte Art zu befestigen!<\/p>\n","protected":false},"featured_media":15440,"template":"","meta":{"_acf_changed":false},"product_brand":[],"product_cat":[622,532,649,652,663],"product_tag":[],"class_list":{"0":"post-27735","1":"product","2":"type-product","3":"status-publish","4":"has-post-thumbnail","6":"product_cat-galaxy-komponenten","7":"product_cat-bestatigungen-optionen","8":"product_cat-galaxy-serie-de","9":"product_cat-galaxy-toolbars-de","10":"product_cat-systemschienen","11":"pa_kleur-schwarz","12":"pa_kleur-silber","13":"pa_kleur-weiss","15":"first","16":"instock","17":"shipping-taxable","18":"purchasable","19":"product-type-variable","20":"has-default-attributes"},"acf":[],"_links":{"self":[{"href":"https:\/\/www.filex.nl\/de\/wp-json\/wp\/v2\/product\/27735","targetHints":{"allow":["GET"]}}],"collection":[{"href":"https:\/\/www.filex.nl\/de\/wp-json\/wp\/v2\/product"}],"about":[{"href":"https:\/\/www.filex.nl\/de\/wp-json\/wp\/v2\/types\/product"}],"wp:featuredmedia":[{"embeddable":true,"href":"https:\/\/www.filex.nl\/de\/wp-json\/wp\/v2\/media\/15440"}],"wp:attachment":[{"href":"https:\/\/www.filex.nl\/de\/wp-json\/wp\/v2\/media?parent=27735"}],"wp:term":[{"taxonomy":"product_brand","embeddable":true,"href":"https:\/\/www.filex.nl\/de\/wp-json\/wp\/v2\/product_brand?post=27735"},{"taxonomy":"product_cat","embeddable":true,"href":"https:\/\/www.filex.nl\/de\/wp-json\/wp\/v2\/product_cat?post=27735"},{"taxonomy":"product_tag","embeddable":true,"href":"https:\/\/www.filex.nl\/de\/wp-json\/wp\/v2\/product_tag?post=27735"}],"curies":[{"name":"wp","href":"https:\/\/api.w.org\/{rel}","templated":true}]}}