{"id":27747,"date":"2022-01-07T18:09:35","date_gmt":"2022-01-07T18:09:35","guid":{"rendered":"https:\/\/www.filex.nl\/product\/galaxy-vesa-kop-voor-crossbar\/"},"modified":"2025-01-24T22:14:12","modified_gmt":"2025-01-24T22:14:12","slug":"galaxy-vesa-kugelkopf-fuer-quertraeger","status":"publish","type":"product","link":"https:\/\/www.filex.nl\/de\/produkt\/galaxy-vesa-kugelkopf-fuer-quertraeger\/","title":{"rendered":"Galaxy VESA-Kugelkopf f\u00fcr Quertr\u00e4ger"},"content":{"rendered":"<p>Der VESA-Kugelkopf f\u00fcr den Filex Galaxy ist f\u00fcr die Verwendung mit einem Quertr\u00e4ger zusammen gedacht! Der letzte Schliff f\u00fcr Ihren Monitorarm! Sie haben eine sch\u00f6ne Galaxy-Konfiguration ersonnen und entworfen, wollen aber gerne einen Quertr\u00e4ger einsetzen, sodass Sie \u00fcber eine sch\u00f6ne und stabile Erweiterung auf 2 Monitore verf\u00fcgen.<\/p>\n<p>Der VESA-Kugelkopf  (75\u00d775 und 100\u00d7100) wurde extra f\u00fcr Ihren gew\u00e4hlten Monitorarm in Kombination mit einem Quertr\u00e4ger entworfen (f\u00fcr die Erweiterung auf 2 Bildschirme). Wenn Sie diesen speziellen VESA-Kugelkopf verwenden, k\u00f6nnen Sie getrost Ihre Monitore aufh\u00e4ngen, ohne dass der VESA-Kugelkopf absinken kann. <\/p>\n<p>Der VESA-Kugelkopf kann direkt am patentierten Konnektor, an den statischen Armelementen (gerade und schr\u00e4g) und an den dynamischen, gasgefederten Armelementen montiert und f\u00fcr die Montage von Monitoren, Quertr\u00e4gern, Thin Client CPUs, Laptop- und\/oder Tablethaltern verwendet werden Wenn Sie diesen VESA-Kugelkopf w\u00e4hlen, entscheiden Sie sich f\u00fcr Sicherheit und Stabilit\u00e4t!<\/p>\n","protected":false},"excerpt":{"rendered":"<p>Der VESA-Kugelkopf f\u00fcr den Filex Galaxy ist f\u00fcr die Verwendung mit einem Quertr\u00e4ger zusammen gedacht! Das Bauteil, das Sie als letztes an den Armelementen (oder dem Konnektor) des modularen Filex-Galaxy-Monitorarms anbringen, bevor Sie den gew\u00e4hlten Quertr\u00e4ger hinzuf\u00fcgen! Mithilfe dieses VESA-Kugelkopfs k\u00f6nnen Sie Ihren Monitorarm f\u00fcr 1 Bildschirm ganz einfach auf 2 Bildschirme erweitern. Sie m\u00fcssen sich daf\u00fcr nur noch einen Quertr\u00e4ger zulegen!<\/p>\n","protected":false},"featured_media":61305,"template":"","meta":{"_acf_changed":false},"product_brand":[],"product_cat":[622,532,649],"product_tag":[],"class_list":{"0":"post-27747","1":"product","2":"type-product","3":"status-publish","4":"has-post-thumbnail","6":"product_cat-galaxy-komponenten","7":"product_cat-bestatigungen-optionen","8":"product_cat-galaxy-serie-de","9":"pa_kleur-silber","10":"pa_kleur-weiss","12":"first","13":"instock","14":"shipping-taxable","15":"purchasable","16":"product-type-variable"},"acf":[],"_links":{"self":[{"href":"https:\/\/www.filex.nl\/de\/wp-json\/wp\/v2\/product\/27747","targetHints":{"allow":["GET"]}}],"collection":[{"href":"https:\/\/www.filex.nl\/de\/wp-json\/wp\/v2\/product"}],"about":[{"href":"https:\/\/www.filex.nl\/de\/wp-json\/wp\/v2\/types\/product"}],"wp:featuredmedia":[{"embeddable":true,"href":"https:\/\/www.filex.nl\/de\/wp-json\/wp\/v2\/media\/61305"}],"wp:attachment":[{"href":"https:\/\/www.filex.nl\/de\/wp-json\/wp\/v2\/media?parent=27747"}],"wp:term":[{"taxonomy":"product_brand","embeddable":true,"href":"https:\/\/www.filex.nl\/de\/wp-json\/wp\/v2\/product_brand?post=27747"},{"taxonomy":"product_cat","embeddable":true,"href":"https:\/\/www.filex.nl\/de\/wp-json\/wp\/v2\/product_cat?post=27747"},{"taxonomy":"product_tag","embeddable":true,"href":"https:\/\/www.filex.nl\/de\/wp-json\/wp\/v2\/product_tag?post=27747"}],"curies":[{"name":"wp","href":"https:\/\/api.w.org\/{rel}","templated":true}]}}