{"id":27763,"date":"2022-01-07T18:09:35","date_gmt":"2022-01-07T18:09:35","guid":{"rendered":"https:\/\/www.filex.nl\/product\/galaxy-elektrificatie-houder\/"},"modified":"2025-01-24T22:14:25","modified_gmt":"2025-01-24T22:14:25","slug":"galaxy-kabelhalterung","status":"publish","type":"product","link":"https:\/\/www.filex.nl\/de\/produkt\/galaxy-kabelhalterung\/","title":{"rendered":"Galaxy Kabelhalterung"},"content":{"rendered":"<p>Die aufgesteckte Filex-Galaxy-Kabelspange! Wollen Sie die n\u00f6tigen Anschl\u00fcsse an Ihrem Arbeitsplatz gerne in Reichweite haben? Entscheiden Sie sich f\u00fcr Einfachheit und Komfort und gegen Bohren oder Fr\u00e4sen in Ihren sch\u00f6nen Schreibtisch, indem Sie mithilfe unserer Serie Filex Desk Up\u00ae 1.0 alle technischen Anschl\u00fcsse an Ihrem Filex-Galaxy-Monitorarm montieren.<\/p>\n<p>Wenn Sie diese Galaxy-Kabelspange verwenden, k\u00f6nnen Sie alle Elektrifizierungsmodule der Serie Filex Desk Up\u00ae 1.0 an der S\u00e4ule des Monitorarms montieren und bleiben so flexibel, was die Anschl\u00fcsse pro Arbeitsplatz anbetrifft. <\/p>\n<p>Wollen Sie die Elektrifizierungseinheit doch lieber an den Schreibtisch klemmen statt sie am Monitorarm zu installieren? Auch das ist mit den Varianten der Serien Filex Desk Up\u00ae 1.0 und 2.0 m\u00f6glich. Lieferbar in den Farben Schwarz, Silber und Wei\u00df.<\/p>\n<p>Achtung: Beim Kauf dieser Klemme ist das Elektrifizierungsmodul nicht mit inbegriffen.<\/p>\n","protected":false},"excerpt":{"rendered":"<p>Die Filex-Galaxy-Kabelspange! Eine Erweiterung der Elektrifizierung Ihres Arbeitsplatzes ist noch nie so einfach gewesen! Mithilfe dieser Spange k\u00f6nnen Sie den Filex Desk Up\u00ae 1.0 mit den gew\u00fcnschten Anschl\u00fcssen sogar direkt auf der Vorderseite Ihres Galaxy-Monitorarms aufh\u00e4ngen.<\/p>\n","protected":false},"featured_media":54665,"template":"","meta":{"_acf_changed":false},"product_brand":[],"product_cat":[622,532,542,649],"product_tag":[],"class_list":{"0":"post-27763","1":"product","2":"type-product","3":"status-publish","4":"has-post-thumbnail","6":"product_cat-galaxy-komponenten","7":"product_cat-bestatigungen-optionen","8":"product_cat-elektrifizierung-halter","9":"product_cat-galaxy-serie-de","10":"pa_kleur-schwarz","11":"pa_kleur-silber","12":"pa_kleur-weiss","14":"first","15":"instock","16":"shipping-taxable","17":"purchasable","18":"product-type-variable","19":"has-default-attributes"},"acf":[],"_links":{"self":[{"href":"https:\/\/www.filex.nl\/de\/wp-json\/wp\/v2\/product\/27763","targetHints":{"allow":["GET"]}}],"collection":[{"href":"https:\/\/www.filex.nl\/de\/wp-json\/wp\/v2\/product"}],"about":[{"href":"https:\/\/www.filex.nl\/de\/wp-json\/wp\/v2\/types\/product"}],"wp:featuredmedia":[{"embeddable":true,"href":"https:\/\/www.filex.nl\/de\/wp-json\/wp\/v2\/media\/54665"}],"wp:attachment":[{"href":"https:\/\/www.filex.nl\/de\/wp-json\/wp\/v2\/media?parent=27763"}],"wp:term":[{"taxonomy":"product_brand","embeddable":true,"href":"https:\/\/www.filex.nl\/de\/wp-json\/wp\/v2\/product_brand?post=27763"},{"taxonomy":"product_cat","embeddable":true,"href":"https:\/\/www.filex.nl\/de\/wp-json\/wp\/v2\/product_cat?post=27763"},{"taxonomy":"product_tag","embeddable":true,"href":"https:\/\/www.filex.nl\/de\/wp-json\/wp\/v2\/product_tag?post=27763"}],"curies":[{"name":"wp","href":"https:\/\/api.w.org\/{rel}","templated":true}]}}