{"id":27779,"date":"2022-01-07T18:09:35","date_gmt":"2022-01-07T18:09:35","guid":{"rendered":"https:\/\/www.filex.nl\/product\/galaxy-enkel-monitorarm-schuin-en-gasveer\/"},"modified":"2025-01-24T22:14:36","modified_gmt":"2025-01-24T22:14:36","slug":"single-monitorarm-modell-galaxy-schraeg-mit-gasfeder","status":"publish","type":"product","link":"https:\/\/www.filex.nl\/de\/produkt\/single-monitorarm-modell-galaxy-schraeg-mit-gasfeder\/","title":{"rendered":"Single Monitorarm Modell Galaxy, schr\u00e4g, mit Gasfeder"},"content":{"rendered":"<p>Diese Konfiguration eignet sich f\u00fcr 1 Monitor, und wenn Sie einen Quertr\u00e4ger verwenden auch f\u00fcr 2 Monitore. Diese Filex-Galaxy-Konfiguration enth\u00e4lt 1 schr\u00e4ges statisches Armelement (30 cm) und 1 dynamisches Element (32 cm). Dank der drei Gelenke und der Gasfeder l\u00e4sst sich dieser Filex-Galaxy-Monitorarm flexibel auf jeden gew\u00fcnschten Blickwinkel einstellen.<\/p>\n<p>Auch diese Zusammenstellung enth\u00e4lt einen universellen VESA-Schnellverschluss (VESA 75 x 75 und 100 x 100). Die Bildschirme k\u00f6nnen sowohl im Hoch- als auch im Querformat verwendet werden. Ihren Bildschirm, Laptop- oder Tablethalter k\u00f6nnen Sie direkt an diesen VESA-Kugelkopf anschlie\u00dfen.<\/p>\n<p>Wollen Sie in der Zukunft Ihren Arbeitsplatz nachr\u00fcsten oder andere Ger\u00e4te kaufen? Dann k\u00f6nnen Sie den Filex Galaxy jederzeit an Ihre aktuellen Bed\u00fcrfnisse anpassen.<\/p>\n<p>Filex Galaxy ist ein komplett modulares Monitorarmsystem, mit dem sich jede gew\u00fcnschte Konfiguration umsetzen l\u00e4sst. Mit diesem Monitorarm erf\u00fcllen wir all Ihre W\u00fcnsche!<\/p>\n<p>Das maximale Tragegewicht betr\u00e4gt 12 kg.<\/p>\n<p>Der Filex Galaxy wird aus nachhaltigen Materialien hergestellt und kann zu 100% wiederverwertet werden. Nehmen Sie dazu noch die 5 Jahre Garantie, und Sie wollen nie wieder einen anderen Monitorarm als den Filex Galaxy!<\/p>\n<p>Lieferung inkl. Tischblattklemme.<br \/>\nLieferbar in den Farben Schwarz, Silber und Wei\u00df.<\/p>\n","protected":false},"excerpt":{"rendered":"<p>Eine Konfiguration des Monitorarms Filex Galaxy f\u00fcr 1 Bildschirm! Eine Kombination aus einer statischen und dynamischen Konfiguration der modularen (und nachhaltigen) Galaxy-Monitorarmserie! Dank des schr\u00e4gen statischen und des dynamischen Armelements, die direkt an der Klemme montiert werden k\u00f6nnen, l\u00e4sst sich dieser Arm problemlos manuell auf jede gew\u00fcnschte H\u00f6he und Tiefe einstellen. Dank des Kugelgelenks im VESA-Kugelkopf l\u00e4sst sich bei diesem Arm gleichzeitig direkt der richtige ergonomische Blickwinkel einstellen!<\/p>\n","protected":false},"featured_media":15737,"template":"","meta":{"_acf_changed":false},"product_brand":[],"product_cat":[604,647,649],"product_tag":[],"class_list":{"0":"post-27779","1":"product","2":"type-product","3":"status-publish","4":"has-post-thumbnail","6":"product_cat-monitorarme","7":"product_cat-galaxy-monitorarme","8":"product_cat-galaxy-serie-de","9":"pa_kleur-schwarz","10":"pa_kleur-silber","11":"pa_kleur-weiss","13":"first","14":"instock","15":"shipping-taxable","16":"purchasable","17":"product-type-variable","18":"has-default-attributes"},"acf":[],"_links":{"self":[{"href":"https:\/\/www.filex.nl\/de\/wp-json\/wp\/v2\/product\/27779","targetHints":{"allow":["GET"]}}],"collection":[{"href":"https:\/\/www.filex.nl\/de\/wp-json\/wp\/v2\/product"}],"about":[{"href":"https:\/\/www.filex.nl\/de\/wp-json\/wp\/v2\/types\/product"}],"wp:featuredmedia":[{"embeddable":true,"href":"https:\/\/www.filex.nl\/de\/wp-json\/wp\/v2\/media\/15737"}],"wp:attachment":[{"href":"https:\/\/www.filex.nl\/de\/wp-json\/wp\/v2\/media?parent=27779"}],"wp:term":[{"taxonomy":"product_brand","embeddable":true,"href":"https:\/\/www.filex.nl\/de\/wp-json\/wp\/v2\/product_brand?post=27779"},{"taxonomy":"product_cat","embeddable":true,"href":"https:\/\/www.filex.nl\/de\/wp-json\/wp\/v2\/product_cat?post=27779"},{"taxonomy":"product_tag","embeddable":true,"href":"https:\/\/www.filex.nl\/de\/wp-json\/wp\/v2\/product_tag?post=27779"}],"curies":[{"name":"wp","href":"https:\/\/api.w.org\/{rel}","templated":true}]}}