{"id":27791,"date":"2022-01-07T18:09:35","date_gmt":"2022-01-07T18:09:35","guid":{"rendered":"https:\/\/www.filex.nl\/product\/galaxy-gasveer-armdeel\/"},"modified":"2025-01-24T22:15:00","modified_gmt":"2025-01-24T22:15:00","slug":"galaxy-monitorarmelement-mit-gasfeder","status":"publish","type":"product","link":"https:\/\/www.filex.nl\/de\/produkt\/galaxy-monitorarmelement-mit-gasfeder\/","title":{"rendered":"Galaxy Monitorarmelement mit Gasfeder"},"content":{"rendered":"<p>Das dynamische, gasgefederte Armelement aus der modularen (und nachhaltigen) Filex-Galaxy-Monitorarmserie! Mit diesem Armelement k\u00f6nnen Sie bequem die H\u00f6he des Monitorarms \u00e4ndern. Das Armelement hat eine L\u00e4nge von 32 cm und kann mit einem VESA-Kugelkopf (oder VESA-Kugelkopf f\u00fcr Quertr\u00e4ger) oder einem schr\u00e4gen oder geraden statischen Armelement ausgestattet werden. Damit k\u00f6nnen Sie den Arm verl\u00e4ngern und direkt f\u00fcrs Anschlie\u00dfen eines Bildschirms, Quertr\u00e4gers, Laptophalters, Tablethalters oder Thin Clients verwenden. Das Tragegewicht ist von 2 bis 12 kg einstellbar. <\/p>\n<p>Ein gasgefederter Arm ist zwar nicht ganz so preisg\u00fcnstig, aber das macht die Benutzerfreundlichkeit direkt wieder wett! Wollen Sie doch lieber ein gerades oder schr\u00e4ges statisches Armelement haben? Auch das ist mit dem Filex Galaxy m\u00f6glich!<\/p>\n<p>Reicht Ihnen das noch nicht ganz? Sie k\u00f6nnen sich die gew\u00fcnschte Konfiguration auch komplett selbst zusammenstellen. M\u00f6chten Sie gerne Hilfe haben? Kontaktieren Sie uns! Wir helfen Ihnen gerne dabei, die richtigen ergonomischen Entscheidungen zu treffen!<\/p>\n","protected":false},"excerpt":{"rendered":"<p>Das dynamische und gasgefederte Armelement des Filex Galaxy! Sie k\u00f6nnen buchst\u00e4blich alles damit machen! Ideal f\u00fcrs bequeme Einstellen der perfekten und ergonomischen Blickposition. Insbesondere, wenn Sie Ihre(n) Monitor(e) h\u00e4ufiger in der H\u00f6he verstellen wollen!<\/p>\n","protected":false},"featured_media":15407,"template":"","meta":{"_acf_changed":false},"product_brand":[],"product_cat":[622,649],"product_tag":[],"class_list":{"0":"post-27791","1":"product","2":"type-product","3":"status-publish","4":"has-post-thumbnail","6":"product_cat-galaxy-komponenten","7":"product_cat-galaxy-serie-de","8":"pa_kleur-schwarz","9":"pa_kleur-silber","10":"pa_kleur-weiss","12":"first","13":"instock","14":"shipping-taxable","15":"purchasable","16":"product-type-variable","17":"has-default-attributes"},"acf":[],"_links":{"self":[{"href":"https:\/\/www.filex.nl\/de\/wp-json\/wp\/v2\/product\/27791","targetHints":{"allow":["GET"]}}],"collection":[{"href":"https:\/\/www.filex.nl\/de\/wp-json\/wp\/v2\/product"}],"about":[{"href":"https:\/\/www.filex.nl\/de\/wp-json\/wp\/v2\/types\/product"}],"wp:featuredmedia":[{"embeddable":true,"href":"https:\/\/www.filex.nl\/de\/wp-json\/wp\/v2\/media\/15407"}],"wp:attachment":[{"href":"https:\/\/www.filex.nl\/de\/wp-json\/wp\/v2\/media?parent=27791"}],"wp:term":[{"taxonomy":"product_brand","embeddable":true,"href":"https:\/\/www.filex.nl\/de\/wp-json\/wp\/v2\/product_brand?post=27791"},{"taxonomy":"product_cat","embeddable":true,"href":"https:\/\/www.filex.nl\/de\/wp-json\/wp\/v2\/product_cat?post=27791"},{"taxonomy":"product_tag","embeddable":true,"href":"https:\/\/www.filex.nl\/de\/wp-json\/wp\/v2\/product_tag?post=27791"}],"curies":[{"name":"wp","href":"https:\/\/api.w.org\/{rel}","templated":true}]}}