{"id":27795,"date":"2022-01-07T18:09:34","date_gmt":"2022-01-07T18:09:34","guid":{"rendered":"https:\/\/www.filex.nl\/product\/galaxy-schuin-armdeel\/"},"modified":"2025-01-24T22:15:11","modified_gmt":"2025-01-24T22:15:11","slug":"galaxy-schraeges-monitorarmelement","status":"publish","type":"product","link":"https:\/\/www.filex.nl\/de\/produkt\/galaxy-schraeges-monitorarmelement\/","title":{"rendered":"Galaxy schr\u00e4ges Monitorarmelement"},"content":{"rendered":"<p>Das statische schr\u00e4ge Armelement aus der modularen (und nachhaltigen) Filex-Galaxy-Monitorarmserie! Mit diesem Armelement k\u00f6nnen Sie bequem Ihren Monitorarm verl\u00e4ngern und auf den richtigen Blickwinkel einstellen. Das Armelement hat eine L\u00e4nge von 30 cm und kann mit einem VESA-Kugelkopf (oder VESA-Kugelkopf f\u00fcr Quertr\u00e4ger), einem dynamischen gasgefederten Armelement oder einem geraden statischen Element ausgestattet werden. Damit k\u00f6nnen Sie den Arm verl\u00e4ngern, bequem in der H\u00f6he verstellen und ihn direkt f\u00fcrs Anschlie\u00dfen eines Bildschirms, Quertr\u00e4gers, Laptop-\/Tablethalters oder Thin Clients verwenden. Die Tragf\u00e4higkeit dieses Armelements betr\u00e4gt bis zu 12 kg. <\/p>\n<p>Wirtschaftlich vertretbar und benutzerfreundlich! Mit diesem Armelement k\u00f6nnen Sie eigentlich wenig falsch machen. Wollen Sie doch lieber ein gerades statisches oder ein dynamisches gasgefedertes Armelement haben? Auch das ist m\u00f6glich!<\/p>\n<p>Reicht Ihnen das noch nicht ganz? Sie k\u00f6nnen sich die gew\u00fcnschte Konfiguration auch komplett selbst zusammenstellen. M\u00f6chten Sie gerne Hilfe haben? Kontaktieren Sie uns! Wir helfen Ihnen gerne dabei, die richtigen ergonomischen Entscheidungen zu treffen!<\/p>\n","protected":false},"excerpt":{"rendered":"<p>Das statische schr\u00e4ge Armelement des Filex Galaxy! Einfache Handhabung und l\u00e4sst sich dank des patentierten Galaxy-Konnektors auf jede gew\u00fcnschte H\u00f6he, Tiefe und Position einstellen. Das statische (unbewegliche) schr\u00e4ge Armelement des Galaxy hat au\u00dfer einer guten Basis auch noch einen wirtschaftlichen Vorteil!<\/p>\n","protected":false},"featured_media":15398,"template":"","meta":{"_acf_changed":false},"product_brand":[],"product_cat":[622,649],"product_tag":[],"class_list":{"0":"post-27795","1":"product","2":"type-product","3":"status-publish","4":"has-post-thumbnail","6":"product_cat-galaxy-komponenten","7":"product_cat-galaxy-serie-de","8":"pa_kleur-schwarz","9":"pa_kleur-silber","10":"pa_kleur-weiss","12":"first","13":"instock","14":"shipping-taxable","15":"purchasable","16":"product-type-variable","17":"has-default-attributes"},"acf":[],"_links":{"self":[{"href":"https:\/\/www.filex.nl\/de\/wp-json\/wp\/v2\/product\/27795","targetHints":{"allow":["GET"]}}],"collection":[{"href":"https:\/\/www.filex.nl\/de\/wp-json\/wp\/v2\/product"}],"about":[{"href":"https:\/\/www.filex.nl\/de\/wp-json\/wp\/v2\/types\/product"}],"wp:featuredmedia":[{"embeddable":true,"href":"https:\/\/www.filex.nl\/de\/wp-json\/wp\/v2\/media\/15398"}],"wp:attachment":[{"href":"https:\/\/www.filex.nl\/de\/wp-json\/wp\/v2\/media?parent=27795"}],"wp:term":[{"taxonomy":"product_brand","embeddable":true,"href":"https:\/\/www.filex.nl\/de\/wp-json\/wp\/v2\/product_brand?post=27795"},{"taxonomy":"product_cat","embeddable":true,"href":"https:\/\/www.filex.nl\/de\/wp-json\/wp\/v2\/product_cat?post=27795"},{"taxonomy":"product_tag","embeddable":true,"href":"https:\/\/www.filex.nl\/de\/wp-json\/wp\/v2\/product_tag?post=27795"}],"curies":[{"name":"wp","href":"https:\/\/api.w.org\/{rel}","templated":true}]}}