{"id":27807,"date":"2022-01-07T18:09:34","date_gmt":"2022-01-07T18:09:34","guid":{"rendered":"https:\/\/www.filex.nl\/product\/galaxy-70-post\/"},"modified":"2025-01-24T22:15:23","modified_gmt":"2025-01-24T22:15:23","slug":"galaxy-saeule-70-cm","status":"publish","type":"product","link":"https:\/\/www.filex.nl\/de\/produkt\/galaxy-saeule-70-cm\/","title":{"rendered":"Galaxy S\u00e4ule 70 cm"},"content":{"rendered":"<p>Die 70 cm hohe S\u00e4ule aus der modularen (und nachhaltigen) Filex-Galaxy-Monitorarmserie! Die S\u00e4ule ist in 3 L\u00e4ngen erh\u00e4ltlich. Sie haben die Wahl zwischen 70 cm, 45 cm und 22 cm.  Momentan haben Sie sich f\u00fcr 70 cm entschieden. <\/p>\n<p>Diese S\u00e4ule muss mit einer Tischblattklemme (Plattenst\u00e4rke bis 5 cm) oder einer Durchtischbefestigung mit Kabeldurchf\u00fchrung versehen werden. Die Ober- und Unterseite der S\u00e4ule ist mit einem Gewinde versehen, sodass Sie mit dem mitgelieferten m6-Gewinde die S\u00e4ule auch noch um ein zus\u00e4tzliches S\u00e4ulenelement verl\u00e4ngern k\u00f6nnen. Sie k\u00f6nnen zum Beispiel zwei S\u00e4ulen \u00e1 45 cm zu einer 90 cm hohen S\u00e4ule zusammensetzen.<\/p>\n<p>Die Galaxy-S\u00e4ulen sind \u00fcber die gesamte L\u00e4nge auf allen vier Seiten mit einer Montageschiene\/-nut versehen, woran der stufenlos h\u00f6henverstellbare, patentierte Galaxy-Konnektor f\u00fcr die Installation von Monitor, Thin Client, Laptop, Tablet, usw. angebracht werden kann.<\/p>\n<p>Reicht Ihnen das noch nicht ganz? Sie k\u00f6nnen sich die gew\u00fcnschte Konfiguration auch komplett selbst zusammenstellen. M\u00f6chten Sie gerne Hilfe haben? Kontaktieren Sie uns! Wir helfen Ihnen gerne dabei, die richtigen ergonomischen Entscheidungen zu treffen!<\/p>\n","protected":false},"excerpt":{"rendered":"<p>Die 70 cm gro\u00dfe Filex-Galaxy-S\u00e4ule! L\u00e4sst sich leicht an Galaxy-Tischblattklemme, Durchtischbefestigung oder Topdown-Klemme\/-Durchf\u00fchrung befestigen! An dieser S\u00e4ule haben Sie jede Menge Platz, um die Armelemente (mithilfe des Galaxy-Konnektors) oder Systemschienen zu montieren. Dank der L\u00e4nge dieser S\u00e4ule k\u00f6nnen Sie ohne Weiteres die Konnektoren in der H\u00f6he verstellen, noch einen Galaxy-CPU-Halter f\u00fcr Thin Clients an die S\u00e4ule schieben oder eine Elektrifizierungseinheit (Filex Desk Up\u00ae 1.0) mit der Kabelspange daran montieren! Gleichzeitig k\u00f6nnen Sie diese S\u00e4ule zweifach nutzen und eine Galaxy-Systemschiene dazwischensetzen!<\/p>\n","protected":false},"featured_media":19290,"template":"","meta":{"_acf_changed":false},"product_brand":[],"product_cat":[622,649],"product_tag":[],"class_list":{"0":"post-27807","1":"product","2":"type-product","3":"status-publish","4":"has-post-thumbnail","6":"product_cat-galaxy-komponenten","7":"product_cat-galaxy-serie-de","8":"pa_kleur-schwarz","9":"pa_kleur-silber","10":"pa_kleur-weiss","12":"first","13":"instock","14":"shipping-taxable","15":"purchasable","16":"product-type-variable","17":"has-default-attributes"},"acf":[],"_links":{"self":[{"href":"https:\/\/www.filex.nl\/de\/wp-json\/wp\/v2\/product\/27807","targetHints":{"allow":["GET"]}}],"collection":[{"href":"https:\/\/www.filex.nl\/de\/wp-json\/wp\/v2\/product"}],"about":[{"href":"https:\/\/www.filex.nl\/de\/wp-json\/wp\/v2\/types\/product"}],"wp:featuredmedia":[{"embeddable":true,"href":"https:\/\/www.filex.nl\/de\/wp-json\/wp\/v2\/media\/19290"}],"wp:attachment":[{"href":"https:\/\/www.filex.nl\/de\/wp-json\/wp\/v2\/media?parent=27807"}],"wp:term":[{"taxonomy":"product_brand","embeddable":true,"href":"https:\/\/www.filex.nl\/de\/wp-json\/wp\/v2\/product_brand?post=27807"},{"taxonomy":"product_cat","embeddable":true,"href":"https:\/\/www.filex.nl\/de\/wp-json\/wp\/v2\/product_cat?post=27807"},{"taxonomy":"product_tag","embeddable":true,"href":"https:\/\/www.filex.nl\/de\/wp-json\/wp\/v2\/product_tag?post=27807"}],"curies":[{"name":"wp","href":"https:\/\/api.w.org\/{rel}","templated":true}]}}