{"id":27839,"date":"2022-01-07T18:09:27","date_gmt":"2022-01-07T18:09:27","guid":{"rendered":"https:\/\/www.filex.nl\/product\/galaxy-dubbel-kort-monitorarm-recht-en-gasveer\/"},"modified":"2025-01-24T22:15:57","modified_gmt":"2025-01-24T22:15:57","slug":"doppelter-monitorarm-kurz-modell-galaxy-gerade-mit-gasfeder","status":"publish","type":"product","link":"https:\/\/www.filex.nl\/de\/produkt\/doppelter-monitorarm-kurz-modell-galaxy-gerade-mit-gasfeder\/","title":{"rendered":"Doppelter Monitorarm kurz Modell Galaxy, gerade mit Gasfeder"},"content":{"rendered":"<p>Diese Konfiguration eignet sich f\u00fcr 2 Monitore. Diese Filex-Galaxy-Konfiguration enth\u00e4lt 2 statische Armelemente (24 cm x 2) und 2 dynamische Elemente (32 cm x 2). Dank der 3 Gelenke auf jeder Seite zusammen mit der Gasfeder l\u00e4sst sich dieser Filex Galaxy flexibel auf jeden gew\u00fcnschten Blickwinkel einstellen.<\/p>\n<p>Auch diese Zusammenstellung enth\u00e4lt einen universellen VESA-Schnellverschluss (VESA 75 x 75 und 100 x 100). Die Bildschirme k\u00f6nnen sowohl im Hoch- als auch im Querformat verwendet werden. Ihren Bildschirm, Laptop- oder Tablethalter k\u00f6nnen Sie direkt an diesen VESA-Kugelkopf anschlie\u00dfen.<\/p>\n<p>Wollen Sie in der Zukunft Ihren Arbeitsplatz nachr\u00fcsten oder andere Ger\u00e4te kaufen? Dann k\u00f6nnen Sie den Filex Galaxy jederzeit an Ihre aktuellen Bed\u00fcrfnisse anpassen. Au\u00dferdem k\u00f6nnen Sie zum Beispiel ein Stromaggregat mit USB-Ladestelle oder Netzwerkanschluss an dieser S\u00e4ule installieren. <\/p>\n<p>Filex Galaxy ist ein komplett modulares Monitorarmsystem, mit dem sich jede gew\u00fcnschte Konfiguration umsetzen l\u00e4sst. Mit diesem Monitorarm erf\u00fcllen wir all Ihre W\u00fcnsche! <\/p>\n<p>Das maximale Tragegewicht betr\u00e4gt 12 kg. <\/p>\n<p>Der St\u00e4nder ist 22 cm hoch, und mithilfe des patentierten Konnektors l\u00e4sst sich die H\u00f6he ganz einfach manuell und ohne Werkzeug einstellen. <\/p>\n<p>Der Filex Galaxy wird aus nachhaltigen Materialien hergestellt und kann zu 100% wiederverwertet werden. Nehmen Sie dazu noch die 5 Jahre Garantie, und Sie wollen nie wieder einen anderen Monitorarm als den Filex Galaxy! <\/p>\n<p>Lieferbar in den Farben Schwarz, Silber und Wei\u00df.<\/p>\n","protected":false},"excerpt":{"rendered":"<p>Eine Konfiguration des Filex-Galaxy-Monitorarms f\u00fcr 2 Bildschirme! Eine Kombination aus einer statischen und dynamischen Konfiguration der modularen (und nachhaltigen) Galaxy-Monitorarmserie! Dank des statischen und des dynamischen Armelements, die am patentierten Galaxy-Konnektor befestigt sind, l\u00e4sst sich dieser Arm mit Leichtigkeit per Hand auf jede gew\u00fcnschte H\u00f6he und Tiefe einstellen. Dank der Kugelgelenke in den VESA-Kugelk\u00f6pfen l\u00e4sst sich bei diesem Arm gleichzeitig direkt der richtige ergonomische Blickwinkel einstellen!<\/p>\n","protected":false},"featured_media":52734,"template":"","meta":{"_acf_changed":false},"product_brand":[],"product_cat":[604,610,647,649],"product_tag":[],"class_list":{"0":"post-27839","1":"product","2":"type-product","3":"status-publish","4":"has-post-thumbnail","6":"product_cat-monitorarme","7":"product_cat-2-schermen-de","8":"product_cat-galaxy-monitorarme","9":"product_cat-galaxy-serie-de","10":"pa_kleur-schwarz","11":"pa_kleur-silber","12":"pa_kleur-weiss","14":"first","15":"instock","16":"shipping-taxable","17":"purchasable","18":"product-type-variable","19":"has-default-attributes"},"acf":[],"_links":{"self":[{"href":"https:\/\/www.filex.nl\/de\/wp-json\/wp\/v2\/product\/27839","targetHints":{"allow":["GET"]}}],"collection":[{"href":"https:\/\/www.filex.nl\/de\/wp-json\/wp\/v2\/product"}],"about":[{"href":"https:\/\/www.filex.nl\/de\/wp-json\/wp\/v2\/types\/product"}],"wp:featuredmedia":[{"embeddable":true,"href":"https:\/\/www.filex.nl\/de\/wp-json\/wp\/v2\/media\/52734"}],"wp:attachment":[{"href":"https:\/\/www.filex.nl\/de\/wp-json\/wp\/v2\/media?parent=27839"}],"wp:term":[{"taxonomy":"product_brand","embeddable":true,"href":"https:\/\/www.filex.nl\/de\/wp-json\/wp\/v2\/product_brand?post=27839"},{"taxonomy":"product_cat","embeddable":true,"href":"https:\/\/www.filex.nl\/de\/wp-json\/wp\/v2\/product_cat?post=27839"},{"taxonomy":"product_tag","embeddable":true,"href":"https:\/\/www.filex.nl\/de\/wp-json\/wp\/v2\/product_tag?post=27839"}],"curies":[{"name":"wp","href":"https:\/\/api.w.org\/{rel}","templated":true}]}}