{"id":27855,"date":"2022-01-07T18:09:26","date_gmt":"2022-01-07T18:09:26","guid":{"rendered":"https:\/\/www.filex.nl\/product\/galaxy-connector\/"},"modified":"2025-01-24T22:16:34","modified_gmt":"2025-01-24T22:16:34","slug":"galaxy-konnektor","status":"publish","type":"product","link":"https:\/\/www.filex.nl\/de\/produkt\/galaxy-konnektor\/","title":{"rendered":"Galaxy Konnektor"},"content":{"rendered":"<p>Mithilfe des Galaxy-Konnektors k\u00f6nnen Sie problemlos alle Armelemente oder VESA-Kugelk\u00f6pfe an Ihrer Galaxy-S\u00e4ule montieren, indem Sie diesen Konnektor einfach in eine der vier m\u00f6glichen Positionen an der S\u00e4ule schieben. <\/p>\n<p>Dieser Galaxy-Konnektor wurde f\u00fcr seine einzigartige Funktionsweise und Gestaltung durch unsere eigenen Filex-Designer patentiert. <\/p>\n<p>Der Konnektor l\u00e4sst sich durch Dr\u00fccken des Filex-Knopfs an der Oberseite manuell verstellen. Dadurch k\u00f6nnen Sie die H\u00f6he des anzuschlie\u00dfenden Arms oder VESA-Kugelkopfs stufenlos einstellen. <\/p>\n<p>Der Konnektor ist mit einem 3-fachen 180-Grad-Rotationsstopp versehen, der sich alle 90 Grad arretieren l\u00e4sst, und kann mit einem VESA-Kugelkopf f\u00fcr Quertr\u00e4ger, einem statischen Arm (gerade oder schr\u00e4g) und\/oder einem dynamischen, gasgefederten Arm ausgestattet werden. <\/p>\n<p>Sie k\u00f6nnen mit diesem Konnektor also buchst\u00e4blich alles machen!<\/p>\n","protected":false},"excerpt":{"rendered":"<p>Der Filex-Galaxy-Konnektor! Die Erg\u00e4nzung zu Ihrem Galaxy-Monitorarm f\u00fcrs einfachste Verstellen Ihres Monitorarms! Der patentierte Konnektor sorgt daf\u00fcr, dass Sie genug Einstellm\u00f6glichkeiten f\u00fcr Ihren Monitorarm behalten. Sie brauchen daf\u00fcr nur den Filex-Knopf auf der Oberseite zu dr\u00fccken.<\/p>\n","protected":false},"featured_media":15380,"template":"","meta":{"_acf_changed":false},"product_brand":[],"product_cat":[622,532,649],"product_tag":[],"class_list":{"0":"post-27855","1":"product","2":"type-product","3":"status-publish","4":"has-post-thumbnail","6":"product_cat-galaxy-komponenten","7":"product_cat-bestatigungen-optionen","8":"product_cat-galaxy-serie-de","9":"pa_kleur-schwarz","10":"pa_kleur-silber","11":"pa_kleur-weiss","13":"first","14":"instock","15":"shipping-taxable","16":"purchasable","17":"product-type-variable","18":"has-default-attributes"},"acf":[],"_links":{"self":[{"href":"https:\/\/www.filex.nl\/de\/wp-json\/wp\/v2\/product\/27855","targetHints":{"allow":["GET"]}}],"collection":[{"href":"https:\/\/www.filex.nl\/de\/wp-json\/wp\/v2\/product"}],"about":[{"href":"https:\/\/www.filex.nl\/de\/wp-json\/wp\/v2\/types\/product"}],"wp:featuredmedia":[{"embeddable":true,"href":"https:\/\/www.filex.nl\/de\/wp-json\/wp\/v2\/media\/15380"}],"wp:attachment":[{"href":"https:\/\/www.filex.nl\/de\/wp-json\/wp\/v2\/media?parent=27855"}],"wp:term":[{"taxonomy":"product_brand","embeddable":true,"href":"https:\/\/www.filex.nl\/de\/wp-json\/wp\/v2\/product_brand?post=27855"},{"taxonomy":"product_cat","embeddable":true,"href":"https:\/\/www.filex.nl\/de\/wp-json\/wp\/v2\/product_cat?post=27855"},{"taxonomy":"product_tag","embeddable":true,"href":"https:\/\/www.filex.nl\/de\/wp-json\/wp\/v2\/product_tag?post=27855"}],"curies":[{"name":"wp","href":"https:\/\/api.w.org\/{rel}","templated":true}]}}