{"id":27867,"date":"2022-01-07T18:09:26","date_gmt":"2022-01-07T18:09:26","guid":{"rendered":"https:\/\/www.filex.nl\/product\/galaxy-vesa-kop\/"},"modified":"2025-01-24T22:16:44","modified_gmt":"2025-01-24T22:16:44","slug":"galaxy-vesa-kugelkopf","status":"publish","type":"product","link":"https:\/\/www.filex.nl\/de\/produkt\/galaxy-vesa-kugelkopf\/","title":{"rendered":"Galaxy VESA-Kugelkopf"},"content":{"rendered":"<p>Der VESA-Kugelkopf f\u00fcr Filex Galaxy, an dem Sie direkt Ihre Monitore befestigen k\u00f6nnen! Der letzte Schliff f\u00fcr Ihren Monitorarm! Sie haben sich eine sch\u00f6ne Galaxy-Konfiguration ausgedacht und entworfen und runden sie mit dieser Erg\u00e4nzung jetzt richtig ab.<\/p>\n<p>Der VESA-Kugelkopf  (75\u00d775 und 100\u00d7100) wurde extra f\u00fcr Ihren gew\u00e4hlten Monitorarm entworfen (ohne dass ein Quertr\u00e4ger notwendig wird). Mit diesem VESA-Kugelkopf k\u00f6nnen Sie getrost Ihre Bildschirme aufh\u00e4ngen und haben immer noch die M\u00f6glichkeit, den Kopf f\u00fcr Hoch-  oder Querformat einzustellen.<\/p>\n<p>Der VESA-Kugelkopf kann direkt am patentierten Konnektor, an den statischen Armelementen (gerade und schr\u00e4g) und an den dynamischen, gasgefederten Armelementen montiert werden. Der Kugelkopf kann direkt f\u00fcr die Montage Ihrer Monitore, Laptop- und\/oder Tablethalterungen verwendet werden. Wenn Sie diesen VESA-Kugelkopf w\u00e4hlen, entscheiden Sie sich f\u00fcr Flexibilit\u00e4t und Stabilit\u00e4t!<\/p>\n<p>Wollen Sie gerne einen Quertr\u00e4ger einsetzen? Dann empfehlen wir Ihnen, sich einen VESA-Kugelkopf f\u00fcr Quertr\u00e4ger zuzulegen. Artikelnummer: 809500, 809501 und 809502.<\/p>\n","protected":false},"excerpt":{"rendered":"<p>Der VESA-Kugelkopf f\u00fcr Filex Galaxy, an dem Sie direkt Ihre Monitore befestigen k\u00f6nnen! Das Bauteil, das Sie als letztes an den Armelementen (oder dem Konnektor) des modularen Filex-Galaxy-Monitorarms anbringen, bevor Sie Ihre Monitore daran aufh\u00e4ngen! Mithilfe des Kugelgelenks im Kugekopf k\u00f6nnen Sie beim Monitor jeden gew\u00fcnschten Blickwinkel einstellen!<\/p>\n","protected":false},"featured_media":15371,"template":"","meta":{"_acf_changed":false},"product_brand":[],"product_cat":[622,532,649],"product_tag":[],"class_list":{"0":"post-27867","1":"product","2":"type-product","3":"status-publish","4":"has-post-thumbnail","6":"product_cat-galaxy-komponenten","7":"product_cat-bestatigungen-optionen","8":"product_cat-galaxy-serie-de","9":"pa_kleur-schwarz","10":"pa_kleur-silber","11":"pa_kleur-weiss","13":"first","14":"instock","15":"shipping-taxable","16":"purchasable","17":"product-type-variable","18":"has-default-attributes"},"acf":[],"_links":{"self":[{"href":"https:\/\/www.filex.nl\/de\/wp-json\/wp\/v2\/product\/27867","targetHints":{"allow":["GET"]}}],"collection":[{"href":"https:\/\/www.filex.nl\/de\/wp-json\/wp\/v2\/product"}],"about":[{"href":"https:\/\/www.filex.nl\/de\/wp-json\/wp\/v2\/types\/product"}],"wp:featuredmedia":[{"embeddable":true,"href":"https:\/\/www.filex.nl\/de\/wp-json\/wp\/v2\/media\/15371"}],"wp:attachment":[{"href":"https:\/\/www.filex.nl\/de\/wp-json\/wp\/v2\/media?parent=27867"}],"wp:term":[{"taxonomy":"product_brand","embeddable":true,"href":"https:\/\/www.filex.nl\/de\/wp-json\/wp\/v2\/product_brand?post=27867"},{"taxonomy":"product_cat","embeddable":true,"href":"https:\/\/www.filex.nl\/de\/wp-json\/wp\/v2\/product_cat?post=27867"},{"taxonomy":"product_tag","embeddable":true,"href":"https:\/\/www.filex.nl\/de\/wp-json\/wp\/v2\/product_tag?post=27867"}],"curies":[{"name":"wp","href":"https:\/\/api.w.org\/{rel}","templated":true}]}}