{"id":27883,"date":"2022-01-07T18:09:26","date_gmt":"2022-01-07T18:09:26","guid":{"rendered":"https:\/\/www.filex.nl\/product\/galaxy-bladdoorvoer\/"},"modified":"2025-01-24T22:16:59","modified_gmt":"2025-01-24T22:16:59","slug":"galaxy-durchtischbefestigung","status":"publish","type":"product","link":"https:\/\/www.filex.nl\/de\/produkt\/galaxy-durchtischbefestigung\/","title":{"rendered":"Galaxy Durchtischbefestigung"},"content":{"rendered":"<p>Die Filex-Galaxy-Durchtischbefestigung! <\/p>\n<p>Mit der Tischblattdurchf\u00fchrung aus der Filex-Galaxy-Monitorarmserie k\u00f6nnen Sie an jedem gew\u00fcnschten Ort auf ordentliche und stabile Art die Galaxy-S\u00e4ule an Ihrer Tischplatte montieren und haben so einen klaren Blick auf Ihren Arbeitsplatz. <\/p>\n<p>Die Filex-Galaxy-Tischblattdurchf\u00fchrung kann f\u00fcr bis zu 60 mm dicke Tischplatten verwendet werden.<\/p>\n<p>Die Abdeckpaltte f\u00fcr die Blattdurchf\u00fchrung in der Tischplatte wurde auch so gestaltet, dass die Kabel ordentlich aus dem Weg ger\u00e4umt werden k\u00f6nnen. Es gibt darin zus\u00e4tzlichen Platz, sodass Sie die Kabel dank des Extradurchschnitts von insgesamt 90 mm ordentlich verstecken k\u00f6nnen. <\/p>\n<p>Wollen Sie lieber eine Tischblattklemme haben? Eine Klemme, die zu Ihrem Schreibtisch mit Kabelrinne passt? Oder eine spezielle Tischblattklemme f\u00fcr eine Tischplatte mit abgeschr\u00e4gter Kante? Auch die finden Sie in unserem Sortiment. Erkundigen Sie sich bei uns nach den M\u00f6glichkeiten!<\/p>\n","protected":false},"excerpt":{"rendered":"<p>Die Filex-Galaxy-Tischblattdurchf\u00fchrung! Wollen Sie f\u00fcr eine geradlinige Anmutung eine Durchtischbefestigung f\u00fcr Ihren Galaxy-Monitorarm? Und dadurch gleichzeitig die Kabel verstecken? Mit dieser Durchtischbefestigung ist das alles kein Problem!<\/p>\n","protected":false},"featured_media":15362,"template":"","meta":{"_acf_changed":false},"product_brand":[],"product_cat":[622,532,649],"product_tag":[],"class_list":{"0":"post-27883","1":"product","2":"type-product","3":"status-publish","4":"has-post-thumbnail","6":"product_cat-galaxy-komponenten","7":"product_cat-bestatigungen-optionen","8":"product_cat-galaxy-serie-de","9":"pa_kleur-schwarz","10":"pa_kleur-silber","11":"pa_kleur-weiss","13":"first","14":"instock","15":"shipping-taxable","16":"purchasable","17":"product-type-variable","18":"has-default-attributes"},"acf":[],"_links":{"self":[{"href":"https:\/\/www.filex.nl\/de\/wp-json\/wp\/v2\/product\/27883","targetHints":{"allow":["GET"]}}],"collection":[{"href":"https:\/\/www.filex.nl\/de\/wp-json\/wp\/v2\/product"}],"about":[{"href":"https:\/\/www.filex.nl\/de\/wp-json\/wp\/v2\/types\/product"}],"wp:featuredmedia":[{"embeddable":true,"href":"https:\/\/www.filex.nl\/de\/wp-json\/wp\/v2\/media\/15362"}],"wp:attachment":[{"href":"https:\/\/www.filex.nl\/de\/wp-json\/wp\/v2\/media?parent=27883"}],"wp:term":[{"taxonomy":"product_brand","embeddable":true,"href":"https:\/\/www.filex.nl\/de\/wp-json\/wp\/v2\/product_brand?post=27883"},{"taxonomy":"product_cat","embeddable":true,"href":"https:\/\/www.filex.nl\/de\/wp-json\/wp\/v2\/product_cat?post=27883"},{"taxonomy":"product_tag","embeddable":true,"href":"https:\/\/www.filex.nl\/de\/wp-json\/wp\/v2\/product_tag?post=27883"}],"curies":[{"name":"wp","href":"https:\/\/api.w.org\/{rel}","templated":true}]}}