{"id":27899,"date":"2022-01-07T18:09:25","date_gmt":"2022-01-07T18:09:25","guid":{"rendered":"https:\/\/www.filex.nl\/product\/galaxy-schuifbladklem\/"},"modified":"2025-01-24T22:17:11","modified_gmt":"2025-01-24T22:17:11","slug":"galaxy-tischplattenklemme-fuer-ausziehtische","status":"publish","type":"product","link":"https:\/\/www.filex.nl\/de\/produkt\/galaxy-tischplattenklemme-fuer-ausziehtische\/","title":{"rendered":"Galaxy Tischplattenklemme f\u00fcr Ausziehtische"},"content":{"rendered":"<p>Die Filex-Galaxy-Tischblattklemme speziell f\u00fcr Tischplatten mit abgeschr\u00e4gter Kante, Tische mit wenig Platz hinter der Platte oder Tischplatten mit integrierter Kabeldurchf\u00fchrung! <\/p>\n<p>Mit der Tischblattklemme aus der Filex-Galaxy-Monitorarmserie k\u00f6nnen Sie an jedem gew\u00fcnschten Ort auf ordentliche und stabile Art die Galaxy-S\u00e4ule an Ihrer Tischplatte montieren und haben so einen klaren Blick auf Ihren Arbeitsplatz. <\/p>\n<p>Diese Filex-Galaxy-Tischblattklemme ist f\u00fcr bis zu 28 mm dicke Schreibtischplatten geeignet und l\u00e4sst sich problemlos mithilfe von 2 Inbusschrauben an der Unterseite der Platte befestigen. <\/p>\n<p>Egal, wie hoch die S\u00e4ule ist, die Sie an dieser Tischblattklemme montieren wollen, bei allen Varianten haben wir darauf geachtet, dass sich mithilfe der Kabelf\u00fchrung an der S\u00e4ule alle sichtbaren Kabel verstecken lassen. Ein sicherer und aufger\u00e4umter Arbeitsplatz ist schlie\u00dflich nicht ganz unwichtig!<\/p>\n","protected":false},"excerpt":{"rendered":"<p>Die Filex-Galaxy-Tischblattklemme f\u00fcr Ausziehtische! Ob Sie jetzt eine Platte mit abgeschr\u00e4gter Kante, einen integrierten Kabelkanal unter der R\u00fcckseite Ihrer Schreibtischplatte oder einfach nicht so viel Platz hinter dem Schreibtisch haben, diese Klemme ist die L\u00f6sung!<\/p>\n","protected":false},"featured_media":56675,"template":"","meta":{"_acf_changed":false},"product_brand":[],"product_cat":[622,532,649],"product_tag":[],"class_list":{"0":"post-27899","1":"product","2":"type-product","3":"status-publish","4":"has-post-thumbnail","6":"product_cat-galaxy-komponenten","7":"product_cat-bestatigungen-optionen","8":"product_cat-galaxy-serie-de","9":"pa_kleur-schwarz","10":"pa_kleur-silber","11":"pa_kleur-weiss","13":"first","14":"instock","15":"shipping-taxable","16":"purchasable","17":"product-type-variable","18":"has-default-attributes"},"acf":[],"_links":{"self":[{"href":"https:\/\/www.filex.nl\/de\/wp-json\/wp\/v2\/product\/27899","targetHints":{"allow":["GET"]}}],"collection":[{"href":"https:\/\/www.filex.nl\/de\/wp-json\/wp\/v2\/product"}],"about":[{"href":"https:\/\/www.filex.nl\/de\/wp-json\/wp\/v2\/types\/product"}],"wp:featuredmedia":[{"embeddable":true,"href":"https:\/\/www.filex.nl\/de\/wp-json\/wp\/v2\/media\/56675"}],"wp:attachment":[{"href":"https:\/\/www.filex.nl\/de\/wp-json\/wp\/v2\/media?parent=27899"}],"wp:term":[{"taxonomy":"product_brand","embeddable":true,"href":"https:\/\/www.filex.nl\/de\/wp-json\/wp\/v2\/product_brand?post=27899"},{"taxonomy":"product_cat","embeddable":true,"href":"https:\/\/www.filex.nl\/de\/wp-json\/wp\/v2\/product_cat?post=27899"},{"taxonomy":"product_tag","embeddable":true,"href":"https:\/\/www.filex.nl\/de\/wp-json\/wp\/v2\/product_tag?post=27899"}],"curies":[{"name":"wp","href":"https:\/\/api.w.org\/{rel}","templated":true}]}}