{"id":27911,"date":"2022-01-07T18:09:23","date_gmt":"2022-01-07T18:09:23","guid":{"rendered":"https:\/\/www.filex.nl\/product\/galaxy-bladklem-bladdoorvoer\/"},"modified":"2025-01-24T22:17:22","modified_gmt":"2025-01-24T22:17:22","slug":"galaxy-tischblattklemme-durchtischbefestigung","status":"publish","type":"product","link":"https:\/\/www.filex.nl\/de\/produkt\/galaxy-tischblattklemme-durchtischbefestigung\/","title":{"rendered":"Galaxy Tischblattklemme\/Durchtischbefestigung"},"content":{"rendered":"<p>Die Filex-Galaxy-Tischblattklemme inklusive Durchtischbefestigung! <\/p>\n<p>Sie fragen sich vielleicht, was Sie mit dieser Tischblattklemme inkl. Tischplattendurchf\u00fchrung zus\u00e4tzlich oder anders machen k\u00f6nnen als mit der originalen Tischblattklemme oder Tischplattendurchf\u00fchrung. Bei dieser Variante stehen Ihnen beide Optionen zur Verf\u00fcgung, sowohl die Tischblattklemme als auch die Tischblattdurchf\u00fchrung!<\/p>\n<p>Bei dieser Tischblattklemme\/Tischblattdurchf\u00fchrung k\u00f6nnen Sie direkt an der Klemme\/Durchf\u00fchrung ein schr\u00e4ges, statisches Armelement aus der Galaxy-Serie montieren. Wenn Sie das Armelement direkt an der Klemme\/Durchf\u00fchrung installieren, sind zum Beispiel Konfigurationen m\u00f6glich, bei denen der Monitor ein St\u00fcck weiter hinten platziert werden soll. Dadurch ist hinter Ihrem Bildschirm keine S\u00e4ule im Weg. Gleichzeitig sieht es nat\u00fcrlich modern und aufger\u00e4umt auf, genauso wie unsere anderen Konfigurationen!<br \/>\nNat\u00fcrlich werden die Kabel \u00fcber die Kabelf\u00fchrung ordentlich versteckt. <\/p>\n<p>Wollen Sie doch lieber eine Standardtischblattklemme oder Tischblattdurchf\u00fchrung, um daran eine S\u00e4ule zu installieren? Eine Klemme, die zu Ihrem Schreibtisch mit Kabelrinne passt? Oder eine spezielle Tischblattklemme f\u00fcr eine Tischplatte mit abgeschr\u00e4gter Kante? Auch die finden Sie in unserem Sortiment. Erkundigen Sie sich bei uns nach den M\u00f6glichkeiten!<\/p>\n","protected":false},"excerpt":{"rendered":"<p>Die Filex-Galaxy-Tischblattklemme inklusive Durchtischbefestigung! Sie wollen Ihren Galaxy-Monitorarm auf eine stabile und ordentliche Art an Ihrer Tischplatte festklemmen, oder bevorzugen Sie eine Durchtischbefestigung, wobei alle Kabel versteckt werden? Dann liegen Sie mit dieser Tischblattklemme absolut richtig! Wenn Sie diese Klemme\/Durchtischbefestigung verwenden, k\u00f6nnen Sie direkt ein statisches, schr\u00e4ges Galaxy-Armelement anbringen!<\/p>\n","protected":false},"featured_media":54670,"template":"","meta":{"_acf_changed":false},"product_brand":[],"product_cat":[622,532,649],"product_tag":[],"class_list":{"0":"post-27911","1":"product","2":"type-product","3":"status-publish","4":"has-post-thumbnail","6":"product_cat-galaxy-komponenten","7":"product_cat-bestatigungen-optionen","8":"product_cat-galaxy-serie-de","9":"pa_kleur-schwarz","10":"pa_kleur-silber","11":"pa_kleur-weiss","13":"first","14":"instock","15":"shipping-taxable","16":"purchasable","17":"product-type-variable","18":"has-default-attributes"},"acf":[],"_links":{"self":[{"href":"https:\/\/www.filex.nl\/de\/wp-json\/wp\/v2\/product\/27911","targetHints":{"allow":["GET"]}}],"collection":[{"href":"https:\/\/www.filex.nl\/de\/wp-json\/wp\/v2\/product"}],"about":[{"href":"https:\/\/www.filex.nl\/de\/wp-json\/wp\/v2\/types\/product"}],"wp:featuredmedia":[{"embeddable":true,"href":"https:\/\/www.filex.nl\/de\/wp-json\/wp\/v2\/media\/54670"}],"wp:attachment":[{"href":"https:\/\/www.filex.nl\/de\/wp-json\/wp\/v2\/media?parent=27911"}],"wp:term":[{"taxonomy":"product_brand","embeddable":true,"href":"https:\/\/www.filex.nl\/de\/wp-json\/wp\/v2\/product_brand?post=27911"},{"taxonomy":"product_cat","embeddable":true,"href":"https:\/\/www.filex.nl\/de\/wp-json\/wp\/v2\/product_cat?post=27911"},{"taxonomy":"product_tag","embeddable":true,"href":"https:\/\/www.filex.nl\/de\/wp-json\/wp\/v2\/product_tag?post=27911"}],"curies":[{"name":"wp","href":"https:\/\/api.w.org\/{rel}","templated":true}]}}