{"id":27915,"date":"2022-01-07T18:09:18","date_gmt":"2022-01-07T18:09:18","guid":{"rendered":"https:\/\/www.filex.nl\/product\/galaxy-bladklem\/"},"modified":"2025-01-24T22:17:33","modified_gmt":"2025-01-24T22:17:33","slug":"galaxy-tischblattklemme","status":"publish","type":"product","link":"https:\/\/www.filex.nl\/de\/produkt\/galaxy-tischblattklemme\/","title":{"rendered":"Galaxy Tischblattklemme"},"content":{"rendered":"<p>Die Filex-Galaxy-Tischblattklemme! <\/p>\n<p>Mit der Tischblattklemme aus der Filex-Galaxy-Monitorarmserie k\u00f6nnen Sie an jedem gew\u00fcnschten Ort auf ordentliche und stabile Art die Galaxy-S\u00e4ule an Ihrer Tischplatte montieren und haben so einen klaren Blick auf Ihren Arbeitsplatz.  <\/p>\n<p>Die Filex-Galaxy-Tischblattklemme kann f\u00fcr bis zu 50 mm dicke Tischplatten verwendet werden. <\/p>\n<p>Was auch immer Sie an der Tischblattklemme montieren wollen, bei allen Optionen haben wir darauf geachtet, dass sich alle sichtbaren Kabel verstecken lassen. <\/p>\n<p>Bevorzugen Sie eine Tischplattendurchf\u00fchrung? Eine Klemme, die zu Ihrem Schreibtisch mit Kabelrinne passt? Oder eine spezielle Tischblattklemme f\u00fcr eine Tischplatte mit abgeschr\u00e4gter Kante? Auch die finden Sie in unserem Sortiment. Erkundigen Sie sich bei uns nach den M\u00f6glichkeiten!<\/p>\n","protected":false},"excerpt":{"rendered":"<p>Die Filex-Galaxy-Tischblattklemme! Sie wollen Ihren Galaxy-Monitorarm auf eine stabile und ordentliche Art an Ihrer Tischplatte festklemmen, bevor Sie die S\u00e4ule an der Klemme montieren? Ohne daf\u00fcr L\u00f6cher in den Schreibtisch schneiden zu m\u00fcssen? Dann liegen Sie mit dieser Tischblattklemme absolut richtig!<\/p>\n","protected":false},"featured_media":42846,"template":"","meta":{"_acf_changed":false},"product_brand":[],"product_cat":[622,532,649],"product_tag":[],"class_list":{"0":"post-27915","1":"product","2":"type-product","3":"status-publish","4":"has-post-thumbnail","6":"product_cat-galaxy-komponenten","7":"product_cat-bestatigungen-optionen","8":"product_cat-galaxy-serie-de","9":"pa_kleur-schwarz","10":"pa_kleur-silber","11":"pa_kleur-weiss","13":"first","14":"instock","15":"shipping-taxable","16":"purchasable","17":"product-type-variable","18":"has-default-attributes"},"acf":[],"_links":{"self":[{"href":"https:\/\/www.filex.nl\/de\/wp-json\/wp\/v2\/product\/27915","targetHints":{"allow":["GET"]}}],"collection":[{"href":"https:\/\/www.filex.nl\/de\/wp-json\/wp\/v2\/product"}],"about":[{"href":"https:\/\/www.filex.nl\/de\/wp-json\/wp\/v2\/types\/product"}],"wp:featuredmedia":[{"embeddable":true,"href":"https:\/\/www.filex.nl\/de\/wp-json\/wp\/v2\/media\/42846"}],"wp:attachment":[{"href":"https:\/\/www.filex.nl\/de\/wp-json\/wp\/v2\/media?parent=27915"}],"wp:term":[{"taxonomy":"product_brand","embeddable":true,"href":"https:\/\/www.filex.nl\/de\/wp-json\/wp\/v2\/product_brand?post=27915"},{"taxonomy":"product_cat","embeddable":true,"href":"https:\/\/www.filex.nl\/de\/wp-json\/wp\/v2\/product_cat?post=27915"},{"taxonomy":"product_tag","embeddable":true,"href":"https:\/\/www.filex.nl\/de\/wp-json\/wp\/v2\/product_tag?post=27915"}],"curies":[{"name":"wp","href":"https:\/\/api.w.org\/{rel}","templated":true}]}}