{"id":27927,"date":"2022-01-07T18:09:18","date_gmt":"2022-01-07T18:09:18","guid":{"rendered":"https:\/\/www.filex.nl\/product\/galaxy-crossbar\/"},"modified":"2025-01-24T22:17:44","modified_gmt":"2025-01-24T22:17:44","slug":"galaxy-quertraeger","status":"publish","type":"product","link":"https:\/\/www.filex.nl\/de\/produkt\/galaxy-quertraeger\/","title":{"rendered":"Galaxy Quertr\u00e4ger"},"content":{"rendered":"<p>Der Filex-Galaxy-Quertr\u00e4ger! <\/p>\n<p>Mit diesem flexiblen Galaxy-Quertr\u00e4ger k\u00f6nnen Sie auf die wirtschaftlichste Art einen einzelnen Monitorarm f\u00fcr einen Bildschirm in eine optimale, ergonomisch vertretbare L\u00f6sung f\u00fcr zwei Bildschirme verwandeln. <\/p>\n<p>Sie bringen diesen Quertr\u00e4ger einfach an einem Monitorarm f\u00fcr 1 Bildschirm an (daf\u00fcr empfehlen wir einen VESA-Kugelkopf f\u00fcr Quertr\u00e4ger). <\/p>\n<p>Der Quertr\u00e4ger geh\u00f6rt zur Galaxy-Familie, kann aber auch f\u00fcr jeden universellen VESA-Anschluss 75 x 75 oder 100 x 100 verwendet werden. Achten Sie dabei auch auf das Gewicht der Monitore, damit sie nicht absacken. <\/p>\n<p>Die Bildschirme (bis 27 Zoll, wenn Sie diesen Quertr\u00e4ger verwenden) k\u00f6nnen nach der Montage mit den standardm\u00e4\u00dfig mitgelieferten VESA-Schnellverschl\u00fcssen vom Benutzer in jede gew\u00fcnschte Position gebracht werden. <\/p>\n<p>Mithilfe des beiliegenden verstellbaren Griffs am Quertr\u00e4ger k\u00f6nnen Sie ihn problemlos in eine andere Position bringen, ohne Fingerabdr\u00fccke auf den Monitoren zu hinterlassen. <\/p>\n<p>Wollen Sie mehr \u00fcber diesen Galaxy-Quertr\u00e4ger wissen? Sehen Sie sich dann unser Video an!<\/p>\n","protected":false},"excerpt":{"rendered":"<p>Der Filex-Galaxy-Quertr\u00e4ger! Eine komfortable Erweiterungsm\u00f6glichkeit, wenn Sie einen zweiten Monitor einsetzen wollen! Sie brauchen daf\u00fcr nur Ihren Monitorarm mit universellem VESA-Anschluss (75 x 75 und 100 x 100) um diesen Quertr\u00e4ger zu erweitern!<\/p>\n","protected":false},"featured_media":18864,"template":"","meta":{"_acf_changed":false},"product_brand":[],"product_cat":[622,532,539,649],"product_tag":[],"class_list":{"0":"post-27927","1":"product","2":"type-product","3":"status-publish","4":"has-post-thumbnail","6":"product_cat-galaxy-komponenten","7":"product_cat-bestatigungen-optionen","8":"product_cat-quertrager","9":"product_cat-galaxy-serie-de","10":"pa_kleur-schwarz","11":"pa_kleur-silber","12":"pa_kleur-weiss","14":"first","15":"instock","16":"shipping-taxable","17":"purchasable","18":"product-type-variable","19":"has-default-attributes"},"acf":[],"_links":{"self":[{"href":"https:\/\/www.filex.nl\/de\/wp-json\/wp\/v2\/product\/27927","targetHints":{"allow":["GET"]}}],"collection":[{"href":"https:\/\/www.filex.nl\/de\/wp-json\/wp\/v2\/product"}],"about":[{"href":"https:\/\/www.filex.nl\/de\/wp-json\/wp\/v2\/types\/product"}],"wp:featuredmedia":[{"embeddable":true,"href":"https:\/\/www.filex.nl\/de\/wp-json\/wp\/v2\/media\/18864"}],"wp:attachment":[{"href":"https:\/\/www.filex.nl\/de\/wp-json\/wp\/v2\/media?parent=27927"}],"wp:term":[{"taxonomy":"product_brand","embeddable":true,"href":"https:\/\/www.filex.nl\/de\/wp-json\/wp\/v2\/product_brand?post=27927"},{"taxonomy":"product_cat","embeddable":true,"href":"https:\/\/www.filex.nl\/de\/wp-json\/wp\/v2\/product_cat?post=27927"},{"taxonomy":"product_tag","embeddable":true,"href":"https:\/\/www.filex.nl\/de\/wp-json\/wp\/v2\/product_tag?post=27927"}],"curies":[{"name":"wp","href":"https:\/\/api.w.org\/{rel}","templated":true}]}}