{"id":27971,"date":"2022-01-07T18:09:17","date_gmt":"2022-01-07T18:09:17","guid":{"rendered":"https:\/\/www.filex.nl\/product\/galaxy-basic-enkel-kort-monitorarm\/"},"modified":"2025-01-24T22:18:25","modified_gmt":"2025-01-24T22:18:25","slug":"single-monitorarm-kurz-modell-galaxy-basic","status":"publish","type":"product","link":"https:\/\/www.filex.nl\/de\/produkt\/single-monitorarm-kurz-modell-galaxy-basic\/","title":{"rendered":"Single Monitorarm kurz Modell Galaxy Basic"},"content":{"rendered":"<p>Eine feste Zusammenstellung der modularen und zirkul\u00e4ren Filex-Galaxy-Monitorarmfamilie! Mit Anschaffung dieses Monitorarms haben Sie direkt eine stabile Konfiguration f\u00fcr 1 Bildschirm, die Sie bequem (jetzt oder in der Zukunft) mithilfe eines Quertr\u00e4gers auf 2 Bildschirme erweitern k\u00f6nnen. Dank des Gelenks im VESA-Kugelkopf l\u00e4sst sich diese Konfiguration flexibel auf jeden gew\u00fcnschten Blickwinkel einstellen. <\/p>\n<p>Auch diese Konfiguration ist mit einem VESA-Kugelkopf mit Schnellverschlusssystem ausgestattet, sodass sich der Bildschirm bequem am Arm anbringen l\u00e4sst. Der Bildschirm kann sowohl im Hoch- als auch im Querformat verwendet werden. <\/p>\n<p>An diesen VESA-Kugelkopf k\u00f6nnen Sie direkt Ihren Monitor, unseren Galaxy-Laptophalter oder eine universelle Tablethalterung anschlie\u00dfen. Wollen Sie in der Zukunft Ihren Arbeitsplatz nachr\u00fcsten oder andere Ger\u00e4te kaufen? Dann k\u00f6nnen Sie den Filex Galaxy jederzeit an Ihre aktuellen Bed\u00fcrfnisse anpassen. Die Monitorarmserie Filex Galaxy ist vollkommen modular, was bedeutet, dass sich der Monitorarm durch Erg\u00e4nzung oder Ver\u00e4nderung von Elementen vollst\u00e4ndig anpassen l\u00e4sst. Alle Bestandteile sind auch separat erh\u00e4ltlich.<\/p>\n<p>Als zus\u00e4tzliche Option k\u00f6nnen Sie bei dieser Monitorarmserie auch ein Stromaggregat an der S\u00e4ule montieren. Das geht mithilfe unserer Galaxy-Kabelspange und den Aufbauaggregaten aus der Serie Filex Desk Up\u00ae 1.0 (die Sie auch an den Schreibtisch klemmen k\u00f6nnen). Wollen Sie USB-A- oder USB-C-Anschl\u00fcsse, eine HDMI-Verbindung oder doch lieber DATA? Nichts ist zu verr\u00fcckt!<\/p>\n<p>Filex Galaxy ist ein komplett modulares und gleichzeitig zirkul\u00e4res Monitorarmsystem, mit dem sich jede gew\u00fcnschte Konfiguration umsetzen l\u00e4sst. Mit diesem Monitorarm erf\u00fcllen wir all Ihre W\u00fcnsche! Das maximale Tragegewicht betr\u00e4gt 12 kg. Die S\u00e4ule ist 45 cm hoch, und mithilfe des patentierten Konnektors l\u00e4sst sich die H\u00f6he ganz einfach manuell (ohne Werkzeug) einstellen. Sie m\u00fcssen nur den Filex-Knopf dr\u00fccken und k\u00f6nnen den Konnektor dann nach Wunsch verschieben.<\/p>\n<p>Der Filex Galaxy wird aus nachhaltigen Materialien hergestellt und kann zu 100% wiederverwertet werden. Nehmen Sie dazu noch die 5 Jahre Garantie, und Sie wollen nie wieder einen anderen Monitorarm als den Filex Galaxy! Lieferbar in den Farben Schwarz, Silber und Wei\u00df.<\/p>\n","protected":false},"excerpt":{"rendered":"<p>Der Monitorarm Filex Galaxy f\u00fcr 1 Monitor! Einer unserer Favoriten, der zu den Standardkonfigurationen der modularen (und nachhaltigen) Monitorarmserie Galaxy geh\u00f6rt! Dank des VESA-Kugelkopfes, der am patentierten Galaxy-Konnektor befestigt ist, l\u00e4sst sich dieser Arm mit Leichtigkeit per Hand auf jede gew\u00fcnschte H\u00f6he einstellen. Dank der Kugelgelenke im VESA-Kugelkopf l\u00e4sst sich bei diesem Arm gleichzeitig direkt der richtige ergonomische Blickwinkel einstellen! Wollen Sie noch einen zweiten Monitor dazunehmen? Das ist mithilfe eines Quertr\u00e4gers \u00fcberhaupt kein Problem!<\/p>\n","protected":false},"featured_media":15299,"template":"","meta":{"_acf_changed":false},"product_brand":[],"product_cat":[604,647,649],"product_tag":[],"class_list":{"0":"post-27971","1":"product","2":"type-product","3":"status-publish","4":"has-post-thumbnail","6":"product_cat-monitorarme","7":"product_cat-galaxy-monitorarme","8":"product_cat-galaxy-serie-de","9":"pa_kleur-schwarz","10":"pa_kleur-silber","11":"pa_kleur-weiss","13":"first","14":"instock","15":"shipping-taxable","16":"purchasable","17":"product-type-variable","18":"has-default-attributes"},"acf":[],"_links":{"self":[{"href":"https:\/\/www.filex.nl\/de\/wp-json\/wp\/v2\/product\/27971","targetHints":{"allow":["GET"]}}],"collection":[{"href":"https:\/\/www.filex.nl\/de\/wp-json\/wp\/v2\/product"}],"about":[{"href":"https:\/\/www.filex.nl\/de\/wp-json\/wp\/v2\/types\/product"}],"wp:featuredmedia":[{"embeddable":true,"href":"https:\/\/www.filex.nl\/de\/wp-json\/wp\/v2\/media\/15299"}],"wp:attachment":[{"href":"https:\/\/www.filex.nl\/de\/wp-json\/wp\/v2\/media?parent=27971"}],"wp:term":[{"taxonomy":"product_brand","embeddable":true,"href":"https:\/\/www.filex.nl\/de\/wp-json\/wp\/v2\/product_brand?post=27971"},{"taxonomy":"product_cat","embeddable":true,"href":"https:\/\/www.filex.nl\/de\/wp-json\/wp\/v2\/product_cat?post=27971"},{"taxonomy":"product_tag","embeddable":true,"href":"https:\/\/www.filex.nl\/de\/wp-json\/wp\/v2\/product_tag?post=27971"}],"curies":[{"name":"wp","href":"https:\/\/api.w.org\/{rel}","templated":true}]}}