{"id":28054,"date":"2022-01-07T18:09:10","date_gmt":"2022-01-07T18:09:10","guid":{"rendered":"https:\/\/www.filex.nl\/product\/chicago-enkel-monitorarm-2-12-kg\/"},"modified":"2024-10-18T15:41:31","modified_gmt":"2024-10-18T15:41:31","slug":"single-monitorarm-modell-chicago-2-12-kg","status":"publish","type":"product","link":"https:\/\/www.filex.nl\/de\/produkt\/single-monitorarm-modell-chicago-2-12-kg\/","title":{"rendered":"Single Monitorarm Modell Chicago (2-12 kg)"},"content":{"rendered":"<p>Der gasgefederte Monitorarm Filex Chicago ist der ultimative Monitorarm, der modernes Design mit der besten ergonomischen L\u00f6sung f\u00fcr jeden Arbeitsplatz kombiniert!<\/p>\n<p>Da der Filex Chicago mit einem universellen VESA-Schnellverschluss (VESA 75 x 75 und 100 x 100) mit Kugelgelenk und einer hochwertigen Gasfeder im Arm ausgestattet ist, hat dieser Monitorarm ein Trageverm\u00f6gen von 2 bis 12 kg. <\/p>\n<p>Dieser Monitorarm l\u00e4sst sich dank der eingebauten Gasfeder optimal und einfach in H\u00f6he und Tiefe verstellen. <\/p>\n<p>Der Monitorarm Filex Chicago wird standardm\u00e4\u00dfig mit einer Tischblattklemme mit Topdown-M\u00f6glichkeit geliefert, wodurch Sie f\u00fcr die Montage nicht mehr unter den Schreibtisch zu kriechen brauchen und der Arm schnell und einfach von jedem installiert werden kann. <\/p>\n<p>Der Filex Chicago wird nat\u00fcrlich aus recyceltem Aluminium hergestellt, ist zirkul\u00e4r zertifiziert und wird mit sage und schreibe f\u00fcnf Jahren Umtauschgarantie auf alle Teile geliefert. <\/p>\n<p>Dieser Arm kann nicht nur mit Tischblattklemme, sondern auch mithilfe einer Tischplattendurchf\u00fchrung oder auf einer Montageschiene installiert werden. <\/p>\n<p>Wenn Sie sp\u00e4ter doch mit zwei Bildschirmen arbeiten wollen ist das auch kein Problem. Sie k\u00f6nnen diesen Arm mithilfe eines Filex-Quertr\u00e4gers auf 2 Monitore erweitern. <\/p>\n<p>Wollen Sie nicht mehr unter Ihren Schreibtisch kriechen, um Ihr USB-Ger\u00e4t anzuschlie\u00dfen? Wir bieten Ihnen optional eine Tischblattklemme, in die bereits zwei USB-Anschl\u00fcsse integriert wurden. <\/p>\n<p>Dieser Monitorarm ist in den Farben Wei\u00df, Schwarz, Silber und Chrom lieferbar. Nehmen Sie getrost Kontakt zu uns auf und erkundigen Sie sich nach den M\u00f6glichkeiten!<\/p>\n","protected":false},"excerpt":{"rendered":"<p>Der einfache Monitorarm Filex Chicago! Ein dynamischer gasgefederte Monitorarm mit 1 separatem Arm, der trotzdem den gr\u00f6\u00dftm\u00f6glichen Einstellkomfort bietet! Dieser Monitorarm eignet sich f\u00fcr 1 Bildschirm, kann aber auch problemlos mithilfe eines Quertr\u00e4gers und eines VESA-Kugelkopfes f\u00fcr Quertr\u00e4ger erweitert werden! Der Chicago hat ein geradliniges Design, womit Sie einen modernen Arbeitsplatz kreieren!<\/p>\n","protected":false},"featured_media":54599,"template":"","meta":{"_acf_changed":false},"product_brand":[],"product_cat":[604,607,629],"product_tag":[],"class_list":{"0":"post-28054","1":"product","2":"type-product","3":"status-publish","4":"has-post-thumbnail","6":"product_cat-monitorarme","7":"product_cat-1-scherm-de","8":"product_cat-chicago-monitorarme","9":"pa_kleur-chrom","10":"pa_kleur-schwarz","11":"pa_kleur-silber","12":"pa_kleur-weiss","14":"first","15":"instock","16":"shipping-taxable","17":"purchasable","18":"product-type-variable","19":"has-default-attributes"},"acf":[],"_links":{"self":[{"href":"https:\/\/www.filex.nl\/de\/wp-json\/wp\/v2\/product\/28054","targetHints":{"allow":["GET"]}}],"collection":[{"href":"https:\/\/www.filex.nl\/de\/wp-json\/wp\/v2\/product"}],"about":[{"href":"https:\/\/www.filex.nl\/de\/wp-json\/wp\/v2\/types\/product"}],"wp:featuredmedia":[{"embeddable":true,"href":"https:\/\/www.filex.nl\/de\/wp-json\/wp\/v2\/media\/54599"}],"wp:attachment":[{"href":"https:\/\/www.filex.nl\/de\/wp-json\/wp\/v2\/media?parent=28054"}],"wp:term":[{"taxonomy":"product_brand","embeddable":true,"href":"https:\/\/www.filex.nl\/de\/wp-json\/wp\/v2\/product_brand?post=28054"},{"taxonomy":"product_cat","embeddable":true,"href":"https:\/\/www.filex.nl\/de\/wp-json\/wp\/v2\/product_cat?post=28054"},{"taxonomy":"product_tag","embeddable":true,"href":"https:\/\/www.filex.nl\/de\/wp-json\/wp\/v2\/product_tag?post=28054"}],"curies":[{"name":"wp","href":"https:\/\/api.w.org\/{rel}","templated":true}]}}